{"id":11771,"date":"2025-06-12T12:02:46","date_gmt":"2025-06-12T15:02:46","guid":{"rendered":"https:\/\/www.institutodavisao.org.br\/area-do-medico\/?page_id=11771"},"modified":"2025-06-12T12:02:46","modified_gmt":"2025-06-12T15:02:46","slug":"politica-de-cancelamento-e-reembolso-dacriolab-v","status":"publish","type":"page","link":"https:\/\/www.institutodavisao.org.br\/area-do-medico\/politica-de-cancelamento-e-reembolso-dacriolab-v\/","title":{"rendered":"Pol\u00edtica de Cancelamento e Reembolso \u2013 Dacriolab V"},"content":{"rendered":"\n<p>A fim de garantir o bom planejamento e organiza\u00e7\u00e3o do Dacriolab V&nbsp;estabelecemos a seguinte pol\u00edtica de cancelamento para inscri\u00e7\u00f5es no curso:<\/p>\n\n\n\n<p><strong>1. Cancelamento por iniciativa do participante:<\/strong><\/p>\n\n\n\n<ul class=\"wp-block-list\">\n<li>At\u00e9 30 dias antes do curso (24\/09\/2025):<br>Reembolso de 70% do valor pago, mediante solicita\u00e7\u00e3o formal enviada por e-mail para <a href=\"mailto:secretaria.ensino@institutodavisao.org.br\" target=\"_blank\" rel=\"noreferrer noopener\">secretaria.ensino@institutodavisao.org.br<\/a>. A taxa administrativa de 30% ser\u00e1 retida para cobrir custos operacionais.<\/li>\n\n\n\n<li>Entre 29 e 15 dias antes do curso (25\/09 a 09\/10\/2025):<br>Reembolso de 40% do valor pago.<\/li>\n\n\n\n<li>Menos de 15 dias antes do curso (a partir de 10\/10\/2025):<br>N\u00e3o haver\u00e1 reembolso.<\/li>\n<\/ul>\n\n\n\n<p><strong>2. N\u00e3o comparecimento (no-show)<\/strong>:<\/p>\n\n\n\n<ul class=\"wp-block-list\">\n<li>O n\u00e3o comparecimento ao curso, por qualquer motivo, n\u00e3o d\u00e1 direito a reembolso\u00a0ou cr\u00e9dito para futuras edi\u00e7\u00f5es.<\/li>\n<\/ul>\n\n\n\n<p><strong>3. Substitui\u00e7\u00e3o de participante:<\/strong><\/p>\n\n\n\n<ul class=\"wp-block-list\">\n<li>\u00c9 permitida a substitui\u00e7\u00e3o do participante por outra pessoa, desde que informada com at\u00e9 5 dias \u00fateis de anteced\u00eancia\u00a0(at\u00e9 17\/10\/2025), mediante envio dos dados do novo participante para o e-mail <a href=\"mailto:secretaria.ensino@institutodavis%C3%A3o.org.br\" target=\"_blank\" rel=\"noreferrer noopener\">secretaria.ensino@institutodavis\u00e3o.org.br<\/a>.<\/li>\n<\/ul>\n\n\n\n<p><strong>4. Cancelamento por parte da organiza\u00e7\u00e3o:<\/strong><\/p>\n\n\n\n<ul class=\"wp-block-list\">\n<li>Em caso de cancelamento do curso por decis\u00e3o da organiza\u00e7\u00e3o, todos os inscritos ser\u00e3o reembolsados integralmente.<\/li>\n<\/ul>\n\n\n\n<p><strong>5. O cr\u00e9dito do reembolso<\/strong>, se couber conforme regras anteriores, se dar\u00e1 ap\u00f3s o encerramento do curso.<\/p>\n","protected":false},"excerpt":{"rendered":"<p>A fim de garantir o bom planejamento e organiza\u00e7\u00e3o do Dacriolab V&nbsp;estabelecemos a seguinte pol\u00edtica de cancelamento para inscri\u00e7\u00f5es no curso: 1. Cancelamento por iniciativa do participante: 2. N\u00e3o comparecimento (no-show): 3. Substitui\u00e7\u00e3o de participante: 4. Cancelamento por parte da organiza\u00e7\u00e3o: 5. O cr\u00e9dito do reembolso, se couber conforme regras anteriores, se dar\u00e1 ap\u00f3s o [&hellip;]<\/p>\n","protected":false},"author":1,"featured_media":0,"parent":0,"menu_order":0,"comment_status":"closed","ping_status":"closed","template":"","meta":{"_acf_changed":false,"_joinchat":[],"footnotes":""},"class_list":["post-11771","page","type-page","status-publish","hentry"],"acf":[],"_links":{"self":[{"href":"https:\/\/www.institutodavisao.org.br\/area-do-medico\/wp-json\/wp\/v2\/pages\/11771","targetHints":{"allow":["GET"]}}],"collection":[{"href":"https:\/\/www.institutodavisao.org.br\/area-do-medico\/wp-json\/wp\/v2\/pages"}],"about":[{"href":"https:\/\/www.institutodavisao.org.br\/area-do-medico\/wp-json\/wp\/v2\/types\/page"}],"author":[{"embeddable":true,"href":"https:\/\/www.institutodavisao.org.br\/area-do-medico\/wp-json\/wp\/v2\/users\/1"}],"replies":[{"embeddable":true,"href":"https:\/\/www.institutodavisao.org.br\/area-do-medico\/wp-json\/wp\/v2\/comments?post=11771"}],"version-history":[{"count":1,"href":"https:\/\/www.institutodavisao.org.br\/area-do-medico\/wp-json\/wp\/v2\/pages\/11771\/revisions"}],"predecessor-version":[{"id":11772,"href":"https:\/\/www.institutodavisao.org.br\/area-do-medico\/wp-json\/wp\/v2\/pages\/11771\/revisions\/11772"}],"wp:attachment":[{"href":"https:\/\/www.institutodavisao.org.br\/area-do-medico\/wp-json\/wp\/v2\/media?parent=11771"}],"curies":[{"name":"wp","href":"https:\/\/api.w.org\/{rel}","templated":true}]}}