{"id":118,"date":"2020-06-18T12:53:47","date_gmt":"2020-06-18T15:53:47","guid":{"rendered":"https:\/\/www.institutodavisao.org.br\/site\/area-do-medico\/?page_id=118"},"modified":"2023-06-09T09:26:24","modified_gmt":"2023-06-09T12:26:24","slug":"projetos","status":"publish","type":"page","link":"https:\/\/www.institutodavisao.org.br\/area-do-medico\/projetos\/","title":{"rendered":"Projetos"},"content":{"rendered":"\n<p>Com objetivo de atender a voca\u00e7\u00e3o de oferecer assist\u00eancia oftalmol\u00f3gica de excel\u00eancia a toda popula\u00e7\u00e3o, incluindo a popula\u00e7\u00e3o assistida pelo Sistema \u00danico de Sa\u00fade &#8211; SUS, o Instituto Paulista de Estudos e Pesquisas em Oftalmologia \u2013 IPEPO gerencia as unidades de Itaquera e Cambuci em parceria com a Secretaria Municipal de Sa\u00fade de S\u00e3o Paulo e Secretaria de Estado da Sa\u00fade de S\u00e3o Paulo. Oferece tamb\u00e9m atendimentos m\u00f3veis atrav\u00e9s de unidades de Teleoftalmologia para avalia\u00e7\u00e3o de popula\u00e7\u00e3o diab\u00e9tica no Estado de S\u00e3o Paulo.<\/p>\n\n\n\n<p><strong>Conhe\u00e7a nossos projetos e participe conosco.<\/strong><\/p>\n\n\n\n<ul class=\"wp-block-list\">\n<li><a href=\"https:\/\/institutodavisao.org.br\/area-do-medico\/projetos\/projeto-amazonico\/\" data-type=\"URL\" data-id=\"https:\/\/institutodavisao.org.br\/area-do-medico\/projetos\/projeto-amazonico\/\">Projeto Amaz\u00f4nico<\/a><\/li>\n\n\n\n<li><a href=\"https:\/\/www.institutodavisao.org.br\/area-do-medico\/oftalmologia-humanitaria\/\" data-type=\"URL\" data-id=\"https:\/\/www.institutodavisao.org.br\/area-do-medico\/oftalmologia-humanitaria\/\" target=\"_blank\" rel=\"noreferrer noopener\">Projeto Oftalmologia Humanit\u00e1ria<\/a><\/li>\n\n\n\n<li><a href=\"https:\/\/www.flipsnack.com\/annajankov\/arquivo-rondonia-digital.html\" rel=\"noreferrer noopener\" target=\"_blank\">Projeto Rond\u00f4nia<\/a><\/li>\n\n\n\n<li><a href=\"https:\/\/institutodavisao.org.br\/area-do-medico\/projetos\/teleoftalmo\/\" data-type=\"URL\" data-id=\"https:\/\/institutodavisao.org.br\/area-do-medico\/projetos\/teleoftalmo\/\">Teleoftalmologia<\/a><\/li>\n<\/ul>\n\n\n\n<hr class=\"wp-block-separator has-css-opacity\"\/>\n\n\n\n<p><strong>Os Agendamentos de atendimento pelo SUS, s\u00e3o realizados exclusivamente pela central de regula\u00e7\u00e3o do Munic\u00edpio e do Estado de S\u00e3o Paulo.<\/strong><\/p>\n","protected":false},"excerpt":{"rendered":"<p>Com objetivo de atender a voca\u00e7\u00e3o de oferecer assist\u00eancia oftalmol\u00f3gica de excel\u00eancia a toda popula\u00e7\u00e3o, incluindo a popula\u00e7\u00e3o assistida pelo Sistema \u00danico de Sa\u00fade &#8211; SUS, o Instituto Paulista de Estudos e Pesquisas em Oftalmologia \u2013 IPEPO gerencia as unidades de Itaquera e Cambuci em parceria com a Secretaria Municipal de Sa\u00fade de S\u00e3o Paulo [&hellip;]<\/p>\n","protected":false},"author":1,"featured_media":0,"parent":0,"menu_order":0,"comment_status":"closed","ping_status":"closed","template":"","meta":{"_acf_changed":false,"_joinchat":[],"footnotes":""},"class_list":["post-118","page","type-page","status-publish","hentry"],"acf":[],"_links":{"self":[{"href":"https:\/\/www.institutodavisao.org.br\/area-do-medico\/wp-json\/wp\/v2\/pages\/118","targetHints":{"allow":["GET"]}}],"collection":[{"href":"https:\/\/www.institutodavisao.org.br\/area-do-medico\/wp-json\/wp\/v2\/pages"}],"about":[{"href":"https:\/\/www.institutodavisao.org.br\/area-do-medico\/wp-json\/wp\/v2\/types\/page"}],"author":[{"embeddable":true,"href":"https:\/\/www.institutodavisao.org.br\/area-do-medico\/wp-json\/wp\/v2\/users\/1"}],"replies":[{"embeddable":true,"href":"https:\/\/www.institutodavisao.org.br\/area-do-medico\/wp-json\/wp\/v2\/comments?post=118"}],"version-history":[{"count":3,"href":"https:\/\/www.institutodavisao.org.br\/area-do-medico\/wp-json\/wp\/v2\/pages\/118\/revisions"}],"predecessor-version":[{"id":10133,"href":"https:\/\/www.institutodavisao.org.br\/area-do-medico\/wp-json\/wp\/v2\/pages\/118\/revisions\/10133"}],"wp:attachment":[{"href":"https:\/\/www.institutodavisao.org.br\/area-do-medico\/wp-json\/wp\/v2\/media?parent=118"}],"curies":[{"name":"wp","href":"https:\/\/api.w.org\/{rel}","templated":true}]}}