{"id":11870,"date":"2025-09-15T09:44:38","date_gmt":"2025-09-15T12:44:38","guid":{"rendered":"https:\/\/www.institutodavisao.org.br\/area-do-medico\/?page_id=11870"},"modified":"2026-04-07T13:09:54","modified_gmt":"2026-04-07T16:09:54","slug":"convenio-no-07-sms-g-2025","status":"publish","type":"page","link":"https:\/\/www.institutodavisao.org.br\/area-do-medico\/convenio-no-07-sms-g-2025\/","title":{"rendered":"TERMO ADITIVO N\u00ba 001 2025 AO TERMO DE CONTRATO N\u00ba 7 2025 CACAC SERMAP SMS. G"},"content":{"rendered":"\n<h2 class=\"wp-block-heading\">Termo de conv\u00eanio, aditivos e plano de trabalho<\/h2>\n\n\n\n<p><strong>Aditivo<\/strong>:<\/p>\n\n\n\n<p class=\"botao\"><a href=\"https:\/\/www.institutodavisao.org.br\/area-do-medico\/wp-content\/uploads\/Termo-aditivo-no001-2025-ao-termo-de-contrato-no07-2025-CACAC-SERMAP-SMS.G.pdf\" data-type=\"link\" data-id=\"https:\/\/www.institutodavisao.org.br\/area-do-medico\/wp-content\/uploads\/Termo-aditivo-no018-2025-ao-Convenio-no005-SMS-G-2020-ASSINADO-.pdf\" target=\"_blank\" rel=\"noreferrer noopener\">VEJA MAIS<\/a><\/p>\n\n\n\n<p><strong>Plano de Utiliza\u00e7\u00e3o &#8211; CNES 7096712<\/strong>:<\/p>\n\n\n\n<p class=\"botao\"><a href=\"https:\/\/www.institutodavisao.org.br\/area-do-medico\/wp-content\/uploads\/Plano-de-Utilizacao-de-recurso-Vila-Carmosina-CNES-7096712-vs.26-02-25-Manifesto.pdf\" data-type=\"link\" data-id=\"https:\/\/www.institutodavisao.org.br\/area-do-medico\/wp-content\/uploads\/Plano-de-Utilizacao-de-recurso-Vila-Carmosina-CNES-7096712-vs.26-02-25-Manifesto.pdf\" target=\"_blank\" rel=\"noreferrer noopener\">VEJA MAIS<\/a><\/p>\n\n\n\n<p><strong>Plano de Utiliza\u00e7\u00e3o &#8211; CNES 7572468<\/strong>:<\/p>\n\n\n\n<p class=\"botao\"><a href=\"https:\/\/www.institutodavisao.org.br\/area-do-medico\/wp-content\/uploads\/Plano-de-Utilizacao-de-recurso-Vila-Clementino-CNES-7572468-vs.11-02-Manifesto.pdf\" data-type=\"link\" data-id=\"https:\/\/www.institutodavisao.org.br\/area-do-medico\/wp-content\/uploads\/Plano-de-Utilizacao-de-recurso-Vila-Clementino-CNES-7572468-vs.11-02-Manifesto.pdf\" target=\"_blank\" rel=\"noreferrer noopener\">VEJA MAIS<\/a><\/p>\n\n\n\n<h2 class=\"wp-block-heading\">Demonstrativo de Fornecedores e Prestadores de Servi\u00e7o<\/h2>\n\n\n\n<p><strong>Fevereiro 2026 &#8211; pt 1<\/strong>:<\/p>\n\n\n\n<p class=\"botao\"><a href=\"https:\/\/www.institutodavisao.org.br\/area-do-medico\/wp-content\/uploads\/Portaria-6464-2024-F1-Cnes-7572468-Fevereir0.pdf\" data-type=\"link\" data-id=\"https:\/\/www.institutodavisao.org.br\/area-do-medico\/wp-content\/uploads\/Portaria-6464-2024-F1-Cnes-7572468-Fevereir0.pdf\" target=\"_blank\" rel=\"noreferrer noopener\">VEJA MAIS<\/a><\/p>\n\n\n\n<p><strong>Fevereiro 2026 &#8211; pt 2<\/strong>:<\/p>\n\n\n\n<p class=\"botao\"><a href=\"https:\/\/www.institutodavisao.org.br\/area-do-medico\/wp-content\/uploads\/Portaria-6464-2024-F2-Cnes-7096712-Fevereiro.pdf\" data-type=\"link\" data-id=\"https:\/\/www.institutodavisao.org.br\/area-do-medico\/wp-content\/uploads\/Portaria-6464-2024-F2-Cnes-7096712-Fevereiro.pdf\" target=\"_blank\" rel=\"noreferrer noopener\">VEJA MAIS<\/a><\/p>\n\n\n\n<p><strong>Agosto 2025<\/strong>:<\/p>\n\n\n\n<p class=\"botao\"><a href=\"https:\/\/www.institutodavisao.org.br\/area-do-medico\/wp-content\/uploads\/Site-Agosto-2025.pdf\" data-type=\"link\" data-id=\"https:\/\/www.institutodavisao.org.br\/area-do-medico\/wp-content\/uploads\/Site-Agosto-2025.pdf\" target=\"_blank\" rel=\"noreferrer noopener\">VEJA MAIS<\/a><\/p>\n\n\n\n<p><strong>Setembro 2025<\/strong>:<\/p>\n\n\n\n<p class=\"botao\"><a href=\"https:\/\/www.institutodavisao.org.br\/area-do-medico\/wp-content\/uploads\/Site-Setembro-2025.pdf\" data-type=\"link\" data-id=\"https:\/\/www.institutodavisao.org.br\/area-do-medico\/wp-content\/uploads\/Site-Setembro-2025.pdf\" target=\"_blank\" rel=\"noreferrer noopener\">VEJA MAIS<\/a><\/p>\n\n\n\n<p><strong>Outubro 2025<\/strong>:<\/p>\n\n\n\n<p class=\"botao\"><a href=\"https:\/\/www.institutodavisao.org.br\/area-do-medico\/wp-content\/uploads\/Site-outubro-2025.pdf\" data-type=\"link\" data-id=\"https:\/\/www.institutodavisao.org.br\/area-do-medico\/wp-content\/uploads\/Site-outubro-2025.pdf\" target=\"_blank\" rel=\"noreferrer noopener\">VEJA MAIS<\/a><\/p>\n","protected":false},"excerpt":{"rendered":"<p>Termo de conv\u00eanio, aditivos e plano de trabalho Aditivo: VEJA MAIS Plano de Utiliza\u00e7\u00e3o &#8211; CNES 7096712: VEJA MAIS Plano de Utiliza\u00e7\u00e3o &#8211; CNES 7572468: VEJA MAIS Demonstrativo de Fornecedores e Prestadores de Servi\u00e7o Fevereiro 2026 &#8211; pt 1: VEJA MAIS Fevereiro 2026 &#8211; pt 2: VEJA MAIS Agosto 2025: VEJA MAIS Setembro 2025: VEJA [&hellip;]<\/p>\n","protected":false},"author":1,"featured_media":0,"parent":0,"menu_order":0,"comment_status":"closed","ping_status":"closed","template":"","meta":{"_acf_changed":false,"_joinchat":[],"footnotes":""},"class_list":["post-11870","page","type-page","status-publish","hentry"],"acf":[],"_links":{"self":[{"href":"https:\/\/www.institutodavisao.org.br\/area-do-medico\/wp-json\/wp\/v2\/pages\/11870","targetHints":{"allow":["GET"]}}],"collection":[{"href":"https:\/\/www.institutodavisao.org.br\/area-do-medico\/wp-json\/wp\/v2\/pages"}],"about":[{"href":"https:\/\/www.institutodavisao.org.br\/area-do-medico\/wp-json\/wp\/v2\/types\/page"}],"author":[{"embeddable":true,"href":"https:\/\/www.institutodavisao.org.br\/area-do-medico\/wp-json\/wp\/v2\/users\/1"}],"replies":[{"embeddable":true,"href":"https:\/\/www.institutodavisao.org.br\/area-do-medico\/wp-json\/wp\/v2\/comments?post=11870"}],"version-history":[{"count":8,"href":"https:\/\/www.institutodavisao.org.br\/area-do-medico\/wp-json\/wp\/v2\/pages\/11870\/revisions"}],"predecessor-version":[{"id":12377,"href":"https:\/\/www.institutodavisao.org.br\/area-do-medico\/wp-json\/wp\/v2\/pages\/11870\/revisions\/12377"}],"wp:attachment":[{"href":"https:\/\/www.institutodavisao.org.br\/area-do-medico\/wp-json\/wp\/v2\/media?parent=11870"}],"curies":[{"name":"wp","href":"https:\/\/api.w.org\/{rel}","templated":true}]}}