{"id":11924,"date":"2025-09-29T10:10:08","date_gmt":"2025-09-29T13:10:08","guid":{"rendered":"https:\/\/www.institutodavisao.org.br\/area-do-medico\/?page_id=11924"},"modified":"2025-12-16T10:28:09","modified_gmt":"2025-12-16T13:28:09","slug":"fellowship-catarata-2026","status":"publish","type":"page","link":"https:\/\/www.institutodavisao.org.br\/area-do-medico\/ensino\/fellows\/fellowship-catarata-2026\/","title":{"rendered":"Fellowship Catarata \u2013 2026"},"content":{"rendered":"\n<h3 class=\"wp-block-heading\">Aprovados:<\/h3>\n\n\n\n<ul class=\"wp-block-list\">\n<li>Fabio Mitsuru Tatebe<\/li>\n\n\n\n<li>Jo\u00e3o Victor Cornachini<\/li>\n<\/ul>\n\n\n\n<h3 class=\"wp-block-heading\">Suplentes:<\/h3>\n\n\n\n<ul class=\"wp-block-list\">\n<li>Bernardo Jos\u00e9 Salom\u00e3o e Ribeiro<\/li>\n\n\n\n<li>Jordana Gasparelo Santi<\/li>\n\n\n\n<li>Syenne Pimentel Fayal<\/li>\n\n\n\n<li>Isabela Belmon Barretto Campos<\/li>\n\n\n\n<li>Matheus Portela Molinari<\/li>\n\n\n\n<li>Lucas Moreira Pires Martins<\/li>\n\n\n\n<li>Vin\u00edcius Soares Ignachiti<\/li>\n\n\n\n<li>Gabriella Pach\u00fa de Oliveira Zampieri<\/li>\n\n\n\n<li>Diogo Lacerda Cabreira<\/li>\n<\/ul>\n\n\n\n<h3 class=\"wp-block-heading\">Entrevista e an\u00e1lise curricular<\/h3>\n\n\n\n<p><strong>Data:<\/strong> 13\/12\/2025<br><strong>Hor\u00e1rio:<\/strong> 08h00<br><strong>Local: <\/strong>CIPO<br>Endere\u00e7o Rua Botucatu, 801 &#8211; Vila Clementino &#8211; S\u00e3o Paulo\/SP<\/p>\n\n\n\n<figure class=\"wp-block-image size-full\"><img loading=\"lazy\" decoding=\"async\" width=\"1024\" height=\"256\" src=\"https:\/\/www.institutodavisao.org.br\/area-do-medico\/wp-content\/uploads\/catarata.png\" alt=\"\" class=\"wp-image-12067\" srcset=\"https:\/\/www.institutodavisao.org.br\/area-do-medico\/wp-content\/uploads\/catarata.png 1024w, https:\/\/www.institutodavisao.org.br\/area-do-medico\/wp-content\/uploads\/catarata-300x75.png 300w, https:\/\/www.institutodavisao.org.br\/area-do-medico\/wp-content\/uploads\/catarata-150x38.png 150w, https:\/\/www.institutodavisao.org.br\/area-do-medico\/wp-content\/uploads\/catarata-768x192.png 768w\" sizes=\"auto, (max-width: 1024px) 100vw, 1024px\" \/><\/figure>\n\n\n\n<h2 class=\"wp-block-heading\">Vagas<\/h2>\n\n\n\n<p>O curso disp\u00f5e de&nbsp;<strong>02 vagas dispon\u00edveis<\/strong> para novos participantes. Essa oportunidade \u00e9 destinada a interessados que desejam ingressar nesta turma e aproveitar o conte\u00fado oferecido.<\/p>\n\n\n\n<h2 class=\"wp-block-heading\">Etapas do Processo Seletivo<\/h2>\n\n\n\n<h3 class=\"wp-block-heading\">01. Primeira Etapa<\/h3>\n\n\n\n<p>Prova te\u00f3rica de m\u00faltipla escolha em Oftalmologia Geral, composta de 50 quest\u00f5es com 04 alternativas.<\/p>\n\n\n\n<ul class=\"wp-block-list\">\n<li>Data: 11\/12\/2025 (quinta-feira), \u00e0s 08h00.<\/li>\n\n\n\n<li>Dura\u00e7\u00e3o: 02h00<\/li>\n\n\n\n<li>Local: Audit\u00f3rio do Instituto da Vis\u00e3o \u2013 Rua Botucatu, 801 \u2013 Vila Clementino \u2013 S\u00e3o Paulo\/SP.<\/li>\n\n\n\n<li>Crit\u00e9rio de aprova\u00e7\u00e3o: Ser\u00e3o convocados para a segunda etapa os candidatos que obtiverem nota<br>\u2265 6,0 na prova .<\/li>\n<\/ul>\n\n\n\n<h3 class=\"wp-block-heading\">02. Segunda Etapa \u2013 13\/12\/2025<\/h3>\n\n\n\n<ol class=\"wp-block-list\">\n<li>Entrevista e an\u00e1lise curricular \u2013 hor\u00e1rio 08h00.<\/li>\n<\/ol>\n","protected":false},"excerpt":{"rendered":"<p>Aprovados: Suplentes: Entrevista e an\u00e1lise curricular Data: 13\/12\/2025Hor\u00e1rio: 08h00Local: CIPOEndere\u00e7o Rua Botucatu, 801 &#8211; Vila Clementino &#8211; S\u00e3o Paulo\/SP Vagas O curso disp\u00f5e de&nbsp;02 vagas dispon\u00edveis para novos participantes. Essa oportunidade \u00e9 destinada a interessados que desejam ingressar nesta turma e aproveitar o conte\u00fado oferecido. Etapas do Processo Seletivo 01. Primeira Etapa Prova te\u00f3rica de [&hellip;]<\/p>\n","protected":false},"author":1,"featured_media":0,"parent":6787,"menu_order":0,"comment_status":"closed","ping_status":"closed","template":"","meta":{"_acf_changed":false,"_joinchat":[],"footnotes":""},"class_list":["post-11924","page","type-page","status-publish","hentry"],"acf":[],"_links":{"self":[{"href":"https:\/\/www.institutodavisao.org.br\/area-do-medico\/wp-json\/wp\/v2\/pages\/11924","targetHints":{"allow":["GET"]}}],"collection":[{"href":"https:\/\/www.institutodavisao.org.br\/area-do-medico\/wp-json\/wp\/v2\/pages"}],"about":[{"href":"https:\/\/www.institutodavisao.org.br\/area-do-medico\/wp-json\/wp\/v2\/types\/page"}],"author":[{"embeddable":true,"href":"https:\/\/www.institutodavisao.org.br\/area-do-medico\/wp-json\/wp\/v2\/users\/1"}],"replies":[{"embeddable":true,"href":"https:\/\/www.institutodavisao.org.br\/area-do-medico\/wp-json\/wp\/v2\/comments?post=11924"}],"version-history":[{"count":12,"href":"https:\/\/www.institutodavisao.org.br\/area-do-medico\/wp-json\/wp\/v2\/pages\/11924\/revisions"}],"predecessor-version":[{"id":12213,"href":"https:\/\/www.institutodavisao.org.br\/area-do-medico\/wp-json\/wp\/v2\/pages\/11924\/revisions\/12213"}],"up":[{"embeddable":true,"href":"https:\/\/www.institutodavisao.org.br\/area-do-medico\/wp-json\/wp\/v2\/pages\/6787"}],"wp:attachment":[{"href":"https:\/\/www.institutodavisao.org.br\/area-do-medico\/wp-json\/wp\/v2\/media?parent=11924"}],"curies":[{"name":"wp","href":"https:\/\/api.w.org\/{rel}","templated":true}]}}