{"id":11926,"date":"2025-09-29T10:12:15","date_gmt":"2025-09-29T13:12:15","guid":{"rendered":"https:\/\/www.institutodavisao.org.br\/area-do-medico\/?page_id=11926"},"modified":"2025-12-16T10:30:06","modified_gmt":"2025-12-16T13:30:06","slug":"fellowship-retina-e-vitreo-2026","status":"publish","type":"page","link":"https:\/\/www.institutodavisao.org.br\/area-do-medico\/ensino\/fellows\/fellowship-retina-e-vitreo-2026\/","title":{"rendered":"Fellowship Retina e V\u00edtreo \u2013 2026"},"content":{"rendered":"\n<h3 class=\"wp-block-heading\">Aprovados:<\/h3>\n\n\n\n<ul class=\"wp-block-list\">\n<li>Felipe Domingos Ferreira Garcia<\/li>\n\n\n\n<li>Ana Clara Viana de Sousa<\/li>\n<\/ul>\n\n\n\n<h3 class=\"wp-block-heading\">Suplentes:<\/h3>\n\n\n\n<ul class=\"wp-block-list\">\n<li>Diego Pessoa Juc\u00e1 Machado<\/li>\n\n\n\n<li>Nicolas Pedrosa Oleinik<\/li>\n\n\n\n<li>Regina Santos de Carvalho<\/li>\n\n\n\n<li>Vin\u00edcius Soares Ignachiti<\/li>\n\n\n\n<li>Isabella Passarelli Giabardo Marques<\/li>\n\n\n\n<li>Roberta Tovo Borghetto Abud<\/li>\n\n\n\n<li>Jo\u00e3o Paulo Gallo de Marchi<\/li>\n<\/ul>\n\n\n\n<figure class=\"wp-block-image size-full mt-4\"><img loading=\"lazy\" decoding=\"async\" width=\"1024\" height=\"256\" src=\"https:\/\/www.institutodavisao.org.br\/area-do-medico\/wp-content\/uploads\/retina.png\" alt=\"\" class=\"wp-image-12069\" srcset=\"https:\/\/www.institutodavisao.org.br\/area-do-medico\/wp-content\/uploads\/retina.png 1024w, https:\/\/www.institutodavisao.org.br\/area-do-medico\/wp-content\/uploads\/retina-300x75.png 300w, https:\/\/www.institutodavisao.org.br\/area-do-medico\/wp-content\/uploads\/retina-150x38.png 150w, https:\/\/www.institutodavisao.org.br\/area-do-medico\/wp-content\/uploads\/retina-768x192.png 768w\" sizes=\"auto, (max-width: 1024px) 100vw, 1024px\" \/><\/figure>\n\n\n\n<h2 class=\"wp-block-heading\">Vagas<\/h2>\n\n\n\n<p>O curso disp\u00f5e de&nbsp;<strong>02 vagas dispon\u00edveis<\/strong> para novos participantes. Essa oportunidade \u00e9 destinada a interessados que desejam ingressar nesta turma e aproveitar o conte\u00fado oferecido.<\/p>\n\n\n\n<h2 class=\"wp-block-heading\">Etapas do Processo Seletivo<\/h2>\n\n\n\n<h3 class=\"wp-block-heading\">01. Primeira Etapa<\/h3>\n\n\n\n<p>Prova te\u00f3rica de m\u00faltipla escolha em Oftalmologia Geral, composta de 50 quest\u00f5es com 04 alternativas.<\/p>\n\n\n\n<ul class=\"wp-block-list\">\n<li>Data: 11\/12\/2025 (quinta-feira), \u00e0s 08h00.<\/li>\n\n\n\n<li>Dura\u00e7\u00e3o: 02h00<\/li>\n\n\n\n<li>Local: Audit\u00f3rio do Instituto da Vis\u00e3o \u2013 Rua Botucatu, 801 \u2013 Vila Clementino \u2013 S\u00e3o Paulo\/SP.<\/li>\n\n\n\n<li>Crit\u00e9rio de aprova\u00e7\u00e3o: Ser\u00e3o convocados para a segunda etapa os candidatos que obtiverem nota<br>\u2265 6,0 na prova .<\/li>\n<\/ul>\n\n\n\n<h3 class=\"wp-block-heading\">02. Segunda Etapa \u2013 11\/12\/2025<\/h3>\n\n\n\n<ol class=\"wp-block-list\">\n<li>Prova te\u00f3rico-pr\u00e1tica (avalia\u00e7\u00e3o de imagens) \u2013 10h00. Dura\u00e7\u00e3o 01h00.<\/li>\n\n\n\n<li>Entrevista, carta de inten\u00e7\u00e3o e an\u00e1lise curricular \u2013 11h00.<\/li>\n\n\n\n<li>Prova de aptid\u00e3o pr\u00e1tica em simulador cir\u00fargico \u2013 13h00.<\/li>\n<\/ol>\n","protected":false},"excerpt":{"rendered":"<p>Aprovados: Suplentes: Vagas O curso disp\u00f5e de&nbsp;02 vagas dispon\u00edveis para novos participantes. Essa oportunidade \u00e9 destinada a interessados que desejam ingressar nesta turma e aproveitar o conte\u00fado oferecido. Etapas do Processo Seletivo 01. Primeira Etapa Prova te\u00f3rica de m\u00faltipla escolha em Oftalmologia Geral, composta de 50 quest\u00f5es com 04 alternativas. 02. Segunda Etapa \u2013 11\/12\/2025<\/p>\n","protected":false},"author":1,"featured_media":0,"parent":6787,"menu_order":0,"comment_status":"closed","ping_status":"closed","template":"","meta":{"_acf_changed":false,"_joinchat":[],"footnotes":""},"class_list":["post-11926","page","type-page","status-publish","hentry"],"acf":[],"_links":{"self":[{"href":"https:\/\/www.institutodavisao.org.br\/area-do-medico\/wp-json\/wp\/v2\/pages\/11926","targetHints":{"allow":["GET"]}}],"collection":[{"href":"https:\/\/www.institutodavisao.org.br\/area-do-medico\/wp-json\/wp\/v2\/pages"}],"about":[{"href":"https:\/\/www.institutodavisao.org.br\/area-do-medico\/wp-json\/wp\/v2\/types\/page"}],"author":[{"embeddable":true,"href":"https:\/\/www.institutodavisao.org.br\/area-do-medico\/wp-json\/wp\/v2\/users\/1"}],"replies":[{"embeddable":true,"href":"https:\/\/www.institutodavisao.org.br\/area-do-medico\/wp-json\/wp\/v2\/comments?post=11926"}],"version-history":[{"count":14,"href":"https:\/\/www.institutodavisao.org.br\/area-do-medico\/wp-json\/wp\/v2\/pages\/11926\/revisions"}],"predecessor-version":[{"id":12215,"href":"https:\/\/www.institutodavisao.org.br\/area-do-medico\/wp-json\/wp\/v2\/pages\/11926\/revisions\/12215"}],"up":[{"embeddable":true,"href":"https:\/\/www.institutodavisao.org.br\/area-do-medico\/wp-json\/wp\/v2\/pages\/6787"}],"wp:attachment":[{"href":"https:\/\/www.institutodavisao.org.br\/area-do-medico\/wp-json\/wp\/v2\/media?parent=11926"}],"curies":[{"name":"wp","href":"https:\/\/api.w.org\/{rel}","templated":true}]}}