{"id":12017,"date":"2025-10-21T11:21:13","date_gmt":"2025-10-21T14:21:13","guid":{"rendered":"https:\/\/www.institutodavisao.org.br\/area-do-medico\/?page_id=12017"},"modified":"2025-12-10T09:38:48","modified_gmt":"2025-12-10T12:38:48","slug":"edital-fellowship-2026","status":"publish","type":"page","link":"https:\/\/www.institutodavisao.org.br\/area-do-medico\/edital-fellowship-2026\/","title":{"rendered":"Edital Fellowship 2026"},"content":{"rendered":"\n<h2 class=\"wp-block-heading\">Requisitos b\u00e1sicos do candidato<\/h2>\n\n\n\n<p><strong>Para todos os programas, o candidato deve:<\/strong><\/p>\n\n\n\n<ul class=\"wp-block-list\">\n<li>Ser m\u00e9dico oftalmologista com diploma reconhecido pelo MEC e\/ou CBO;<\/li>\n\n\n\n<li>Possuir registro efetivo ou provis\u00f3rio (m\u00e1x. 3 meses) no CREMESP;<\/li>\n\n\n\n<li>Possuir ou apresentar, nos tr\u00eas primeiros meses, o T\u00edtulo de Especialista em Oftalmologia pelo CBO\/AMB e\/ou CNRM\/MEC;<\/li>\n\n\n\n<li>Cumprir requisitos adicionais descritos nos anexos do programa de interesse, conforme especificado em cada fellowship.<\/li>\n<\/ul>\n\n\n\n<hr class=\"wp-block-separator has-alpha-channel-opacity\"\/>\n\n\n\n<h2 class=\"wp-block-heading\">Edital<\/h2>\n\n\n\n<p>O Instituto da Vis\u00e3o \u2013 IPEPO torna p\u00fablico o presente edital unificado para sele\u00e7\u00e3o de candidatos aos Programas de Fellowship em Catarata, Retina e V\u00edtreo, Pesquisa Cl\u00ednica em Retina e V\u00edtreo e Glaucoma Intervencionista, para in\u00edcio em 2026. A sele\u00e7\u00e3o ter\u00e1 primeira etapa \u00fanica para todos os programas \u2013 prova te\u00f3rica de m\u00faltipla escolha em Oftalmologia Geral \u2013 seguida de etapas espec\u00edficas por programa.<\/p>\n\n\n\n<a href=\"https:\/\/www.institutodavisao.org.br\/area-do-medico\/wp-content\/uploads\/EDITAL-PROGRAMAS-DE-FELLOWSHIP-2026-V2.pdf\" target=\"_blank\" rel=\"noopener\" class=\"btnPad\">Edital completo em PDF para consulta<\/a>\n\n\n\n<hr class=\"wp-block-separator has-alpha-channel-opacity\"\/>\n\n\n\n<h2 class=\"wp-block-heading has-text-align-left\">Informa\u00e7\u00f5es de inscri\u00e7\u00e3o<\/h2>\n\n\n\n<h3 class=\"wp-block-heading has-text-align-left\">Per\u00edodo de inscri\u00e7\u00e3o: <\/h3>\n\n\n\n<p class=\"has-text-align-left\">01\/11\/2025 a 09\/12\/2025<\/p>\n\n\n\n<h3 class=\"wp-block-heading\">Documentos exigidos:<\/h3>\n\n\n\n<ul class=\"wp-block-list\">\n<li>CPF;<\/li>\n\n\n\n<li>CRM;<\/li>\n\n\n\n<li>T\u00edtulo de especialista;<\/li>\n\n\n\n<li>Curr\u00edculo Lattes;<\/li>\n\n\n\n<li>Comprovante de pagamento.<\/li>\n<\/ul>\n\n\n\n<h3 class=\"wp-block-heading\">Taxa de inscri\u00e7\u00e3o:<\/h3>\n\n\n\n<p><strong>R$ 700,00<\/strong> por programa de Fellowship<\/p>\n\n\n\n<h3 class=\"wp-block-heading\">Dados de pagamento:<\/h3>\n\n\n\n<p>Banco Santander (033)<br>Ag\u00eancia 0212&nbsp;<br>Conta Corrente 13005409-3<br>Chave PIX \u2013 CNPJ: <strong>67.187.070\/0001-71<\/strong><\/p>\n\n\n\n<iframe\n      id=\"JotFormIFrame-253064717551659\"\n      title=\"Programas de Fellowship 2026\"\n      onload=\"window.parent.scrollTo(0,0)\"\n      allowtransparency=\"true\"\n      allow=\"geolocation; microphone; camera; fullscreen; payment\"\n      src=\"https:\/\/form.jotform.com\/253064717551659\"\n      frameborder=\"0\"\n      style=\"min-width:100%;max-width:100%;height:539px;border:none;\"\n      scrolling=\"no\"\n    >\n    <\/iframe>\n    <script src='https:\/\/cdn.jotfor.ms\/s\/umd\/latest\/for-form-embed-handler.js'><\/script>\n    <script>window.jotformEmbedHandler(\"iframe[id='JotFormIFrame-253064717551659']\", \"https:\/\/form.jotform.com\/\")\n\nconst d = new Date();\n\nconst year = d.getFullYear();\nconst month = d.getMonth();\nconst dayOfMonth = d.getDate();\nconst hours = d.getHours();\nconst minutes = d.getMinutes();\nconst seconds = d.getSeconds();\n\nconst current = year+'-'+month+'-'+dayOfMonth+' '+hours+':'+minutes+':'+seconds;\n\nconsole.log(current)\n\nif(current >= '2025-11-09 23:59:00'){\n   document.querySelector('#JotFormIFrame-253064717551659').remove();\n}\n\n<\/script>\n\n\n\n<h3 class=\"wp-block-heading\"><strong>Informa\u00e7\u00f5es<\/strong><strong><\/strong><\/h3>\n\n\n\n<p>Secretaria de Ensino<br>E-mail:&nbsp;<a href=\"mailto:secretaria.ensino@institutodavisao.org.br\" target=\"_blank\" rel=\"noreferrer noopener\">secretaria.ensino@institutodavisao.org.br<\/a><br>WhatsApp&nbsp;<a href=\"https:\/\/wa.me\/+551130164099\" target=\"_blank\" rel=\"noreferrer noopener\">3016-4099<\/a>&nbsp;&nbsp;&nbsp;&nbsp;<\/p>\n","protected":false},"excerpt":{"rendered":"<p>Requisitos b\u00e1sicos do candidato Para todos os programas, o candidato deve: Edital O Instituto da Vis\u00e3o \u2013 IPEPO torna p\u00fablico o presente edital unificado para sele\u00e7\u00e3o de candidatos aos Programas de Fellowship em Catarata, Retina e V\u00edtreo, Pesquisa Cl\u00ednica em Retina e V\u00edtreo e Glaucoma Intervencionista, para in\u00edcio em 2026. A sele\u00e7\u00e3o ter\u00e1 primeira etapa [&hellip;]<\/p>\n","protected":false},"author":1,"featured_media":0,"parent":0,"menu_order":0,"comment_status":"closed","ping_status":"closed","template":"templates\/edital-fellowships-2026.php","meta":{"_acf_changed":false,"_joinchat":[],"footnotes":""},"class_list":["post-12017","page","type-page","status-publish","hentry"],"acf":[],"_links":{"self":[{"href":"https:\/\/www.institutodavisao.org.br\/area-do-medico\/wp-json\/wp\/v2\/pages\/12017","targetHints":{"allow":["GET"]}}],"collection":[{"href":"https:\/\/www.institutodavisao.org.br\/area-do-medico\/wp-json\/wp\/v2\/pages"}],"about":[{"href":"https:\/\/www.institutodavisao.org.br\/area-do-medico\/wp-json\/wp\/v2\/types\/page"}],"author":[{"embeddable":true,"href":"https:\/\/www.institutodavisao.org.br\/area-do-medico\/wp-json\/wp\/v2\/users\/1"}],"replies":[{"embeddable":true,"href":"https:\/\/www.institutodavisao.org.br\/area-do-medico\/wp-json\/wp\/v2\/comments?post=12017"}],"version-history":[{"count":31,"href":"https:\/\/www.institutodavisao.org.br\/area-do-medico\/wp-json\/wp\/v2\/pages\/12017\/revisions"}],"predecessor-version":[{"id":12186,"href":"https:\/\/www.institutodavisao.org.br\/area-do-medico\/wp-json\/wp\/v2\/pages\/12017\/revisions\/12186"}],"wp:attachment":[{"href":"https:\/\/www.institutodavisao.org.br\/area-do-medico\/wp-json\/wp\/v2\/media?parent=12017"}],"curies":[{"name":"wp","href":"https:\/\/api.w.org\/{rel}","templated":true}]}}