{"id":12093,"date":"2025-10-29T10:06:54","date_gmt":"2025-10-29T13:06:54","guid":{"rendered":"https:\/\/www.institutodavisao.org.br\/area-do-medico\/?page_id=12093"},"modified":"2026-01-28T16:48:27","modified_gmt":"2026-01-28T19:48:27","slug":"curso-patologia-ocular","status":"publish","type":"page","link":"https:\/\/www.institutodavisao.org.br\/area-do-medico\/curso-patologia-ocular\/","title":{"rendered":"Anatomia Patol\u00f3gica Ocular e Correla\u00e7\u00e3o Cl\u00ednica e Cir\u00fargica"},"content":{"rendered":"\n<p class=\"alert alert-warning\">\u26a0\ufe0f A frequ\u00eancia ser\u00e1 controlada pelo pr\u00f3prio sistema, e certificados ser\u00e3o emitidos para participantes com frequ\u00eancia superior a 75%.<\/p>\n\n\n\n<h3 class=\"wp-block-heading\">Organiza\u00e7\u00e3o<\/h3>\n\n\n\n<div class=\"wp-block-columns align-items-center is-layout-flex wp-container-core-columns-is-layout-9d6595d7 wp-block-columns-is-layout-flex\">\n<div class=\"wp-block-column is-layout-flow wp-block-column-is-layout-flow\" style=\"flex-basis:22%\">\n<figure class=\"wp-block-image size-large w-100\"><img decoding=\"async\" src=\"https:\/\/www.institutodavisao.org.br\/area-do-medico\/wp-content\/themes\/Ipepo-Area-do-medico\/assets\/images\/brand-ipepo.png\" alt=\"\" style=\"object-fit:cover\"\/><\/figure>\n<\/div>\n\n\n\n<div class=\"wp-block-column is-layout-flow wp-block-column-is-layout-flow\" style=\"flex-basis:22%\">\n<figure class=\"wp-block-image size-full is-resized w-100\"><img loading=\"lazy\" decoding=\"async\" width=\"720\" height=\"216\" src=\"https:\/\/www.institutodavisao.org.br\/area-do-medico\/wp-content\/uploads\/cropped-biopsy-5-e1461705815375.png\" alt=\"\" class=\"wp-image-12103\" style=\"width:180px\" srcset=\"https:\/\/www.institutodavisao.org.br\/area-do-medico\/wp-content\/uploads\/cropped-biopsy-5-e1461705815375.png 720w, https:\/\/www.institutodavisao.org.br\/area-do-medico\/wp-content\/uploads\/cropped-biopsy-5-e1461705815375-300x90.png 300w, https:\/\/www.institutodavisao.org.br\/area-do-medico\/wp-content\/uploads\/cropped-biopsy-5-e1461705815375-150x45.png 150w\" sizes=\"auto, (max-width: 720px) 100vw, 720px\" \/><\/figure>\n<\/div>\n<\/div>\n","protected":false},"excerpt":{"rendered":"<p>\u26a0\ufe0f A frequ\u00eancia ser\u00e1 controlada pelo pr\u00f3prio sistema, e certificados ser\u00e3o emitidos para participantes com frequ\u00eancia superior a 75%. Organiza\u00e7\u00e3o<\/p>\n","protected":false},"author":1,"featured_media":0,"parent":0,"menu_order":0,"comment_status":"closed","ping_status":"closed","template":"templates\/curso-patologia-ocular.php","meta":{"_acf_changed":false,"_joinchat":[],"footnotes":""},"class_list":["post-12093","page","type-page","status-publish","hentry"],"acf":[],"_links":{"self":[{"href":"https:\/\/www.institutodavisao.org.br\/area-do-medico\/wp-json\/wp\/v2\/pages\/12093","targetHints":{"allow":["GET"]}}],"collection":[{"href":"https:\/\/www.institutodavisao.org.br\/area-do-medico\/wp-json\/wp\/v2\/pages"}],"about":[{"href":"https:\/\/www.institutodavisao.org.br\/area-do-medico\/wp-json\/wp\/v2\/types\/page"}],"author":[{"embeddable":true,"href":"https:\/\/www.institutodavisao.org.br\/area-do-medico\/wp-json\/wp\/v2\/users\/1"}],"replies":[{"embeddable":true,"href":"https:\/\/www.institutodavisao.org.br\/area-do-medico\/wp-json\/wp\/v2\/comments?post=12093"}],"version-history":[{"count":17,"href":"https:\/\/www.institutodavisao.org.br\/area-do-medico\/wp-json\/wp\/v2\/pages\/12093\/revisions"}],"predecessor-version":[{"id":12314,"href":"https:\/\/www.institutodavisao.org.br\/area-do-medico\/wp-json\/wp\/v2\/pages\/12093\/revisions\/12314"}],"wp:attachment":[{"href":"https:\/\/www.institutodavisao.org.br\/area-do-medico\/wp-json\/wp\/v2\/media?parent=12093"}],"curies":[{"name":"wp","href":"https:\/\/api.w.org\/{rel}","templated":true}]}}