{"id":121,"date":"2020-06-18T13:03:49","date_gmt":"2020-06-18T16:03:49","guid":{"rendered":"https:\/\/www.institutodavisao.org.br\/site\/area-do-medico\/?page_id=121"},"modified":"2020-06-18T13:32:30","modified_gmt":"2020-06-18T16:32:30","slug":"teleoftalmologia","status":"publish","type":"page","link":"https:\/\/www.institutodavisao.org.br\/area-do-medico\/projetos\/teleoftalmologia\/","title":{"rendered":"Teleoftalmologia"},"content":{"rendered":"\n<p>Atendimento oftalmol\u00f3gico integrado e resolutivo multimodal, ou simplesmente Programa de Tele-Oftalmologia \u00e9 o resultado da parceria do Instituto da Vis\u00e3o e Secretaria de Sa\u00fade do Estado de S\u00e3o Paulo, iniciado em 2015.Neste projeto o foco s\u00e3o os portadores de diabetes, hipertens\u00e3o ou usu\u00e1rios de antimal\u00e1ricos, tendo como objetivo integrar \u00e1reas desassistidas de sa\u00fade ocular aos nossos centros de tratamento, com o m\u00ednimo de deslocamentos desnecess\u00e1rios.<\/p>\n\n\n\n<p>Nossas unidades itinerantes, em parceria com as Secretarias Municipais de Sa\u00fade, permanecem em locais escolhidos pela Secretaria Estadual de Sa\u00fade, at\u00e9 suprir as necessidade do local, retornando em calend\u00e1rio pr\u00e9 estabelecido. Chegamos mais longe e mais pr\u00f3ximo a nossa popula\u00e7\u00e3o carente.<\/p>\n\n\n\n<p>Com a avalia\u00e7\u00e3o atrav\u00e9s de telediagn\u00f3stico, apenas aqueles que necessitem de tratamento oftalmol\u00f3gico s\u00e3o convocados para uma avalia\u00e7\u00e3o presencial em nossas unidades, gerando uma das maiores revolu\u00e7\u00f5es na assist\u00eancia \u00e0 sa\u00fade ocular.<\/p>\n\n\n\n<p>Todos os procedimentos realizados com aparelhos de alta tecnologia e em tempo adequado para obter os melhores resultados.<\/p>\n\n\n\n<p>Somente no \u00faltimo ano de 2017 atendemos 11.672 usu\u00e1rios do SUS, encaminhados pelas Unidades B\u00e1sicas de Sa\u00fade, necessitaram de 15.325 procedimentos, incluindo 492 cirurgia de catarata, 721 cirurgia de fotocoagula\u00e7\u00e3o a laser e 41 cirurgia de Vitrectomia. Tratados no Instituto da Vis\u00e3o e contra referidos as suas unidades de origem, enfim integrados ao sistema p\u00fablico de sa\u00fade. O mais importante 78% destas pessoas realizaram seu exame sem sair de sua comunidade.<\/p>\n\n\n\n<hr class=\"wp-block-separator\"\/>\n\n\n\n<figure class=\"wp-block-gallery columns-3 is-cropped wp-block-gallery-1 is-layout-flex wp-block-gallery-is-layout-flex\"><ul class=\"blocks-gallery-grid\"><li class=\"blocks-gallery-item\"><figure><img loading=\"lazy\" decoding=\"async\" width=\"632\" height=\"245\" src=\"https:\/\/institutodavisao2.websiteseguro.com\/area-do-medico\/wp-content\/uploads\/Visuscout-com-imagem.jpg\" alt=\"\" data-id=\"162\" data-full-url=\"https:\/\/institutodavisao2.websiteseguro.com\/area-do-medico\/wp-content\/uploads\/Visuscout-com-imagem.jpg\" data-link=\"https:\/\/institutodavisao2.websiteseguro.com\/area-do-medico\/responsabilidade-social\/teleoftalmologia\/visuscout-com-imagem\/\" class=\"wp-image-162\" srcset=\"https:\/\/www.institutodavisao.org.br\/area-do-medico\/wp-content\/uploads\/Visuscout-com-imagem.jpg 632w, https:\/\/www.institutodavisao.org.br\/area-do-medico\/wp-content\/uploads\/Visuscout-com-imagem-300x116.jpg 300w, https:\/\/www.institutodavisao.org.br\/area-do-medico\/wp-content\/uploads\/Visuscout-com-imagem-150x58.jpg 150w\" sizes=\"auto, (max-width: 632px) 100vw, 632px\" \/><\/figure><\/li><li class=\"blocks-gallery-item\"><figure><img loading=\"lazy\" decoding=\"async\" width=\"476\" height=\"442\" src=\"https:\/\/institutodavisao2.websiteseguro.com\/area-do-medico\/wp-content\/uploads\/4-Campos-Retinografia-476x442-1.gif\" alt=\"\" data-id=\"157\" data-full-url=\"https:\/\/institutodavisao2.websiteseguro.com\/area-do-medico\/wp-content\/uploads\/4-Campos-Retinografia-476x442-1.gif\" data-link=\"https:\/\/institutodavisao2.websiteseguro.com\/area-do-medico\/responsabilidade-social\/teleoftalmologia\/4-campos-retinografia-476x442-1\/\" class=\"wp-image-157\"\/><\/figure><\/li><li class=\"blocks-gallery-item\"><figure><img loading=\"lazy\" decoding=\"async\" width=\"389\" height=\"360\" src=\"https:\/\/institutodavisao2.websiteseguro.com\/area-do-medico\/wp-content\/uploads\/Diabetes-2-389x360-1.gif\" alt=\"\" data-id=\"158\" data-full-url=\"https:\/\/institutodavisao2.websiteseguro.com\/area-do-medico\/wp-content\/uploads\/Diabetes-2-389x360-1.gif\" data-link=\"https:\/\/institutodavisao2.websiteseguro.com\/area-do-medico\/responsabilidade-social\/teleoftalmologia\/diabetes-2-389x360-1\/\" class=\"wp-image-158\"\/><\/figure><\/li><li class=\"blocks-gallery-item\"><figure><img loading=\"lazy\" decoding=\"async\" width=\"690\" height=\"640\" src=\"https:\/\/institutodavisao2.websiteseguro.com\/area-do-medico\/wp-content\/uploads\/Estreitamento-Arterial-690x640-1.gif\" alt=\"\" data-id=\"159\" data-full-url=\"https:\/\/institutodavisao2.websiteseguro.com\/area-do-medico\/wp-content\/uploads\/Estreitamento-Arterial-690x640-1.gif\" data-link=\"https:\/\/institutodavisao2.websiteseguro.com\/area-do-medico\/responsabilidade-social\/teleoftalmologia\/estreitamento-arterial-690x640-1\/\" class=\"wp-image-159\"\/><\/figure><\/li><li class=\"blocks-gallery-item\"><figure><img loading=\"lazy\" decoding=\"async\" width=\"690\" height=\"640\" src=\"https:\/\/institutodavisao2.websiteseguro.com\/area-do-medico\/wp-content\/uploads\/Nevus-690x640-1.gif\" alt=\"\" data-id=\"160\" data-full-url=\"https:\/\/institutodavisao2.websiteseguro.com\/area-do-medico\/wp-content\/uploads\/Nevus-690x640-1.gif\" data-link=\"https:\/\/institutodavisao2.websiteseguro.com\/area-do-medico\/responsabilidade-social\/teleoftalmologia\/nevus-690x640-1\/\" class=\"wp-image-160\"\/><\/figure><\/li><li class=\"blocks-gallery-item\"><figure><img loading=\"lazy\" decoding=\"async\" width=\"690\" height=\"640\" src=\"https:\/\/institutodavisao2.websiteseguro.com\/area-do-medico\/wp-content\/uploads\/RDP-Boa-VIsao-690x640-1.gif\" alt=\"\" data-id=\"161\" data-full-url=\"https:\/\/institutodavisao2.websiteseguro.com\/area-do-medico\/wp-content\/uploads\/RDP-Boa-VIsao-690x640-1.gif\" data-link=\"https:\/\/institutodavisao2.websiteseguro.com\/area-do-medico\/responsabilidade-social\/teleoftalmologia\/rdp-boa-visao-690x640-1\/\" class=\"wp-image-161\"\/><\/figure><\/li><\/ul><\/figure>\n","protected":false},"excerpt":{"rendered":"<p>Atendimento oftalmol\u00f3gico integrado e resolutivo multimodal, ou simplesmente Programa de Tele-Oftalmologia \u00e9 o resultado da parceria do Instituto da Vis\u00e3o e Secretaria de Sa\u00fade do Estado de S\u00e3o Paulo, iniciado em 2015.Neste projeto o foco s\u00e3o os portadores de diabetes, hipertens\u00e3o ou usu\u00e1rios de antimal\u00e1ricos, tendo como objetivo integrar \u00e1reas desassistidas de sa\u00fade ocular aos [&hellip;]<\/p>\n","protected":false},"author":1,"featured_media":0,"parent":118,"menu_order":0,"comment_status":"closed","ping_status":"closed","template":"","meta":{"_acf_changed":false,"_joinchat":[],"footnotes":""},"class_list":["post-121","page","type-page","status-publish","hentry"],"acf":[],"_links":{"self":[{"href":"https:\/\/www.institutodavisao.org.br\/area-do-medico\/wp-json\/wp\/v2\/pages\/121","targetHints":{"allow":["GET"]}}],"collection":[{"href":"https:\/\/www.institutodavisao.org.br\/area-do-medico\/wp-json\/wp\/v2\/pages"}],"about":[{"href":"https:\/\/www.institutodavisao.org.br\/area-do-medico\/wp-json\/wp\/v2\/types\/page"}],"author":[{"embeddable":true,"href":"https:\/\/www.institutodavisao.org.br\/area-do-medico\/wp-json\/wp\/v2\/users\/1"}],"replies":[{"embeddable":true,"href":"https:\/\/www.institutodavisao.org.br\/area-do-medico\/wp-json\/wp\/v2\/comments?post=121"}],"version-history":[{"count":0,"href":"https:\/\/www.institutodavisao.org.br\/area-do-medico\/wp-json\/wp\/v2\/pages\/121\/revisions"}],"up":[{"embeddable":true,"href":"https:\/\/www.institutodavisao.org.br\/area-do-medico\/wp-json\/wp\/v2\/pages\/118"}],"wp:attachment":[{"href":"https:\/\/www.institutodavisao.org.br\/area-do-medico\/wp-json\/wp\/v2\/media?parent=121"}],"curies":[{"name":"wp","href":"https:\/\/api.w.org\/{rel}","templated":true}]}}