{"id":12175,"date":"2025-12-08T15:11:15","date_gmt":"2025-12-08T18:11:15","guid":{"rendered":"https:\/\/www.institutodavisao.org.br\/area-do-medico\/?page_id=12175"},"modified":"2025-12-10T17:27:28","modified_gmt":"2025-12-10T20:27:28","slug":"glaucoma-tube-experience","status":"publish","type":"page","link":"https:\/\/www.institutodavisao.org.br\/area-do-medico\/glaucoma-tube-experience\/","title":{"rendered":"Glaucoma Tube Experience"},"content":{"rendered":"\n<figure class=\"wp-block-image size-full\"><img loading=\"lazy\" decoding=\"async\" width=\"1024\" height=\"256\" src=\"https:\/\/www.institutodavisao.org.br\/area-do-medico\/wp-content\/uploads\/2025-10-12-glaucoma-tube-experience-banners1024x256.png\" alt=\"\" class=\"wp-image-12187 w-100\" srcset=\"https:\/\/www.institutodavisao.org.br\/area-do-medico\/wp-content\/uploads\/2025-10-12-glaucoma-tube-experience-banners1024x256.png 1024w, https:\/\/www.institutodavisao.org.br\/area-do-medico\/wp-content\/uploads\/2025-10-12-glaucoma-tube-experience-banners1024x256-300x75.png 300w, https:\/\/www.institutodavisao.org.br\/area-do-medico\/wp-content\/uploads\/2025-10-12-glaucoma-tube-experience-banners1024x256-150x38.png 150w, https:\/\/www.institutodavisao.org.br\/area-do-medico\/wp-content\/uploads\/2025-10-12-glaucoma-tube-experience-banners1024x256-768x192.png 768w\" sizes=\"auto, (max-width: 1024px) 100vw, 1024px\" \/><\/figure>\n\n\n\n<h2 class=\"wp-block-heading\">Curso Avan\u00e7ado de Implante de Tubo de Susanna \u2013 IPEPO<\/h2>\n\n\n\n<p><strong>Data:<\/strong> 13 de dezembro de 2025<br><strong>Local: <\/strong>Instituto da Vis\u00e3o (IPEPO)<br><strong>Coordena\u00e7\u00e3o:<\/strong> Dr. Rafael Lani &#8211; Chefe do setor de Glaucoma do Instituto da Vis\u00e3o \u2013 IPEPO \/ Doutorado pela UFRJ<\/p>\n\n\n\n<h3 class=\"wp-block-heading\">Informa\u00e7\u00f5es adicionais:<\/h3>\n\n\n\n<ul class=\"wp-block-list\">\n<li>Discuss\u00e3o te\u00f3rica aberta ao p\u00fablico via Zoom (mediante inscri\u00e7\u00e3o pr\u00e9via);<\/li>\n\n\n\n<li>Treinamento pr\u00e1tico com olhos de porco \u2013 vagas encerradas (lista de espera para interessados na pr\u00f3xima turma com a data a confirmar).<\/li>\n<\/ul>\n\n\n\n<table class=\"table table-bordered mt-4 p-5\" style=\"border-collapse: separate; border-spacing: 0 8px; border: 0; border-radius: 20px; background: #013a5e; color: #fff; padding-top: 30px !important;\">\n  <thead>\n        <tr>\n            <th colspan=\"2\" class=\"border-0 font-weight-bolder h2 text-center pb-4\"> Programa\u00e7\u00e3o <\/th>\n        <\/tr>\n    <\/thead>\n  <tbody>\n    <tr>\n      <td style=\"background-color:#ffe895;color:#01436d;width:160px;\"><strong>08h00<\/strong><\/td>\n      <td><span> Caf\u00e9 <\/span><\/td>\n    <\/tr>\n    <tr>\n      <td style=\"background-color:#ffe895;color:#01436d;width:160px;\"><strong> 08h30 \u2013 09h00 <\/strong><\/td>\n      <td><span> Implante de Susanna: Fundamentos, T\u00e9cnica e Resultados<\/span><\/td>\n    <\/tr>\n    <tr><td colspan=\"2\"> Palestrante: Prof. Remo Susanna Jr. <br> Dura\u00e7\u00e3o: 30 min <\/td><\/tr>\n    <tr>\n      <td style=\"background-color:#ffe895;color:#01436d;width:160px;\"><strong> 09h00 \u00a0&#8211; 09h10 <\/strong><\/td>\n      <td><span>  Implante de Susanna na Pr\u00e1tica: Li\u00e7\u00f5es e Refinamentos T\u00e9cnicos Aprendidos na Escola Paulista de Medicina (EPM) <\/span><\/td>\n    <\/tr>\n    <tr><td colspan=\"2\"> Dr. Ivan Maynart <\/td><\/tr>\n    <tr>\n      <td style=\"background-color:#ffe895;color:#01436d;width:160px;\"><strong> 09h10 \u2013 09h20 <\/strong><\/td>\n      <td><span> Meu Racioc\u00ednio Cir\u00fargico no Tubo de Susanna: Dicas e Estrat\u00e9gias \u00dateis <\/span><\/td>\n    <\/tr>\n    <tr><td colspan=\"2\"> Dr. Tiago Prata <\/td><\/tr>\n    <tr>\n      <td style=\"background-color:#ffe895;color:#01436d;width:160px;\"><strong> 09h20 &#8211; 09h30 <\/strong><\/td>\n      <td><span> Discuss\u00e3o e Perguntas &#038; Respostas <\/span><\/td>\n    <\/tr>\n    <tr><td colspan=\"2\"> <strong> Participantes: <\/strong> Dr. Remo Susanna, Dr. Ivan Maynart, Dr. Renato Germano, Dr. Tiago Prata, Dr. Rafael Lani <\/td><\/tr>\n    <tr>\n      <td style=\"background-color:#ffe895;color:#01436d;width:160px;\"><strong> 09:40 \u2013 13h30 <\/strong><\/td>\n      <td><span> Hands-on: Treinamento em Olhos de Porco (Implante de Susanna)<\/span><\/td>\n    <\/tr>\n    <tr><td colspan=\"2\"> <strong> Supervis\u00e3o: <\/strong> Dr. Rafael Lani, Dr. Renato Germano, Dr. Gustavo Samico <\/td><\/tr>\n  <\/tbody>\n<\/table>\n\n\n\n<h2 class=\"wp-block-heading has-text-align-center\">Inscri\u00e7\u00e3o<\/h2>\n\n\n\n<iframe\n      id=\"JotFormIFrame-253436154544659\"\n      title=\"Glaucoma Tube Experience: Curso Avan\u00e7ado de Implante de Tubo de Susanna \u2013 IPEPO\"\n      onload=\"window.parent.scrollTo(0,0)\"\n      allowtransparency=\"true\"\n      allow=\"geolocation; microphone; camera; fullscreen; payment\"\n      src=\"https:\/\/form.jotform.com\/253436154544659\"\n      frameborder=\"0\"\n      style=\"min-width:100%;max-width:100%;height:539px;border:none;\"\n      scrolling=\"no\"\n    >\n    <\/iframe>\n    <script src='https:\/\/cdn.jotfor.ms\/s\/umd\/latest\/for-form-embed-handler.js'><\/script>\n    <script>window.jotformEmbedHandler(\"iframe[id='JotFormIFrame-253436154544659']\", \"https:\/\/form.jotform.com\/\")<\/script>\n","protected":false},"excerpt":{"rendered":"<p>Curso Avan\u00e7ado de Implante de Tubo de Susanna \u2013 IPEPO Data: 13 de dezembro de 2025Local: Instituto da Vis\u00e3o (IPEPO)Coordena\u00e7\u00e3o: Dr. Rafael Lani &#8211; Chefe do setor de Glaucoma do Instituto da Vis\u00e3o \u2013 IPEPO \/ Doutorado pela UFRJ Informa\u00e7\u00f5es adicionais: Programa\u00e7\u00e3o 08h00 Caf\u00e9 08h30 \u2013 09h00 Implante de Susanna: Fundamentos, T\u00e9cnica e Resultados Palestrante: [&hellip;]<\/p>\n","protected":false},"author":1,"featured_media":0,"parent":0,"menu_order":0,"comment_status":"closed","ping_status":"closed","template":"","meta":{"_acf_changed":false,"_joinchat":[],"footnotes":""},"class_list":["post-12175","page","type-page","status-publish","hentry"],"acf":[],"_links":{"self":[{"href":"https:\/\/www.institutodavisao.org.br\/area-do-medico\/wp-json\/wp\/v2\/pages\/12175","targetHints":{"allow":["GET"]}}],"collection":[{"href":"https:\/\/www.institutodavisao.org.br\/area-do-medico\/wp-json\/wp\/v2\/pages"}],"about":[{"href":"https:\/\/www.institutodavisao.org.br\/area-do-medico\/wp-json\/wp\/v2\/types\/page"}],"author":[{"embeddable":true,"href":"https:\/\/www.institutodavisao.org.br\/area-do-medico\/wp-json\/wp\/v2\/users\/1"}],"replies":[{"embeddable":true,"href":"https:\/\/www.institutodavisao.org.br\/area-do-medico\/wp-json\/wp\/v2\/comments?post=12175"}],"version-history":[{"count":13,"href":"https:\/\/www.institutodavisao.org.br\/area-do-medico\/wp-json\/wp\/v2\/pages\/12175\/revisions"}],"predecessor-version":[{"id":12200,"href":"https:\/\/www.institutodavisao.org.br\/area-do-medico\/wp-json\/wp\/v2\/pages\/12175\/revisions\/12200"}],"wp:attachment":[{"href":"https:\/\/www.institutodavisao.org.br\/area-do-medico\/wp-json\/wp\/v2\/media?parent=12175"}],"curies":[{"name":"wp","href":"https:\/\/api.w.org\/{rel}","templated":true}]}}