{"id":12265,"date":"2026-01-12T16:53:52","date_gmt":"2026-01-12T19:53:52","guid":{"rendered":"https:\/\/www.institutodavisao.org.br\/area-do-medico\/?page_id=12265"},"modified":"2026-02-11T09:35:09","modified_gmt":"2026-02-11T12:35:09","slug":"programa-de-trainee-em-oftalmologia-2026","status":"publish","type":"page","link":"https:\/\/www.institutodavisao.org.br\/area-do-medico\/programa-de-trainee-em-oftalmologia-2026\/","title":{"rendered":"Programa de Ensino e Treinamento em Oftalmologia \u2013 IPEPO 2026 (TRAINEE)"},"content":{"rendered":"\n<figure class=\"wp-block-image size-full is-resized\"><img loading=\"lazy\" decoding=\"async\" width=\"1024\" height=\"256\" src=\"https:\/\/www.institutodavisao.org.br\/area-do-medico\/wp-content\/uploads\/01-12-banners-programa-trainee1024x256.png\" alt=\"\" class=\"wp-image-12276\" style=\"width:1110px\" srcset=\"https:\/\/www.institutodavisao.org.br\/area-do-medico\/wp-content\/uploads\/01-12-banners-programa-trainee1024x256.png 1024w, https:\/\/www.institutodavisao.org.br\/area-do-medico\/wp-content\/uploads\/01-12-banners-programa-trainee1024x256-300x75.png 300w, https:\/\/www.institutodavisao.org.br\/area-do-medico\/wp-content\/uploads\/01-12-banners-programa-trainee1024x256-150x38.png 150w, https:\/\/www.institutodavisao.org.br\/area-do-medico\/wp-content\/uploads\/01-12-banners-programa-trainee1024x256-768x192.png 768w\" sizes=\"auto, (max-width: 1024px) 100vw, 1024px\" \/><\/figure>\n\n\n\n<h2 class=\"wp-block-heading\">Resultado do processo seletivo<\/h2>\n\n\n\n<figure class=\"wp-block-table\"><table class=\"has-fixed-layout\"><tbody><tr><td><strong>NOME<\/strong><\/td><td><strong>RESULTADO<\/strong><\/td><\/tr><tr><td>Ana Carolina Matiotti Mendon\u00e7a<\/td><td>APROVADO(A)<\/td><\/tr><tr><td>Eduarda Lopes Farias<\/td><td>APROVADO(A)<\/td><\/tr><tr><td>\u00c9rico Bestetti Pires Ponce Sant&#8217;Anna<\/td><td>APROVADO(A)<\/td><\/tr><tr><td>Gabriel Romano<\/td><td>APROVADO(A)<\/td><\/tr><tr><td>Luisa Fernandes Mota<\/td><td>APROVADO(A)<\/td><\/tr><tr><td>J\u00falia Gazotto Rodrigues Da Silva<\/td><td>SUPLENTE<\/td><\/tr><tr><td>Antonio de P\u00e1dua Medeiros de Carvalho Neto<\/td><td>SUPLENTE<\/td><\/tr><tr><td>Bruna Pavon<\/td><td>SUPLENTE<\/td><\/tr><tr><td>Eduardo Rodrigues Parreira<\/td><td>SUPLENTE<\/td><\/tr><\/tbody><\/table><\/figure>\n\n\n\n<hr class=\"wp-block-separator has-alpha-channel-opacity\"\/>\n\n\n\n<p class=\"alert alert-danger\"><strong>Aten\u00e7\u00e3o:<\/strong> As inscri\u00e7\u00f5es para o programa de Trainee foram prorrogadas at\u00e9 <strong>06\/02\/2026<\/strong>.<\/p>\n\n\n\n<p><strong>Forma\u00e7\u00e3o m\u00e9dica avan\u00e7ada com dedica\u00e7\u00e3o integral, foco em pr\u00e1tica cl\u00ednica e cir\u00fargica, ensino estruturado e supervis\u00e3o especializada.<\/strong><\/p>\n\n\n\n<h3 class=\"wp-block-heading\">Sobre o Programa<\/h3>\n\n\n\n<p>O Programa de Ensino e Treinamento em Oftalmologia do IPEPO \u00e9 uma iniciativa institucional voltada \u00e0 forma\u00e7\u00e3o m\u00e9dica especializada, com base em atividades te\u00f3ricas e pr\u00e1ticas, treinamento em servi\u00e7o e acompanhamento cont\u00ednuo por preceptores experientes.<\/p>\n\n\n\n<p>Com dura\u00e7\u00e3o de 3 anos e carga hor\u00e1ria anual de 2.880 horas, o programa \u00e9 realizado nas unidades do IPEPO e em institui\u00e7\u00f5es parceiras, integrando ensino, pesquisa e assist\u00eancia oftalmol\u00f3gica.<\/p>\n\n\n\n<p class=\"alert alert-info\">Programa pr\u00f3prio do IPEPO, n\u00e3o caracterizado como Resid\u00eancia M\u00e9dica.<\/p>\n\n\n\n<p><em><em>Ser\u00e1 cobrada anuidade no valor de R$120.000,00 por ano que pode ser dividida em at\u00e9 12 vezes no cart\u00e3o de cr\u00e9dito.<\/em><\/em><\/p>\n","protected":false},"excerpt":{"rendered":"<p>Resultado do processo seletivo NOME RESULTADO Ana Carolina Matiotti Mendon\u00e7a APROVADO(A) Eduarda Lopes Farias APROVADO(A) \u00c9rico Bestetti Pires Ponce Sant&#8217;Anna APROVADO(A) Gabriel Romano APROVADO(A) Luisa Fernandes Mota APROVADO(A) J\u00falia Gazotto Rodrigues Da Silva SUPLENTE Antonio de P\u00e1dua Medeiros de Carvalho Neto SUPLENTE Bruna Pavon SUPLENTE Eduardo Rodrigues Parreira SUPLENTE Aten\u00e7\u00e3o: As inscri\u00e7\u00f5es para o programa [&hellip;]<\/p>\n","protected":false},"author":1,"featured_media":0,"parent":0,"menu_order":0,"comment_status":"closed","ping_status":"closed","template":"templates\/tp-programa-ensino-trainee.php","meta":{"_acf_changed":false,"_joinchat":[],"footnotes":""},"class_list":["post-12265","page","type-page","status-publish","hentry"],"acf":[],"_links":{"self":[{"href":"https:\/\/www.institutodavisao.org.br\/area-do-medico\/wp-json\/wp\/v2\/pages\/12265","targetHints":{"allow":["GET"]}}],"collection":[{"href":"https:\/\/www.institutodavisao.org.br\/area-do-medico\/wp-json\/wp\/v2\/pages"}],"about":[{"href":"https:\/\/www.institutodavisao.org.br\/area-do-medico\/wp-json\/wp\/v2\/types\/page"}],"author":[{"embeddable":true,"href":"https:\/\/www.institutodavisao.org.br\/area-do-medico\/wp-json\/wp\/v2\/users\/1"}],"replies":[{"embeddable":true,"href":"https:\/\/www.institutodavisao.org.br\/area-do-medico\/wp-json\/wp\/v2\/comments?post=12265"}],"version-history":[{"count":11,"href":"https:\/\/www.institutodavisao.org.br\/area-do-medico\/wp-json\/wp\/v2\/pages\/12265\/revisions"}],"predecessor-version":[{"id":12345,"href":"https:\/\/www.institutodavisao.org.br\/area-do-medico\/wp-json\/wp\/v2\/pages\/12265\/revisions\/12345"}],"wp:attachment":[{"href":"https:\/\/www.institutodavisao.org.br\/area-do-medico\/wp-json\/wp\/v2\/media?parent=12265"}],"curies":[{"name":"wp","href":"https:\/\/api.w.org\/{rel}","templated":true}]}}