{"id":123,"date":"2020-06-18T13:05:11","date_gmt":"2020-06-18T16:05:11","guid":{"rendered":"https:\/\/www.institutodavisao.org.br\/site\/area-do-medico\/?page_id=123"},"modified":"2020-09-30T11:23:37","modified_gmt":"2020-09-30T14:23:37","slug":"projeto-amazonico","status":"publish","type":"page","link":"https:\/\/www.institutodavisao.org.br\/area-do-medico\/projetos\/projeto-amazonico\/","title":{"rendered":"Projeto Amaz\u00f4nico"},"content":{"rendered":"\n<p>Os\u00a0<strong>Projetos Amaz\u00f4nicos \u2013 Catarata do Baixo Amazonas<\/strong>\u00a0tiveram in\u00edcio na d\u00e9cada de 1990, com expedi\u00e7\u00f5es\u00a0espor\u00e1dicas, ocorrendo at\u00e9 uma vez por ano. A t\u00e9cnica aplicada \u00e0 \u00e9poca era a FEC (facectomia extra capsular) com implante de lente intraocular. A partir de 2005 o projeto passou a contar com a parceria da Escola Paulista de Medicina \u2013 Departamento de Oftalmologia, sob a orienta\u00e7\u00e3o do Prof. Dr. Rubens Belfort Junior e a participa\u00e7\u00e3o do Prof. Dr. Walton Nos\u00e9 e do Dr. Aldemir Kimura, anestesista. <\/p>\n\n\n\n<p>Nos \u00faltimos quatro anos, est\u00e3o sendo realizados dois projetos cir\u00fargicos por ano, com a coopera\u00e7\u00e3o de empresas fabricantes de equipamentos e insumos para cirurgia de catarata, como a ZEISS. A partir desta nova fase, a t\u00e9cnica predominante passou a ser a cirurgia da catarata por facoemulsifica\u00e7\u00e3o com implante de lente intraocular no saco capsular, sem curativo e sem ponto. Nos \u00faltimos quatro anos, o Dr. Marcos Jacob Cohen e o Dr. Ricardo Nos\u00e9 passaram a fazer parte do grupo, e nos \u00faltimos dois projetos o Dr. <\/p>\n\n\n\n<p>Lincoln Freitas juntou-se a eles. Nos primeiros projetos utilizamos pequenos avi\u00f5es e barcos chamados Recreio.Somente a partir de 2005 \u00e9 que passou a ser utilizado o barco D. Luna. O Prof. Dr. Rubens Belfort Junior batizou os projetos de catarata e outros de pesquisas de \u201cProjetos Amaz\u00f4nicos\u201d.<\/p>\n","protected":false},"excerpt":{"rendered":"<p>Os\u00a0Projetos Amaz\u00f4nicos \u2013 Catarata do Baixo Amazonas\u00a0tiveram in\u00edcio na d\u00e9cada de 1990, com expedi\u00e7\u00f5es\u00a0espor\u00e1dicas, ocorrendo at\u00e9 uma vez por ano. A t\u00e9cnica aplicada \u00e0 \u00e9poca era a FEC (facectomia extra capsular) com implante de lente intraocular. A partir de 2005 o projeto passou a contar com a parceria da Escola Paulista de Medicina \u2013 Departamento [&hellip;]<\/p>\n","protected":false},"author":1,"featured_media":0,"parent":118,"menu_order":0,"comment_status":"closed","ping_status":"closed","template":"","meta":{"_acf_changed":false,"_joinchat":[],"footnotes":""},"class_list":["post-123","page","type-page","status-publish","hentry"],"acf":[],"_links":{"self":[{"href":"https:\/\/www.institutodavisao.org.br\/area-do-medico\/wp-json\/wp\/v2\/pages\/123","targetHints":{"allow":["GET"]}}],"collection":[{"href":"https:\/\/www.institutodavisao.org.br\/area-do-medico\/wp-json\/wp\/v2\/pages"}],"about":[{"href":"https:\/\/www.institutodavisao.org.br\/area-do-medico\/wp-json\/wp\/v2\/types\/page"}],"author":[{"embeddable":true,"href":"https:\/\/www.institutodavisao.org.br\/area-do-medico\/wp-json\/wp\/v2\/users\/1"}],"replies":[{"embeddable":true,"href":"https:\/\/www.institutodavisao.org.br\/area-do-medico\/wp-json\/wp\/v2\/comments?post=123"}],"version-history":[{"count":0,"href":"https:\/\/www.institutodavisao.org.br\/area-do-medico\/wp-json\/wp\/v2\/pages\/123\/revisions"}],"up":[{"embeddable":true,"href":"https:\/\/www.institutodavisao.org.br\/area-do-medico\/wp-json\/wp\/v2\/pages\/118"}],"wp:attachment":[{"href":"https:\/\/www.institutodavisao.org.br\/area-do-medico\/wp-json\/wp\/v2\/media?parent=123"}],"curies":[{"name":"wp","href":"https:\/\/api.w.org\/{rel}","templated":true}]}}