{"id":14,"date":"2020-06-17T11:37:33","date_gmt":"2020-06-17T14:37:33","guid":{"rendered":"https:\/\/www.institutodavisao.org.br\/site\/area-do-medico\/?page_id=14"},"modified":"2020-09-29T09:56:02","modified_gmt":"2020-09-29T12:56:02","slug":"especialidade","status":"publish","type":"page","link":"https:\/\/www.institutodavisao.org.br\/area-do-medico\/especialidade\/","title":{"rendered":"Especialidade"},"content":{"rendered":"\n<p><strong>Nossas especialidades s\u00e3o:<\/strong><\/p>\n\n\n\n<ul class=\"wp-block-list\"><li>Catarata<\/li><li>C\u00f3rnea<\/li><li>Glaucoma<\/li><li>Lentes de contato<\/li><li>Neuro-Oftalmo<\/li><li>Oncologia<\/li><li>Pl\u00e1stica ocular<\/li><li>Refrativa<\/li><li>Retina<\/li><li>Teleatendimento<\/li><li>Ultrassonografia<\/li><li>UVEA- Retina- Onco<\/li><li>Vis\u00e3o Subnormal<\/li><\/ul>\n","protected":false},"excerpt":{"rendered":"<p>Nossas especialidades s\u00e3o: Catarata C\u00f3rnea Glaucoma Lentes de contato Neuro-Oftalmo Oncologia Pl\u00e1stica ocular Refrativa Retina Teleatendimento Ultrassonografia UVEA- Retina- Onco Vis\u00e3o Subnormal<\/p>\n","protected":false},"author":1,"featured_media":0,"parent":0,"menu_order":0,"comment_status":"closed","ping_status":"closed","template":"","meta":{"_acf_changed":false,"_joinchat":[],"footnotes":""},"class_list":["post-14","page","type-page","status-publish","hentry"],"acf":[],"_links":{"self":[{"href":"https:\/\/www.institutodavisao.org.br\/area-do-medico\/wp-json\/wp\/v2\/pages\/14","targetHints":{"allow":["GET"]}}],"collection":[{"href":"https:\/\/www.institutodavisao.org.br\/area-do-medico\/wp-json\/wp\/v2\/pages"}],"about":[{"href":"https:\/\/www.institutodavisao.org.br\/area-do-medico\/wp-json\/wp\/v2\/types\/page"}],"author":[{"embeddable":true,"href":"https:\/\/www.institutodavisao.org.br\/area-do-medico\/wp-json\/wp\/v2\/users\/1"}],"replies":[{"embeddable":true,"href":"https:\/\/www.institutodavisao.org.br\/area-do-medico\/wp-json\/wp\/v2\/comments?post=14"}],"version-history":[{"count":0,"href":"https:\/\/www.institutodavisao.org.br\/area-do-medico\/wp-json\/wp\/v2\/pages\/14\/revisions"}],"wp:attachment":[{"href":"https:\/\/www.institutodavisao.org.br\/area-do-medico\/wp-json\/wp\/v2\/media?parent=14"}],"curies":[{"name":"wp","href":"https:\/\/api.w.org\/{rel}","templated":true}]}}