{"id":16,"date":"2020-06-17T11:38:05","date_gmt":"2020-06-17T14:38:05","guid":{"rendered":"https:\/\/www.institutodavisao.org.br\/site\/area-do-medico\/?page_id=16"},"modified":"2024-03-18T12:55:20","modified_gmt":"2024-03-18T15:55:20","slug":"ensino","status":"publish","type":"page","link":"https:\/\/www.institutodavisao.org.br\/area-do-medico\/ensino\/","title":{"rendered":"Ensino"},"content":{"rendered":"\n<p>A veia acad\u00eamica que originou a funda\u00e7\u00e3o do Instituto da Vis\u00e3o &#8211; IPEPO se fortaleceu como um segundo estandarte da institui\u00e7\u00e3o, paralelo ao not\u00e1vel atendimento assistencial. As experi\u00eancias no atendimento ao p\u00fablico ajudaram o instituto a organizar e promover cursos de renomadas especializa\u00e7\u00f5es destinadas a m\u00e9dicos oftalmologistas que buscam atualiza\u00e7\u00e3o e certifica\u00e7\u00e3o<br>em \u00e1reas espec\u00edficas. \u00c9 uma verdadeira Escola Paulista de Oftalmologia.<\/p>\n\n\n\n<p>Destacam-se as \u00e1reas de resid\u00eancia m\u00e9dica e fellow para oftalmologistas e outros m\u00e9dicos, contribuindo efetivamente para o seu crescimento profissional, a fim de atualizarem seus diagn\u00f3sticos e tratamentos com professores nacionais e internacionais que realizam apresenta\u00e7\u00f5es de casos e discuss\u00f5es interativas em ingl\u00eas, portugu\u00eas e espanhol.<\/p>\n\n\n\n<p>Temas como catarata, retina e v\u00edtreo, lentes esclarais, gest\u00e3o de neg\u00f3cios em oftalmologia, rejuvenescimento palpebral e periorbital, oncologia ocular entre outros temas segmentados s\u00e3o frequentemente vistos nos cursos.<\/p>\n\n\n\n<p>O Ipepo contribui para o seu crescimento profissional.<\/p>\n\n\n\n<p><strong>Para mais informa\u00e7\u00f5es sobre a \u00e1rea de ensino entre em contato:<\/strong><\/p>\n\n\n\n<p><strong>Telefone: <\/strong><a rel=\"noreferrer noopener\" href=\"https:\/\/wa.me\/551130164099\" target=\"_blank\">(11) 3016-4099<\/a><br><strong>E-mail: <\/strong><a href=\"mailto:secretaria.ensino@institutodavisao2.websiteseguro.com\">secretaria.ensino@institutodavisao.org.br<\/a><\/p>\n\n\n\n<h3 class=\"wp-block-heading\">Conhe\u00e7a mais<\/h3>\n","protected":false},"excerpt":{"rendered":"<p>A veia acad\u00eamica que originou a funda\u00e7\u00e3o do Instituto da Vis\u00e3o &#8211; IPEPO se fortaleceu como um segundo estandarte da institui\u00e7\u00e3o, paralelo ao not\u00e1vel atendimento assistencial. As experi\u00eancias no atendimento ao p\u00fablico ajudaram o instituto a organizar e promover cursos de renomadas especializa\u00e7\u00f5es destinadas a m\u00e9dicos oftalmologistas que buscam atualiza\u00e7\u00e3o e certifica\u00e7\u00e3oem \u00e1reas espec\u00edficas. \u00c9 [&hellip;]<\/p>\n","protected":false},"author":1,"featured_media":0,"parent":0,"menu_order":0,"comment_status":"closed","ping_status":"closed","template":"","meta":{"_acf_changed":false,"_joinchat":[],"footnotes":""},"class_list":["post-16","page","type-page","status-publish","hentry"],"acf":[],"_links":{"self":[{"href":"https:\/\/www.institutodavisao.org.br\/area-do-medico\/wp-json\/wp\/v2\/pages\/16","targetHints":{"allow":["GET"]}}],"collection":[{"href":"https:\/\/www.institutodavisao.org.br\/area-do-medico\/wp-json\/wp\/v2\/pages"}],"about":[{"href":"https:\/\/www.institutodavisao.org.br\/area-do-medico\/wp-json\/wp\/v2\/types\/page"}],"author":[{"embeddable":true,"href":"https:\/\/www.institutodavisao.org.br\/area-do-medico\/wp-json\/wp\/v2\/users\/1"}],"replies":[{"embeddable":true,"href":"https:\/\/www.institutodavisao.org.br\/area-do-medico\/wp-json\/wp\/v2\/comments?post=16"}],"version-history":[{"count":1,"href":"https:\/\/www.institutodavisao.org.br\/area-do-medico\/wp-json\/wp\/v2\/pages\/16\/revisions"}],"predecessor-version":[{"id":10689,"href":"https:\/\/www.institutodavisao.org.br\/area-do-medico\/wp-json\/wp\/v2\/pages\/16\/revisions\/10689"}],"wp:attachment":[{"href":"https:\/\/www.institutodavisao.org.br\/area-do-medico\/wp-json\/wp\/v2\/media?parent=16"}],"curies":[{"name":"wp","href":"https:\/\/api.w.org\/{rel}","templated":true}]}}