{"id":6547,"date":"2020-09-16T15:02:37","date_gmt":"2020-09-16T18:02:37","guid":{"rendered":"https:\/\/www.institutodavisao.org.br\/site\/area-do-medico\/?page_id=6547"},"modified":"2025-02-06T17:07:39","modified_gmt":"2025-02-06T20:07:39","slug":"promova-seu-evento-no-ipepo","status":"publish","type":"page","link":"https:\/\/www.institutodavisao.org.br\/area-do-medico\/medico-externo\/promova-seu-evento-no-ipepo\/","title":{"rendered":"Promova seu Evento no IPEPO"},"content":{"rendered":"\n<p>A unidade CIPO (Centro de Integra\u00e7\u00e3o e Pesquisa em Oftalmologia) \u00e9 a mais nova extens\u00e3o do Instituto da Vis\u00e3o (IPEPO) e vem para refor\u00e7ar o compromisso do instituto com a excel\u00eancia na educa\u00e7\u00e3o e dissemina\u00e7\u00e3o de conhecimento na \u00e1rea da sa\u00fade ocular. Localizado na Vila Clementino, em S\u00e3o Paulo, o CIPO \u00e9 um espa\u00e7o dedicado \u00e0 realiza\u00e7\u00e3o de cursos, palestras, treinamentos e apresenta\u00e7\u00f5es de novas tecnologias, promovendo o constante aprimoramento de profissionais e o avan\u00e7o da oftalmologia. <\/p>\n\n\n\n<p>Com uma infraestrutura moderna e equipada, o CIPO conta com audit\u00f3rio, sala de conviv\u00eancia e \u00e1rea administrativa, proporcionando um ambiente ideal para eventos e troca de conhecimentos. O centro \u00e9 projetado para facilitar o aprendizado e a integra\u00e7\u00e3o entre profissionais da \u00e1rea de sa\u00fade ocular, contribuindo para o desenvolvimento cont\u00ednuo das pr\u00e1ticas cl\u00ednicas. <\/p>\n\n\n\n<p>Com a miss\u00e3o de integrar conhecimento e inova\u00e7\u00e3o, o CIPO oferece uma plataforma para atualiza\u00e7\u00e3o constante, refor\u00e7ando o compromisso do Instituto da Vis\u00e3o (IPEPO) com a educa\u00e7\u00e3o de qualidade e com a evolu\u00e7\u00e3o do setor oftalmol\u00f3gico.<\/p>\n\n\n\n<p><strong>Endere\u00e7o<\/strong>: Rua Botucatu, 801 \u2013 Vila Clementino \u2013 S\u00e3o Paulo \u2013 CEP 04023-060<br><strong>Telefone<\/strong>: (11) 3016-4084<\/p>\n\n\n\n<figure class=\"wp-block-gallery has-nested-images columns-default is-cropped wp-block-gallery-1 is-layout-flex wp-block-gallery-is-layout-flex\">\n<figure class=\"wp-block-image size-large\"><img loading=\"lazy\" decoding=\"async\" width=\"771\" height=\"1024\" data-id=\"11430\" src=\"https:\/\/www.institutodavisao.org.br\/area-do-medico\/wp-content\/uploads\/TV-ESPACO-PACHECO-771x1024.jpg\" alt=\"\" class=\"wp-image-11430\" srcset=\"https:\/\/www.institutodavisao.org.br\/area-do-medico\/wp-content\/uploads\/TV-ESPACO-PACHECO-771x1024.jpg 771w, https:\/\/www.institutodavisao.org.br\/area-do-medico\/wp-content\/uploads\/TV-ESPACO-PACHECO-226x300.jpg 226w, https:\/\/www.institutodavisao.org.br\/area-do-medico\/wp-content\/uploads\/TV-ESPACO-PACHECO-113x150.jpg 113w, https:\/\/www.institutodavisao.org.br\/area-do-medico\/wp-content\/uploads\/TV-ESPACO-PACHECO-768x1021.jpg 768w, https:\/\/www.institutodavisao.org.br\/area-do-medico\/wp-content\/uploads\/TV-ESPACO-PACHECO-1156x1536.jpg 1156w, https:\/\/www.institutodavisao.org.br\/area-do-medico\/wp-content\/uploads\/TV-ESPACO-PACHECO.jpg 1204w\" sizes=\"auto, (max-width: 771px) 100vw, 771px\" \/><\/figure>\n\n\n\n<figure class=\"wp-block-image size-large\"><img loading=\"lazy\" decoding=\"async\" width=\"1024\" height=\"771\" data-id=\"11441\" src=\"https:\/\/www.institutodavisao.org.br\/area-do-medico\/wp-content\/uploads\/ANFITEATRO-JOSE-CARLOS-REYS-13-1024x771.jpg\" alt=\"\" class=\"wp-image-11441\" srcset=\"https:\/\/www.institutodavisao.org.br\/area-do-medico\/wp-content\/uploads\/ANFITEATRO-JOSE-CARLOS-REYS-13-1024x771.jpg 1024w, https:\/\/www.institutodavisao.org.br\/area-do-medico\/wp-content\/uploads\/ANFITEATRO-JOSE-CARLOS-REYS-13-300x226.jpg 300w, https:\/\/www.institutodavisao.org.br\/area-do-medico\/wp-content\/uploads\/ANFITEATRO-JOSE-CARLOS-REYS-13-150x113.jpg 150w, https:\/\/www.institutodavisao.org.br\/area-do-medico\/wp-content\/uploads\/ANFITEATRO-JOSE-CARLOS-REYS-13-768x578.jpg 768w, https:\/\/www.institutodavisao.org.br\/area-do-medico\/wp-content\/uploads\/ANFITEATRO-JOSE-CARLOS-REYS-13-1536x1156.jpg 1536w, https:\/\/www.institutodavisao.org.br\/area-do-medico\/wp-content\/uploads\/ANFITEATRO-JOSE-CARLOS-REYS-13.jpg 1600w\" sizes=\"auto, (max-width: 1024px) 100vw, 1024px\" \/><\/figure>\n\n\n\n<figure class=\"wp-block-image size-large\"><img loading=\"lazy\" decoding=\"async\" width=\"771\" height=\"1024\" data-id=\"11434\" src=\"https:\/\/www.institutodavisao.org.br\/area-do-medico\/wp-content\/uploads\/HALL-DE-ENTRADA-771x1024.jpg\" alt=\"\" class=\"wp-image-11434\" srcset=\"https:\/\/www.institutodavisao.org.br\/area-do-medico\/wp-content\/uploads\/HALL-DE-ENTRADA-771x1024.jpg 771w, https:\/\/www.institutodavisao.org.br\/area-do-medico\/wp-content\/uploads\/HALL-DE-ENTRADA-226x300.jpg 226w, https:\/\/www.institutodavisao.org.br\/area-do-medico\/wp-content\/uploads\/HALL-DE-ENTRADA-113x150.jpg 113w, https:\/\/www.institutodavisao.org.br\/area-do-medico\/wp-content\/uploads\/HALL-DE-ENTRADA-768x1021.jpg 768w, https:\/\/www.institutodavisao.org.br\/area-do-medico\/wp-content\/uploads\/HALL-DE-ENTRADA-1156x1536.jpg 1156w, https:\/\/www.institutodavisao.org.br\/area-do-medico\/wp-content\/uploads\/HALL-DE-ENTRADA.jpg 1204w\" sizes=\"auto, (max-width: 771px) 100vw, 771px\" \/><\/figure>\n\n\n\n<figure class=\"wp-block-image size-large\"><img loading=\"lazy\" decoding=\"async\" width=\"1024\" height=\"768\" data-id=\"11442\" src=\"https:\/\/www.institutodavisao.org.br\/area-do-medico\/wp-content\/uploads\/ANFITEATRO-JOSE-CARLOS-REYS-8-1024x768.jpg\" alt=\"\" class=\"wp-image-11442\" srcset=\"https:\/\/www.institutodavisao.org.br\/area-do-medico\/wp-content\/uploads\/ANFITEATRO-JOSE-CARLOS-REYS-8-1024x768.jpg 1024w, https:\/\/www.institutodavisao.org.br\/area-do-medico\/wp-content\/uploads\/ANFITEATRO-JOSE-CARLOS-REYS-8-300x225.jpg 300w, https:\/\/www.institutodavisao.org.br\/area-do-medico\/wp-content\/uploads\/ANFITEATRO-JOSE-CARLOS-REYS-8-150x113.jpg 150w, https:\/\/www.institutodavisao.org.br\/area-do-medico\/wp-content\/uploads\/ANFITEATRO-JOSE-CARLOS-REYS-8-768x576.jpg 768w, https:\/\/www.institutodavisao.org.br\/area-do-medico\/wp-content\/uploads\/ANFITEATRO-JOSE-CARLOS-REYS-8-1536x1152.jpg 1536w, https:\/\/www.institutodavisao.org.br\/area-do-medico\/wp-content\/uploads\/ANFITEATRO-JOSE-CARLOS-REYS-8.jpg 1600w\" sizes=\"auto, (max-width: 1024px) 100vw, 1024px\" \/><\/figure>\n\n\n\n<figure class=\"wp-block-image size-large\"><img loading=\"lazy\" decoding=\"async\" width=\"1024\" height=\"771\" data-id=\"11431\" src=\"https:\/\/www.institutodavisao.org.br\/area-do-medico\/wp-content\/uploads\/ANFITEATRO-JOSE-CARLOS-REYS-4-1024x771.jpg\" alt=\"\" class=\"wp-image-11431\" srcset=\"https:\/\/www.institutodavisao.org.br\/area-do-medico\/wp-content\/uploads\/ANFITEATRO-JOSE-CARLOS-REYS-4-1024x771.jpg 1024w, https:\/\/www.institutodavisao.org.br\/area-do-medico\/wp-content\/uploads\/ANFITEATRO-JOSE-CARLOS-REYS-4-300x226.jpg 300w, https:\/\/www.institutodavisao.org.br\/area-do-medico\/wp-content\/uploads\/ANFITEATRO-JOSE-CARLOS-REYS-4-150x113.jpg 150w, https:\/\/www.institutodavisao.org.br\/area-do-medico\/wp-content\/uploads\/ANFITEATRO-JOSE-CARLOS-REYS-4-768x578.jpg 768w, https:\/\/www.institutodavisao.org.br\/area-do-medico\/wp-content\/uploads\/ANFITEATRO-JOSE-CARLOS-REYS-4-1536x1156.jpg 1536w, https:\/\/www.institutodavisao.org.br\/area-do-medico\/wp-content\/uploads\/ANFITEATRO-JOSE-CARLOS-REYS-4.jpg 1600w\" sizes=\"auto, (max-width: 1024px) 100vw, 1024px\" \/><\/figure>\n\n\n\n<figure class=\"wp-block-image size-large\"><img loading=\"lazy\" decoding=\"async\" width=\"1024\" height=\"771\" data-id=\"11440\" src=\"https:\/\/www.institutodavisao.org.br\/area-do-medico\/wp-content\/uploads\/ANFITEATRO-JOSE-CARLOS-REYS-15-1024x771.jpg\" alt=\"\" class=\"wp-image-11440\" srcset=\"https:\/\/www.institutodavisao.org.br\/area-do-medico\/wp-content\/uploads\/ANFITEATRO-JOSE-CARLOS-REYS-15-1024x771.jpg 1024w, https:\/\/www.institutodavisao.org.br\/area-do-medico\/wp-content\/uploads\/ANFITEATRO-JOSE-CARLOS-REYS-15-300x226.jpg 300w, https:\/\/www.institutodavisao.org.br\/area-do-medico\/wp-content\/uploads\/ANFITEATRO-JOSE-CARLOS-REYS-15-150x113.jpg 150w, https:\/\/www.institutodavisao.org.br\/area-do-medico\/wp-content\/uploads\/ANFITEATRO-JOSE-CARLOS-REYS-15-768x578.jpg 768w, https:\/\/www.institutodavisao.org.br\/area-do-medico\/wp-content\/uploads\/ANFITEATRO-JOSE-CARLOS-REYS-15-1536x1156.jpg 1536w, https:\/\/www.institutodavisao.org.br\/area-do-medico\/wp-content\/uploads\/ANFITEATRO-JOSE-CARLOS-REYS-15.jpg 1600w\" sizes=\"auto, (max-width: 1024px) 100vw, 1024px\" \/><\/figure>\n\n\n\n<figure class=\"wp-block-image size-large\"><img loading=\"lazy\" decoding=\"async\" width=\"1024\" height=\"768\" data-id=\"11439\" src=\"https:\/\/www.institutodavisao.org.br\/area-do-medico\/wp-content\/uploads\/ESPACO-PACHECO-5-1024x768.jpg\" alt=\"\" class=\"wp-image-11439\" srcset=\"https:\/\/www.institutodavisao.org.br\/area-do-medico\/wp-content\/uploads\/ESPACO-PACHECO-5-1024x768.jpg 1024w, https:\/\/www.institutodavisao.org.br\/area-do-medico\/wp-content\/uploads\/ESPACO-PACHECO-5-300x225.jpg 300w, https:\/\/www.institutodavisao.org.br\/area-do-medico\/wp-content\/uploads\/ESPACO-PACHECO-5-150x113.jpg 150w, https:\/\/www.institutodavisao.org.br\/area-do-medico\/wp-content\/uploads\/ESPACO-PACHECO-5-768x576.jpg 768w, https:\/\/www.institutodavisao.org.br\/area-do-medico\/wp-content\/uploads\/ESPACO-PACHECO-5-1536x1152.jpg 1536w, https:\/\/www.institutodavisao.org.br\/area-do-medico\/wp-content\/uploads\/ESPACO-PACHECO-5.jpg 1600w\" sizes=\"auto, (max-width: 1024px) 100vw, 1024px\" \/><\/figure>\n\n\n\n<figure class=\"wp-block-image size-large\"><img loading=\"lazy\" decoding=\"async\" width=\"1024\" height=\"768\" data-id=\"11432\" src=\"https:\/\/www.institutodavisao.org.br\/area-do-medico\/wp-content\/uploads\/SALA-EDA-1-1024x768.jpg\" alt=\"\" class=\"wp-image-11432\" srcset=\"https:\/\/www.institutodavisao.org.br\/area-do-medico\/wp-content\/uploads\/SALA-EDA-1-1024x768.jpg 1024w, https:\/\/www.institutodavisao.org.br\/area-do-medico\/wp-content\/uploads\/SALA-EDA-1-300x225.jpg 300w, https:\/\/www.institutodavisao.org.br\/area-do-medico\/wp-content\/uploads\/SALA-EDA-1-150x113.jpg 150w, https:\/\/www.institutodavisao.org.br\/area-do-medico\/wp-content\/uploads\/SALA-EDA-1-768x576.jpg 768w, https:\/\/www.institutodavisao.org.br\/area-do-medico\/wp-content\/uploads\/SALA-EDA-1-1536x1152.jpg 1536w, https:\/\/www.institutodavisao.org.br\/area-do-medico\/wp-content\/uploads\/SALA-EDA-1.jpg 1600w\" sizes=\"auto, (max-width: 1024px) 100vw, 1024px\" \/><\/figure>\n\n\n\n<figure class=\"wp-block-image size-large\"><img loading=\"lazy\" decoding=\"async\" width=\"1024\" height=\"768\" data-id=\"11437\" src=\"https:\/\/www.institutodavisao.org.br\/area-do-medico\/wp-content\/uploads\/ESPACO-PACHECO-9-1024x768.jpg\" alt=\"\" class=\"wp-image-11437\" srcset=\"https:\/\/www.institutodavisao.org.br\/area-do-medico\/wp-content\/uploads\/ESPACO-PACHECO-9-1024x768.jpg 1024w, https:\/\/www.institutodavisao.org.br\/area-do-medico\/wp-content\/uploads\/ESPACO-PACHECO-9-300x225.jpg 300w, https:\/\/www.institutodavisao.org.br\/area-do-medico\/wp-content\/uploads\/ESPACO-PACHECO-9-150x113.jpg 150w, https:\/\/www.institutodavisao.org.br\/area-do-medico\/wp-content\/uploads\/ESPACO-PACHECO-9-768x576.jpg 768w, https:\/\/www.institutodavisao.org.br\/area-do-medico\/wp-content\/uploads\/ESPACO-PACHECO-9-1536x1152.jpg 1536w, https:\/\/www.institutodavisao.org.br\/area-do-medico\/wp-content\/uploads\/ESPACO-PACHECO-9.jpg 1600w\" sizes=\"auto, (max-width: 1024px) 100vw, 1024px\" \/><\/figure>\n\n\n\n<figure class=\"wp-block-image size-large\"><img loading=\"lazy\" decoding=\"async\" width=\"771\" height=\"1024\" data-id=\"11433\" src=\"https:\/\/www.institutodavisao.org.br\/area-do-medico\/wp-content\/uploads\/HALL-771x1024.jpg\" alt=\"\" class=\"wp-image-11433\" srcset=\"https:\/\/www.institutodavisao.org.br\/area-do-medico\/wp-content\/uploads\/HALL-771x1024.jpg 771w, https:\/\/www.institutodavisao.org.br\/area-do-medico\/wp-content\/uploads\/HALL-226x300.jpg 226w, https:\/\/www.institutodavisao.org.br\/area-do-medico\/wp-content\/uploads\/HALL-113x150.jpg 113w, https:\/\/www.institutodavisao.org.br\/area-do-medico\/wp-content\/uploads\/HALL-768x1021.jpg 768w, https:\/\/www.institutodavisao.org.br\/area-do-medico\/wp-content\/uploads\/HALL-1156x1536.jpg 1156w, https:\/\/www.institutodavisao.org.br\/area-do-medico\/wp-content\/uploads\/HALL.jpg 1204w\" sizes=\"auto, (max-width: 771px) 100vw, 771px\" \/><\/figure>\n\n\n\n<figure class=\"wp-block-image size-large\"><img loading=\"lazy\" decoding=\"async\" width=\"771\" height=\"1024\" data-id=\"11436\" src=\"https:\/\/www.institutodavisao.org.br\/area-do-medico\/wp-content\/uploads\/ESCADARIA-ENTRADA-771x1024.jpg\" alt=\"\" class=\"wp-image-11436\" srcset=\"https:\/\/www.institutodavisao.org.br\/area-do-medico\/wp-content\/uploads\/ESCADARIA-ENTRADA-771x1024.jpg 771w, https:\/\/www.institutodavisao.org.br\/area-do-medico\/wp-content\/uploads\/ESCADARIA-ENTRADA-226x300.jpg 226w, https:\/\/www.institutodavisao.org.br\/area-do-medico\/wp-content\/uploads\/ESCADARIA-ENTRADA-113x150.jpg 113w, https:\/\/www.institutodavisao.org.br\/area-do-medico\/wp-content\/uploads\/ESCADARIA-ENTRADA-768x1021.jpg 768w, https:\/\/www.institutodavisao.org.br\/area-do-medico\/wp-content\/uploads\/ESCADARIA-ENTRADA-1156x1536.jpg 1156w, https:\/\/www.institutodavisao.org.br\/area-do-medico\/wp-content\/uploads\/ESCADARIA-ENTRADA.jpg 1204w\" sizes=\"auto, (max-width: 771px) 100vw, 771px\" \/><\/figure>\n<\/figure>\n\n\n\n<div class=\"wp-block-group d-none\"><div class=\"wp-block-group__inner-container is-layout-constrained wp-block-group-is-layout-constrained\">\n<p><strong>Para mais informa\u00e7\u00f5es entre em contato:<\/strong><\/p>\n\n\n\n<p><strong>Telefone\/WhatsApp: <\/strong><a rel=\"noreferrer noopener\" href=\"https:\/\/wa.me\/551130164089\" target=\"_blank\">(11) 3016-4099<\/a><\/p>\n\n\n\n<p><strong>E-mail:<\/strong> <a href=\"mailto:secretaria.ensino@institutodavisao.org.br\" target=\"_blank\" rel=\"noreferrer noopener\">secretaria.ensino@institutodavisao.org.br<\/a><\/p>\n\n\n\n<p><strong>AUDIT\u00d3RIO E SALA<\/strong>: No espa\u00e7o da Vila Clementino, o Instituto Paulista de Estudos e Pesquisa em Oftalmologia &#8211; IPEPO disp\u00f5e de um amplo e confort\u00e1vel audit\u00f3rio dispon\u00edvel para loca\u00e7\u00e3o, com 96m\u00b2 de \u00e1rea total. Venha conferir de perto!<\/p>\n\n\n\n<div style=\"height:20px\" aria-hidden=\"true\" class=\"wp-block-spacer\"><\/div>\n\n\n\n<figure class=\"wp-block-gallery has-nested-images columns-default is-cropped wp-block-gallery-2 is-layout-flex wp-block-gallery-is-layout-flex\">\n<figure class=\"wp-block-image size-large\"><img loading=\"lazy\" decoding=\"async\" width=\"1024\" height=\"683\" data-id=\"6559\" src=\"https:\/\/www.institutodavisao.org.br\/area-do-medico\/wp-content\/uploads\/001-1024x683.jpg\" alt=\"\" class=\"wp-image-6559\" srcset=\"https:\/\/www.institutodavisao.org.br\/area-do-medico\/wp-content\/uploads\/001-1024x683.jpg 1024w, https:\/\/www.institutodavisao.org.br\/area-do-medico\/wp-content\/uploads\/001-300x200.jpg 300w, https:\/\/www.institutodavisao.org.br\/area-do-medico\/wp-content\/uploads\/001-150x100.jpg 150w, https:\/\/www.institutodavisao.org.br\/area-do-medico\/wp-content\/uploads\/001-768x513.jpg 768w, https:\/\/www.institutodavisao.org.br\/area-do-medico\/wp-content\/uploads\/001-1536x1025.jpg 1536w, https:\/\/www.institutodavisao.org.br\/area-do-medico\/wp-content\/uploads\/001-2048x1367.jpg 2048w\" sizes=\"auto, (max-width: 1024px) 100vw, 1024px\" \/><\/figure>\n\n\n\n<figure class=\"wp-block-image size-large\"><img loading=\"lazy\" decoding=\"async\" width=\"1024\" height=\"683\" data-id=\"6561\" src=\"https:\/\/www.institutodavisao.org.br\/area-do-medico\/wp-content\/uploads\/003-1024x683.jpg\" alt=\"\" class=\"wp-image-6561\" srcset=\"https:\/\/www.institutodavisao.org.br\/area-do-medico\/wp-content\/uploads\/003-1024x683.jpg 1024w, https:\/\/www.institutodavisao.org.br\/area-do-medico\/wp-content\/uploads\/003-300x200.jpg 300w, https:\/\/www.institutodavisao.org.br\/area-do-medico\/wp-content\/uploads\/003-150x100.jpg 150w, https:\/\/www.institutodavisao.org.br\/area-do-medico\/wp-content\/uploads\/003-768x513.jpg 768w, https:\/\/www.institutodavisao.org.br\/area-do-medico\/wp-content\/uploads\/003-1536x1025.jpg 1536w, https:\/\/www.institutodavisao.org.br\/area-do-medico\/wp-content\/uploads\/003-2048x1367.jpg 2048w\" sizes=\"auto, (max-width: 1024px) 100vw, 1024px\" \/><\/figure>\n\n\n\n<figure class=\"wp-block-image size-large\"><img loading=\"lazy\" decoding=\"async\" width=\"1024\" height=\"768\" data-id=\"6562\" src=\"https:\/\/www.institutodavisao.org.br\/area-do-medico\/wp-content\/uploads\/PHOTO-2019-04-26-09-05-21-2-1024x768.jpg\" alt=\"\" class=\"wp-image-6562\" srcset=\"https:\/\/www.institutodavisao.org.br\/area-do-medico\/wp-content\/uploads\/PHOTO-2019-04-26-09-05-21-2-1024x768.jpg 1024w, https:\/\/www.institutodavisao.org.br\/area-do-medico\/wp-content\/uploads\/PHOTO-2019-04-26-09-05-21-2-300x225.jpg 300w, https:\/\/www.institutodavisao.org.br\/area-do-medico\/wp-content\/uploads\/PHOTO-2019-04-26-09-05-21-2-150x113.jpg 150w, https:\/\/www.institutodavisao.org.br\/area-do-medico\/wp-content\/uploads\/PHOTO-2019-04-26-09-05-21-2-768x576.jpg 768w, https:\/\/www.institutodavisao.org.br\/area-do-medico\/wp-content\/uploads\/PHOTO-2019-04-26-09-05-21-2.jpg 1280w\" sizes=\"auto, (max-width: 1024px) 100vw, 1024px\" \/><\/figure>\n\n\n\n<figure class=\"wp-block-image size-large\"><img loading=\"lazy\" decoding=\"async\" width=\"1024\" height=\"768\" data-id=\"6563\" src=\"https:\/\/www.institutodavisao.org.br\/area-do-medico\/wp-content\/uploads\/PHOTO-2019-04-26-09-05-21-3-1024x768.jpg\" alt=\"\" class=\"wp-image-6563\" srcset=\"https:\/\/www.institutodavisao.org.br\/area-do-medico\/wp-content\/uploads\/PHOTO-2019-04-26-09-05-21-3-1024x768.jpg 1024w, https:\/\/www.institutodavisao.org.br\/area-do-medico\/wp-content\/uploads\/PHOTO-2019-04-26-09-05-21-3-300x225.jpg 300w, https:\/\/www.institutodavisao.org.br\/area-do-medico\/wp-content\/uploads\/PHOTO-2019-04-26-09-05-21-3-150x113.jpg 150w, https:\/\/www.institutodavisao.org.br\/area-do-medico\/wp-content\/uploads\/PHOTO-2019-04-26-09-05-21-3-768x576.jpg 768w, https:\/\/www.institutodavisao.org.br\/area-do-medico\/wp-content\/uploads\/PHOTO-2019-04-26-09-05-21-3.jpg 1280w\" sizes=\"auto, (max-width: 1024px) 100vw, 1024px\" \/><\/figure>\n<\/figure>\n\n\n\n<div style=\"height:20px\" aria-hidden=\"true\" class=\"wp-block-spacer\"><\/div>\n\n\n\n<ul class=\"wp-block-list\">\n<li>Tr\u00eas banheiros<\/li>\n\n\n\n<li>Ambiente climatizado e infraestrutura moderna<\/li>\n\n\n\n<li>Recursos Audiovisuais<\/li>\n\n\n\n<li>Pr\u00f3ximo ao metr\u00f4 Hospital S\u00e3o Paulo<\/li>\n\n\n\n<li>Estacionamento<\/li>\n<\/ul>\n<\/div><\/div>\n\n\n\n<div style=\"height:20px\" aria-hidden=\"true\" class=\"wp-block-spacer\"><\/div>\n","protected":false},"excerpt":{"rendered":"<p>A unidade CIPO (Centro de Integra\u00e7\u00e3o e Pesquisa em Oftalmologia) \u00e9 a mais nova extens\u00e3o do Instituto da Vis\u00e3o (IPEPO) e vem para refor\u00e7ar o compromisso do instituto com a excel\u00eancia na educa\u00e7\u00e3o e dissemina\u00e7\u00e3o de conhecimento na \u00e1rea da sa\u00fade ocular. Localizado na Vila Clementino, em S\u00e3o Paulo, o CIPO \u00e9 um espa\u00e7o dedicado [&hellip;]<\/p>\n","protected":false},"author":1,"featured_media":0,"parent":76,"menu_order":0,"comment_status":"closed","ping_status":"closed","template":"","meta":{"_acf_changed":false,"_joinchat":[],"footnotes":""},"class_list":["post-6547","page","type-page","status-publish","hentry"],"acf":[],"_links":{"self":[{"href":"https:\/\/www.institutodavisao.org.br\/area-do-medico\/wp-json\/wp\/v2\/pages\/6547","targetHints":{"allow":["GET"]}}],"collection":[{"href":"https:\/\/www.institutodavisao.org.br\/area-do-medico\/wp-json\/wp\/v2\/pages"}],"about":[{"href":"https:\/\/www.institutodavisao.org.br\/area-do-medico\/wp-json\/wp\/v2\/types\/page"}],"author":[{"embeddable":true,"href":"https:\/\/www.institutodavisao.org.br\/area-do-medico\/wp-json\/wp\/v2\/users\/1"}],"replies":[{"embeddable":true,"href":"https:\/\/www.institutodavisao.org.br\/area-do-medico\/wp-json\/wp\/v2\/comments?post=6547"}],"version-history":[{"count":8,"href":"https:\/\/www.institutodavisao.org.br\/area-do-medico\/wp-json\/wp\/v2\/pages\/6547\/revisions"}],"predecessor-version":[{"id":11553,"href":"https:\/\/www.institutodavisao.org.br\/area-do-medico\/wp-json\/wp\/v2\/pages\/6547\/revisions\/11553"}],"up":[{"embeddable":true,"href":"https:\/\/www.institutodavisao.org.br\/area-do-medico\/wp-json\/wp\/v2\/pages\/76"}],"wp:attachment":[{"href":"https:\/\/www.institutodavisao.org.br\/area-do-medico\/wp-json\/wp\/v2\/media?parent=6547"}],"curies":[{"name":"wp","href":"https:\/\/api.w.org\/{rel}","templated":true}]}}