{"id":66,"date":"2020-06-17T13:28:15","date_gmt":"2020-06-17T16:28:15","guid":{"rendered":"https:\/\/www.institutodavisao.org.br\/site\/area-do-medico\/?page_id=66"},"modified":"2022-08-26T12:15:34","modified_gmt":"2022-08-26T15:15:34","slug":"quero-doar","status":"publish","type":"page","link":"https:\/\/www.institutodavisao.org.br\/area-do-medico\/parceiros-do-ipepo\/quero-doar\/","title":{"rendered":"Quero doar"},"content":{"rendered":"\n<p>Torne-se nosso mantenedor. Sua contribui\u00e7\u00e3o, independente do valor, \u00e9 muito importante para o crescimento do <strong>Instituto da Vis\u00e3o &#8211; IPEPO<\/strong>.<\/p>\n\n\n\n<p><strong>A op\u00e7\u00e3o para doa\u00e7\u00e3o \u00e9 somente por dep\u00f3sito, atrav\u00e9s da seguinte conta:<\/strong><\/p>\n\n\n\n<p><strong>Banco Santander (033)<\/strong><br><strong>Ag:<\/strong> 0212<br><strong>C\/C:<\/strong> 13005520-7<br><strong>CNPJ:<\/strong> 67.187.070\/0001-71<br>INSTITUTO PAULISTA DE ESTUDOS E PESQUISA EM OFTALMOLOGIA \u2013 IPEPO<\/p>\n","protected":false},"excerpt":{"rendered":"<p>Torne-se nosso mantenedor. Sua contribui\u00e7\u00e3o, independente do valor, \u00e9 muito importante para o crescimento do Instituto da Vis\u00e3o &#8211; IPEPO. A op\u00e7\u00e3o para doa\u00e7\u00e3o \u00e9 somente por dep\u00f3sito, atrav\u00e9s da seguinte conta: Banco Santander (033)Ag: 0212C\/C: 13005520-7CNPJ: 67.187.070\/0001-71INSTITUTO PAULISTA DE ESTUDOS E PESQUISA EM OFTALMOLOGIA \u2013 IPEPO<\/p>\n","protected":false},"author":1,"featured_media":0,"parent":62,"menu_order":0,"comment_status":"closed","ping_status":"closed","template":"","meta":{"_acf_changed":false,"_joinchat":[],"footnotes":""},"class_list":["post-66","page","type-page","status-publish","hentry"],"acf":[],"_links":{"self":[{"href":"https:\/\/www.institutodavisao.org.br\/area-do-medico\/wp-json\/wp\/v2\/pages\/66","targetHints":{"allow":["GET"]}}],"collection":[{"href":"https:\/\/www.institutodavisao.org.br\/area-do-medico\/wp-json\/wp\/v2\/pages"}],"about":[{"href":"https:\/\/www.institutodavisao.org.br\/area-do-medico\/wp-json\/wp\/v2\/types\/page"}],"author":[{"embeddable":true,"href":"https:\/\/www.institutodavisao.org.br\/area-do-medico\/wp-json\/wp\/v2\/users\/1"}],"replies":[{"embeddable":true,"href":"https:\/\/www.institutodavisao.org.br\/area-do-medico\/wp-json\/wp\/v2\/comments?post=66"}],"version-history":[{"count":1,"href":"https:\/\/www.institutodavisao.org.br\/area-do-medico\/wp-json\/wp\/v2\/pages\/66\/revisions"}],"predecessor-version":[{"id":9739,"href":"https:\/\/www.institutodavisao.org.br\/area-do-medico\/wp-json\/wp\/v2\/pages\/66\/revisions\/9739"}],"up":[{"embeddable":true,"href":"https:\/\/www.institutodavisao.org.br\/area-do-medico\/wp-json\/wp\/v2\/pages\/62"}],"wp:attachment":[{"href":"https:\/\/www.institutodavisao.org.br\/area-do-medico\/wp-json\/wp\/v2\/media?parent=66"}],"curies":[{"name":"wp","href":"https:\/\/api.w.org\/{rel}","templated":true}]}}