{"id":6825,"date":"2020-09-29T15:54:40","date_gmt":"2020-09-29T18:54:40","guid":{"rendered":"https:\/\/www.institutodavisao.org.br\/site\/area-do-medico\/?page_id=6825"},"modified":"2021-11-08T12:13:43","modified_gmt":"2021-11-08T15:13:43","slug":"fellowship-em-retina-e-vitreo","status":"publish","type":"page","link":"https:\/\/www.institutodavisao.org.br\/area-do-medico\/fellowship-em-retina-e-vitreo\/","title":{"rendered":"Fellowship em Retina e V\u00edtreo"},"content":{"rendered":"\n<h2 class=\"wp-block-heading\"><strong>Resultado<\/strong><\/h2>\n\n\n\n<a class=\"btn_inscricaoEdital\" href=\"https:\/\/institutodavisao2.websiteseguro.com\/area-do-medico\/fellowship\/resultado-fellowship-em-retina-e-vitreo\/\" rel=\"noopener noreferrer\"> Veja o resultado aqui <\/a>\n\n\n\n<figure class=\"wp-block-image size-large\"><img loading=\"lazy\" decoding=\"async\" width=\"1024\" height=\"157\" src=\"https:\/\/institutodavisao2.websiteseguro.com\/area-do-medico\/wp-content\/uploads\/2020-12-10-banner-portal-ipepo-1110x170-retina-e-vitreo-1024x157.png\" alt=\"\" class=\"wp-image-7198\" srcset=\"https:\/\/www.institutodavisao.org.br\/area-do-medico\/wp-content\/uploads\/2020-12-10-banner-portal-ipepo-1110x170-retina-e-vitreo-1024x157.png 1024w, https:\/\/www.institutodavisao.org.br\/area-do-medico\/wp-content\/uploads\/2020-12-10-banner-portal-ipepo-1110x170-retina-e-vitreo-300x46.png 300w, https:\/\/www.institutodavisao.org.br\/area-do-medico\/wp-content\/uploads\/2020-12-10-banner-portal-ipepo-1110x170-retina-e-vitreo-150x23.png 150w, https:\/\/www.institutodavisao.org.br\/area-do-medico\/wp-content\/uploads\/2020-12-10-banner-portal-ipepo-1110x170-retina-e-vitreo-768x118.png 768w, https:\/\/www.institutodavisao.org.br\/area-do-medico\/wp-content\/uploads\/2020-12-10-banner-portal-ipepo-1110x170-retina-e-vitreo.png 1110w\" sizes=\"auto, (max-width: 1024px) 100vw, 1024px\" \/><\/figure>\n\n\n\n<h2 class=\"wp-block-heading\"><strong>SOBRE O CURSO<\/strong><\/h2>\n\n\n\n<p>O&nbsp;<strong>Instituto da Vis\u00e3o (IPEPO)<\/strong>&nbsp;mant\u00e9m o&nbsp;<strong>Programa de Fellowship em RETINA e V\u00cdTREO<\/strong>&nbsp;desde 2015 e tem como objetivo formar especialistas em retina, com ampla experi\u00eancia cl\u00ednica e cir\u00fargica.<\/p>\n\n\n\n<p>O fellow ter\u00e1 oportunidade de entrar em contato com a mais avan\u00e7ada tecnologia dispon\u00edvel para diagn\u00f3stico e terap\u00eautica na \u00e1rea de retina cl\u00ednica e cir\u00fargica.<\/p>\n\n\n\n<p>O programa trar\u00e1 ainda oportunidade de desenvolver produ\u00e7\u00e3o cient\u00edfica, al\u00e9m da participa\u00e7\u00e3o em cursos e congressos nacionais e internacionais.<br>H\u00e1 tamb\u00e9m a possibilidade do m\u00e9dico fellow cursar est\u00e1gios no exterior ap\u00f3s o treinamento.<\/p>\n\n\n\n<p>O aprendizado do m\u00e9dico oftalmologista fellow em Retina e V\u00edtreo \u00e9 baseado em sua pr\u00e1tica di\u00e1ria nos ambulat\u00f3rios, centros diagn\u00f3sticos e centro cir\u00fargico. As atividades ser\u00e3o desenvolvidas em diversos locais, sob supervis\u00e3o e responsabilidade direta dos respons\u00e1veis em cada setor. S\u00e3o eles:<\/p>\n\n\n\n<div style=\"height:25px\" aria-hidden=\"true\" class=\"wp-block-spacer\"><\/div>\n\n\n\n<p><strong>Unidade Sede \u2013 Vila Clementino<\/strong><br>Rua Borges Lagoa, 1083 \u2013 11\u00ba andar \u2013 Vila Clementino \u2013 S\u00e3o Paulo\/SP.<br>Preceptores: Dr. Renato Passos e Dr. Paulo Henrique Morales.<br>Atividades: atendimento ambulatorial, laser, pesquisa cl\u00ednica e centro cir\u00fargico.&nbsp;<\/p>\n\n\n\n<div style=\"height:25px\" aria-hidden=\"true\" class=\"wp-block-spacer\"><\/div>\n\n\n\n<p><strong>Unidade Itaquera<\/strong><br>Rua Porto Xavier, 66 &#8211; Itaquera \u2013 S\u00e3o Paulo\/SP.<br>Respons\u00e1vel: Dr. Gustavo Torres.<br>Atividades: atendimento ambulatorial, laser e triagem cir\u00fargica.<\/p>\n\n\n\n<div style=\"height:25px\" aria-hidden=\"true\" class=\"wp-block-spacer\"><\/div>\n\n\n\n<p>&nbsp;<strong>Unidade V\u00e1rzea do Carmo<\/strong><br>Rua Leopoldo Miguez, 327 &#8211; Cambuci \u2013 S\u00e3o Paulo\/SP.<br>Preceptor: Dr. Vinicius Saraiva.<br>Atividades: atendimento ambulatorial, laser, centro cir\u00fargico e inje\u00e7\u00f5es intrav\u00edtreas.&nbsp;<\/p>\n\n\n\n<div style=\"height:25px\" aria-hidden=\"true\" class=\"wp-block-spacer\"><\/div>\n\n\n\n<p><strong>Centro Oftalmol\u00f3gico S\u00e3o Paulo (CEOSP)<\/strong><br>Av. Ibija\u00fa, 331 \u2013 2\u00ba ao 5\u00ba andar \u2013 Moema \u2013 S\u00e3o Paulo\/SP.<br>Preceptor: Dr. Michel Eid Farah.<br>Atividades: atendimento ambulatorial, laser, centro cir\u00fargico e inje\u00e7\u00f5es intrav\u00edtreas.&nbsp;<\/p>\n\n\n\n<div style=\"height:25px\" aria-hidden=\"true\" class=\"wp-block-spacer\"><\/div>\n\n\n\n<p><strong>Retina Clinic<\/strong><br>Unidade Estados Unidos: Rua Estados Unidos, 1881 &#8211; S\u00e3o Paulo\/SP.<br>Unidade Gabriel: Al Gabriel Monteiro da Silva, 987 &#8211; S\u00e3o Paulo\/SP.<br>Preceptor: Dr. Andr\u00e9 Maia.<br>Atividades: atendimento ambulatorial, laser, centro cir\u00fargico, inje\u00e7\u00f5es intrav\u00edtreas e pesquisa.<\/p>\n\n\n\n<h3 class=\"wp-block-heading\"><strong>Comiss\u00e3o de Ensino<\/strong><\/h3>\n\n\n\n<ul class=\"wp-block-list\"><li>Dr. Rubens Belfort Jr<\/li><li>Dr. Michel Eid Farah<\/li><li>Dr. Maur\u00edcio Maia<\/li><li>Dr. Andr\u00e9 Maia<\/li><li>Dra. Nilva Moraes<\/li><li>Dr. Vin\u00edcius Saraiva<\/li><li>Dr. Renato Passos<\/li><\/ul>\n\n\n\n<h3 class=\"wp-block-heading\"><strong>Cronograma das Atividades Te\u00f3ricas e Pr\u00e1ticas \u2013 Dura\u00e7\u00e3o e Carga Hor\u00e1ria.<\/strong><\/h3>\n\n\n\n<p>As atividades semanais para os fellows do primeiro ano (E1) s\u00e3o distribu\u00eddas entre as 5 unidades principais, totalizando 10 per\u00edodos de segunda a sexta-feira. O foco no 1\u00b0 ano \u00e9 em atividades cl\u00ednicas (atendimento ambulatorial, triagem cir\u00fargica, laser) e pesquisa, com algumas participa\u00e7\u00f5es em centro cir\u00fargico, sempre acompanhado do preceptor ou fellow do 2\u00ba ano.<\/p>\n\n\n\n<div style=\"height:25px\" aria-hidden=\"true\" class=\"wp-block-spacer\"><\/div>\n\n\n\n<p>As atividades semanais para os fellows do segundo ano (E2) detalhadas na escala abaixo tem um foco maior no aprendizado cir\u00fargico, possuindo uma m\u00e9dia de 5 a 6 per\u00edodos cir\u00fargicos semanais. Os demais per\u00edodos s\u00e3o preenchidos com atividades de ambulat\u00f3rio, pesquisa, estudos aut\u00f4nomos e prepara\u00e7\u00e3o de aulas e semin\u00e1rios. Espera-se que no 2\u00b0 ano o fellow j\u00e1 tenha autonomia para condu\u00e7\u00e3o dos casos cir\u00fargicos.<\/p>\n\n\n\n<h3 class=\"wp-block-heading\"><strong>Atividades Complementares<\/strong><\/h3>\n\n\n\n<p>Est\u00e1gio de 1 m\u00eas intensivo no Hospital de Olhos Oeste Paulista (HOOP) sob supervis\u00e3o direta do Prof. Dr. Maur\u00edcio Maia. Cada fellow passar\u00e1 1 m\u00eas hospedado em Assis\/SP acompanhando e participando ativamente das atividades do servi\u00e7o (ensino, pesquisa e assist\u00eancia). As despesas ser\u00e3o subsidiadas.<\/p>\n\n\n\n<div style=\"height:25px\" aria-hidden=\"true\" class=\"wp-block-spacer\"><\/div>\n\n\n\n<p>Rod\u00edzio nas maternidades Santa Joana e Pro-Matre sob supervis\u00e3o da Prof\u00aa Dra. Nilva Bueno S. Moraes. Atividades realizadas \u00e0s quartas ou quintas-feiras \u00e0 noite. O fellow ser\u00e1 capacitado para realizar a triagem, acompanhamento e tratamento de rec\u00e9m-nascidos (retinopatia da prematuridade).<\/p>\n\n\n\n<div style=\"height:25px\" aria-hidden=\"true\" class=\"wp-block-spacer\"><\/div>\n\n\n\n<p>Atividades de Pesquisa. O IPEPO, bem como seus afiliados, possui intensa atividade acad\u00eamica e de pesquisa nacional e internacional, al\u00e9m de in\u00fameras parcerias com empresas privadas, universidades e \u00f3rg\u00e3os de fomento. Espera-se que o fellow do IPEPO compartilhe deste entusiasmo e participe ativamente das atividades cient\u00edficas da institui\u00e7\u00e3o, incluindo a participa\u00e7\u00e3o e autoria em publica\u00e7\u00f5es cient\u00edficas de alto impacto. \u00c9 grande a possibilidade de continuar o treinamento no exterior e\/ou p\u00f3s-gradua\u00e7\u00e3o. <\/p>\n\n\n\n<h3 class=\"wp-block-heading\"><strong>Dura\u00e7\u00e3o<\/strong><\/h3>\n\n\n\n<p>Mar\u00e7o de 2021 a Fevereiro de 2023 (2 anos)<\/p>\n\n\n\n<h3 class=\"wp-block-heading\"><strong>Carga hor\u00e1ria<\/strong><\/h3>\n\n\n\n<p>Integral (segunda a sexta dia todo, s\u00e1bado manh\u00e3)<\/p>\n\n\n\n<h3 class=\"wp-block-heading\"><strong>Locais de est\u00e1gio<\/strong><\/h3>\n\n\n\n<p>Instituto da Vis\u00e3o e institui\u00e7\u00f5es afiliadas<\/p>\n\n\n\n<h3 class=\"wp-block-heading\"><strong>Vagas<\/strong><\/h3>\n\n\n\n<p>O concurso \u00e9 destinado para a sele\u00e7\u00e3o de duas (02) vagas para o Programa de Fellowship em Retina e V\u00edtreo do Instituto da Vis\u00e3o IPEPO.<\/p>\n\n\n\n<h3 class=\"wp-block-heading\"><strong>Inscri\u00e7\u00f5es<\/strong><\/h3>\n\n\n\n<p class=\"area_dadosBanco\">Valor da Inscri\u00e7\u00e3o R$ 400,00 (quatrocentos reais).<br>Banco Santander (033)<br>Ag\u00eancia 0212&nbsp;<br>Conta Corrente 13005409-3<br>CPNJ: 67.187.070\/0001-71<\/p>\n\n\n\n<p>As inscri\u00e7\u00f5es dever\u00e3o ser feitas atrav\u00e9s do site, a partir do bot\u00e3o abaixo.<br>Ap\u00f3s an\u00e1lise da documenta\u00e7\u00e3o receber\u00e3o e-mail confirmat\u00f3rio com instru\u00e7\u00f5es.<\/p>\n\n\n\n<a class=\"btn_inscricaoEdital d-none\" href=\"https:\/\/forms.gle\/SdrwgZWk8tVSD9ti8\" target=\"_blank\" rel=\"noopener noreferrer\"> Fa\u00e7a sua inscri\u00e7\u00e3o <\/a>\n\n\n\n<a class=\"btn_inscricaoEdital btn-encerrada\"> Inscri\u00e7\u00f5es encerradas <\/a>\n\n\n\n<p>Informa\u00e7\u00f5es pelo e-mail&nbsp;<a href=\"mailto:secretaria.ensino@institutodavisao2.websiteseguro.com\">secretaria.ensino@institutodavisao2.websiteseguro.com<\/a>&nbsp;ou WhatsApp 3016-4099<\/p>\n\n\n\n<p><strong>Data de Encerramento das Inscri\u00e7\u00f5es<\/strong><br>12 de janeiro de 2021<\/p>\n\n\n\n<p><\/p>\n\n\n\n<h3 class=\"wp-block-heading\"><strong>Requisitos<\/strong><\/h3>\n\n\n\n<ul class=\"wp-block-list\" type=\"1\"><li>Resid\u00eancia M\u00e9dica em Oftalmologia, cursada por&nbsp;<strong>3 (tr\u00eas) anos<\/strong>&nbsp;em servi\u00e7o reconhecido&nbsp;<strong>CBO e\/ou MEC<\/strong>;<\/li><li>Experi\u00eancia cir\u00fargica: atua\u00e7\u00e3o em um m\u00ednimo de&nbsp;<strong>100 (cem) cirurgias<\/strong>&nbsp;de catarata, com a t\u00e9cnica de facoemulsifica\u00e7\u00e3o.<\/li><li>Ser m\u00e9dico oftalmologista com diploma reconhecido pelo Minist\u00e9rio da Educa\u00e7\u00e3o e\/ou Conselho Brasileiro de Oftalmologia.<\/li><li>Possuir registro efetivo ou provis\u00f3rio no Conselho Regional de Medicina do Estado de S\u00e3o Paulo (CREMESP).<\/li><li>Possuir ou apresentar ate o final dos primeiros 3 meses do programa, o T\u00edtulo de Especialista em Oftalmologia pelo Conselho Brasileiro de Oftalmologia\/AMB e\/ou Comiss\u00e3o Nacional de Resid\u00eancia M\u00e9dica\/MEC.<\/li><\/ul>\n\n\n\n<h3 class=\"wp-block-heading\"><strong>Processo Seletivo<\/strong><\/h3>\n\n\n\n<p>O processo seletivo ser\u00e1 composto de prova te\u00f3rica com quest\u00f5es de m\u00faltiplas escolha em Oftalmologia Geral, prova te\u00f3rico-pr\u00e1tica com quest\u00f5es dissertativas sobre imagens em Retina, entrevista com an\u00e1lise de curr\u00edculo e prova de aptid\u00e3o pr\u00e1tica em simulador cir\u00fargico de catarata.<\/p>\n\n\n\n<p>Detalhes do processo seletivo (datas, locais, prazos) estar\u00e3o especificados em outras fontes disponibilizadas em meios de comunica\u00e7\u00e3o p\u00fablicos (internet e redes sociais do IPEPO).<\/p>\n\n\n\n<h3 class=\"wp-block-heading\"><strong>Crit\u00e9rios de Sele\u00e7\u00e3o<\/strong><\/h3>\n\n\n\n<h3 class=\"borderBottomTitulo wp-block-heading\">Primeira Fase<\/h3>\n\n\n\n<ul class=\"wp-block-list\"><li>Prova Te\u00f3rica em Oftalmologia Geral + Imagens em Retina<\/li><li>Data: 14\/01\/2021 in\u00edcio da prova \u00e0s 8:00 pontualmente<\/li><li>Local: Rua Borges Lagoa, 1083, 10\u00b0 andar. S\u00e3o Paulo\/SP<\/li><li>Telefone: (11) 3016-4080<\/li><\/ul>\n\n\n\n<h3 class=\"borderBottomTitulo wp-block-heading\"><strong>Segunda Fase<\/strong><\/h3>\n\n\n\n<ul class=\"wp-block-list\"><li>Entrevista e an\u00e1lise de curr\u00edculo<\/li><li>Ser\u00e3o selecionados os 10 candidatos com as melhores notas na primeira fase para uma entrevista + an\u00e1lise de curr\u00edculo (levar impresso)<\/li><li>Data: 14\/01\/2021<\/li><li>Local: Rua Borges Lagoa, 1083, 10\u00b0 andar. S\u00e3o Paulo\/SP<\/li><li>Telefone: (11) 3016-4080<\/li><\/ul>\n\n\n\n<h3 class=\"borderBottomTitulo wp-block-heading\"><strong>Terceira Fase<\/strong><\/h3>\n\n\n\n<ul class=\"wp-block-list\"><li>Prova Pr\u00e1tica<\/li><li>Os 10 selecionados para a segunda fase ser\u00e3o encaminhados para realizar uma prova pr\u00e1tica no simulador de cirurgia <a href=\"https:\/\/www.vrmagic.com\/medical-simulators\/eyesi-surgical\">vrmagic.com<\/a><\/li><li>Data: 14\/01\/2021 per\u00edodo da tarde<\/li><li>Local: Avenida Di\u00f3genes Ribeiro de Lima, 325&nbsp;\u2013 Alto de Pinheiros&nbsp;\u2013 S\u00e3o Paulo\/SP<\/li><\/ul>\n\n\n\n<h3 class=\"has-text-align-left wp-block-heading\"><strong>Errata<\/strong><\/h3>\n\n\n\n<ul class=\"wp-block-list\"><li> <strong><span class=\"has-inline-color has-vivid-red-color\">As provas te\u00f3rica e de imagem continuam presenciais e no mesmo hor\u00e1rio.<\/span><\/strong><\/li><li><strong><span class=\"has-inline-color has-vivid-red-color\">O <stronger><em>06 melhores colocados e n\u00e3o mais 10<\/em><\/stronger> ser\u00e3o convocados para a entrevista via zoom e aprovados para a segunda fase do simulador.<\/span><\/strong><\/li><li><strong><span class=\"has-inline-color has-vivid-red-color\">A entrevista n\u00e3o ser\u00e1 mais presencial, ser\u00e1 virtual pelo zoom com hor\u00e1rio previsto entre 11 &#8211; 12hs (ap\u00f3s as provas)<\/span><\/strong><\/li><\/ul>\n\n\n\n<h3 class=\"wp-block-heading\"><strong>Convoca\u00e7\u00e3o e Matr\u00edcula<\/strong><\/h3>\n\n\n\n<p>Os candidatos aprovados e convocados de acordo com o n\u00famero de vagas dispon\u00edveis dever\u00e3o comparecer \u00e0 sede do Instituto da Vis\u00e3o \u2013 IPEPO, situado \u00e0 Rua Borges Lagoa 1083, 13\u00ba andar, para efetuar a matr\u00edcula, apresentando os seguintes documentos:<\/p>\n\n\n\n<ul class=\"wp-block-list\"><li>2 fotos 3&#215;4.<\/li><li>X\u00e9rox autenticado da Carteira de Identidade.<\/li><li>X\u00e9rox autenticado do CPF.<\/li><li>X\u00e9rox autenticado do diploma de medicina ou declara\u00e7\u00e3o de conclus\u00e3o do curso e t\u00edtulo de especialista pelo CBO\/AMB e\/ou CNRM\/MEC.<\/li><li>Original e x\u00e9rox autenticada da Carteira do CRM.<\/li><\/ul>\n\n\n\n<h3 class=\"wp-block-heading\"><strong>Matr\u00edcula<\/strong><\/h3>\n\n\n\n<p>O candidato pagar\u00e1 por ocasi\u00e3o da matr\u00edcula taxa no valor de R$ 1.200,00 (Hum Mil e Duzentos Reais).<\/p>\n\n\n\n<hr class=\"wp-block-separator\"\/>\n\n\n\n<h3 class=\"wp-block-heading\"><strong>Coordenadores<\/strong><\/h3>\n\n\n\n<p>Dr. Michel Eid Farah<br>Dr. Maur\u00edcio Maia<br>Dr. Andr\u00e9 Maia<br>Dra. Nilva B. Moraes<br>Dr. Vinicius Saraiva<br>Dr. Paulo Henrique Morales<br>Dr. Renato M. Passos<br>Dr. Rubens Belfort M. Jr.<\/p>\n\n\n\n<h3 class=\"wp-block-heading\"><strong>Respons\u00e1veis<\/strong><\/h3>\n\n\n\n<p>Dr. Rubens Belfort Jr<br>Dr. Michel Farah<br>Dr. Maur\u00edcio Maia<br>Dr. Andr\u00e9 Maia<br>Dra. Nilva Moraes<br>Dr. Vin\u00edcius Saraiva<br>Dr. Renato Passos<\/p>\n\n\n\n<h3 class=\"wp-block-heading\"><strong>Coordenador de Resid\u00eancia M\u00e9dica e Fellowship<\/strong><\/h3>\n\n\n\n<p>Dr. Eric Pinheiro de Andrade<\/p>\n\n\n\n<p><\/p>\n","protected":false},"excerpt":{"rendered":"<p>Resultado Veja o resultado aqui SOBRE O CURSO O&nbsp;Instituto da Vis\u00e3o (IPEPO)&nbsp;mant\u00e9m o&nbsp;Programa de Fellowship em RETINA e V\u00cdTREO&nbsp;desde 2015 e tem como objetivo formar especialistas em retina, com ampla experi\u00eancia cl\u00ednica e cir\u00fargica. O fellow ter\u00e1 oportunidade de entrar em contato com a mais avan\u00e7ada tecnologia dispon\u00edvel para diagn\u00f3stico e terap\u00eautica na \u00e1rea de [&hellip;]<\/p>\n","protected":false},"author":1,"featured_media":0,"parent":0,"menu_order":3,"comment_status":"closed","ping_status":"closed","template":"","meta":{"_acf_changed":false,"_joinchat":[],"footnotes":""},"class_list":["post-6825","page","type-page","status-publish","hentry"],"acf":[],"_links":{"self":[{"href":"https:\/\/www.institutodavisao.org.br\/area-do-medico\/wp-json\/wp\/v2\/pages\/6825","targetHints":{"allow":["GET"]}}],"collection":[{"href":"https:\/\/www.institutodavisao.org.br\/area-do-medico\/wp-json\/wp\/v2\/pages"}],"about":[{"href":"https:\/\/www.institutodavisao.org.br\/area-do-medico\/wp-json\/wp\/v2\/types\/page"}],"author":[{"embeddable":true,"href":"https:\/\/www.institutodavisao.org.br\/area-do-medico\/wp-json\/wp\/v2\/users\/1"}],"replies":[{"embeddable":true,"href":"https:\/\/www.institutodavisao.org.br\/area-do-medico\/wp-json\/wp\/v2\/comments?post=6825"}],"version-history":[{"count":27,"href":"https:\/\/www.institutodavisao.org.br\/area-do-medico\/wp-json\/wp\/v2\/pages\/6825\/revisions"}],"predecessor-version":[{"id":7348,"href":"https:\/\/www.institutodavisao.org.br\/area-do-medico\/wp-json\/wp\/v2\/pages\/6825\/revisions\/7348"}],"wp:attachment":[{"href":"https:\/\/www.institutodavisao.org.br\/area-do-medico\/wp-json\/wp\/v2\/media?parent=6825"}],"curies":[{"name":"wp","href":"https:\/\/api.w.org\/{rel}","templated":true}]}}