{"id":7142,"date":"2020-12-09T13:17:31","date_gmt":"2020-12-09T16:17:31","guid":{"rendered":"https:\/\/institutodavisao2.websiteseguro.com\/area-do-medico\/?page_id=7142"},"modified":"2021-11-08T12:13:14","modified_gmt":"2021-11-08T15:13:14","slug":"fellowship-em-catarata","status":"publish","type":"page","link":"https:\/\/www.institutodavisao.org.br\/area-do-medico\/fellowship-em-catarata\/","title":{"rendered":"Fellowship em Catarata"},"content":{"rendered":"\n<h2 class=\"wp-block-heading\"><strong>Resultado<\/strong><\/h2>\n\n\n\n<a class=\"btn_inscricaoEdital\" href=\"https:\/\/institutodavisao2.websiteseguro.com\/area-do-medico\/fellowship\/resultado-fellowship-de-catarata\/\" rel=\"noopener noreferrer\"> Veja o resultado aqui <\/a>\n\n\n\n<figure class=\"wp-block-image size-large\"><img loading=\"lazy\" decoding=\"async\" width=\"1024\" height=\"157\" src=\"https:\/\/institutodavisao2.websiteseguro.com\/area-do-medico\/wp-content\/uploads\/2020-12-11-banner-portal-ipepo-1110x170-catarata-1024x157.png\" alt=\"\" class=\"wp-image-7190\" srcset=\"https:\/\/www.institutodavisao.org.br\/area-do-medico\/wp-content\/uploads\/2020-12-11-banner-portal-ipepo-1110x170-catarata-1024x157.png 1024w, https:\/\/www.institutodavisao.org.br\/area-do-medico\/wp-content\/uploads\/2020-12-11-banner-portal-ipepo-1110x170-catarata-300x46.png 300w, https:\/\/www.institutodavisao.org.br\/area-do-medico\/wp-content\/uploads\/2020-12-11-banner-portal-ipepo-1110x170-catarata-150x23.png 150w, https:\/\/www.institutodavisao.org.br\/area-do-medico\/wp-content\/uploads\/2020-12-11-banner-portal-ipepo-1110x170-catarata-768x118.png 768w, https:\/\/www.institutodavisao.org.br\/area-do-medico\/wp-content\/uploads\/2020-12-11-banner-portal-ipepo-1110x170-catarata.png 1110w\" sizes=\"auto, (max-width: 1024px) 100vw, 1024px\" \/><\/figure>\n\n\n\n<h2 class=\"wp-block-heading\"><strong>SOBRE O CURSO<\/strong><\/h2>\n\n\n\n<p>O&nbsp;<strong>Instituto da Vis\u00e3o (IPEPO)<\/strong>&nbsp;mant\u00e9m o&nbsp;<strong>Programa de Fellowship em Catarata <\/strong>desde 2015 e tem como objetivo formar especialistas na \u00e1rea, com ampla experi\u00eancia cl\u00ednica e cir\u00fargica.<br>O fellow ter\u00e1 oportunidade de entrar em contato com a mais avan\u00e7ada tecnologia dispon\u00edvel para diagn\u00f3stico e terap\u00eautica na \u00e1rea de segmento anterior.<\/p>\n\n\n\n<div style=\"height:25px\" aria-hidden=\"true\" class=\"wp-block-spacer\"><\/div>\n\n\n\n<p>O aprendizado do m\u00e9dico oftalmologista fellow em Catarata \u00e9 baseado em sua pr\u00e1tica di\u00e1ria nos ambulat\u00f3rios, centros diagn\u00f3sticos e centro cir\u00fargico. As atividades ser\u00e3o desenvolvidas em diversos locais, sob supervis\u00e3o e responsabilidade direta dos respons\u00e1veis em cada setor. S\u00e3o eles:<\/p>\n\n\n\n<div style=\"height:25px\" aria-hidden=\"true\" class=\"wp-block-spacer\"><\/div>\n\n\n\n<p><strong>Unidade Sede \u2013 Vila Clementino. <\/strong><br>Rua Borges Lagoa, 1083 \u2013 11\u00ba andar \u2013 Vila Clementino \u2013 S\u00e3o Paulo\/SP.<br>Atividades: atendimento ambulatorial.&nbsp;<br>Preceptor: Dr. Milton Yogi<\/p>\n\n\n\n<div style=\"height:25px\" aria-hidden=\"true\" class=\"wp-block-spacer\"><\/div>\n\n\n\n<p><strong>Unidade Itaquera.<\/strong><br>Rua Porto Xavier, 66 &#8211; Itaquera \u2013 S\u00e3o Paulo\/SP.<br>Respons\u00e1vel: Dr. Gustavo Torres.<br>Atividades: atendimento ambulatorial, laser e triagem cir\u00fargica.<\/p>\n\n\n\n<div style=\"height:25px\" aria-hidden=\"true\" class=\"wp-block-spacer\"><\/div>\n\n\n\n<p><strong>Centro Cir\u00fargico IPEPO.<\/strong><br>Rua Pedro de Toledo, 597 &#8211; Vila Clementino, S\u00e3o Paulo<br>Atividades: Centro Cir\u00fargico<br>Preceptores: Prof. Dra Heloisa Nascimento; Dr. Fernando Macei Drudi; Dra. Carla Albhy; Dra Alessandra Tradi Meireles<br>Atividades: atendimento ambulatorial, centro cir\u00fargico, e pesquisa.<\/p>\n\n\n\n<h3 class=\"wp-block-heading\"><strong>Comiss\u00e3o de Ensino<\/strong><\/h3>\n\n\n\n<ul class=\"wp-block-list\"><li>Prof. Dr. Milton Yogi<\/li><li>Prof. Dra. Helo\u00edsa Nascimento<\/li><li>Dr. Fernando Macei Drudi<\/li><li>Dra. Carla Albhy<\/li><li>Dra. Alessandra Tradi Meireles<\/li><li>Prof. Dr. Eric Pinheiro de Andrade<\/li><\/ul>\n\n\n\n<h3 class=\"wp-block-heading\"><strong>Cronograma das Atividades Te\u00f3ricas e Pr\u00e1ticas \u2013 Dura\u00e7\u00e3o e Carga Hor\u00e1ria.<\/strong><\/h3>\n\n\n\n<p>As atividades semanais para os fellows do primeiro ano (F1) s\u00e3o distribu\u00eddas entre as 3 unidades principais descritas no item anterior (a,b,c) e detalhadas na escala abaixo, totalizando 6 per\u00edodos de segunda a sexta-feira. O foco no 1\u00b0 ano \u00e9 em atividades cl\u00ednicas (atendimento ambulatorial, triagem cir\u00fargica, com 1 dia cir\u00fargico, sempre acompanhado do preceptor e fellow do 2\u00ba ano.<\/p>\n\n\n\n<div style=\"height:25px\" aria-hidden=\"true\" class=\"wp-block-spacer\"><\/div>\n\n\n\n<p>As atividades semanais para os fellows do segundo ano (F2) detalhadas na escala abaixo tem um foco maior no aprendizado cir\u00fargico, e de tecnologias avan\u00e7adas em LIO\u2019s possuindo uma m\u00e9dia de 4 per\u00edodos semanais entre as unidades referidas. Os demais per\u00edodos s\u00e3o preenchidos com atividades de ambulat\u00f3rio, e estudos aut\u00f4nomos e prepara\u00e7\u00e3o de aulas e semin\u00e1rios. Espera-se que no 2\u00b0 ano o fellow j\u00e1 tenha autonomia para condu\u00e7\u00e3o dos casos cir\u00fargicos.<\/p>\n\n\n\n<h3 class=\"wp-block-heading\"><strong>Atividades Complementares<\/strong><\/h3>\n\n\n\n<p>Atividades de Ensino e discuss\u00e3o de casos. Participa\u00e7\u00e3o em reuni\u00f5es quinzenais no grupo de estudos, dirigido pelo Dr. Milton Yogi, e com participa\u00e7\u00e3o de colaboradores de outros servi\u00e7os. Espera-se que o Fellow do IPEPO compartilhe deste entusiasmo e participe ativamente das atividades de estudo.<\/p>\n\n\n\n<div style=\"height:25px\" aria-hidden=\"true\" class=\"wp-block-spacer\"><\/div>\n\n\n\n<p>Atividades Ambulatoriais guiadas. Agenda ambulatorial sob orienta\u00e7\u00e3o do Dr. Milton Yogi, com possibilidade de discuss\u00e3o de casos para indica\u00e7\u00e3o de Lentes de Tecnologia Avan\u00e7ada.<\/p>\n\n\n\n<h3 class=\"wp-block-heading\"><strong>Dura\u00e7\u00e3o<\/strong><\/h3>\n\n\n\n<p>Mar\u00e7o de 2021 a Fevereiro de 2023 (2 anos)<\/p>\n\n\n\n<h3 class=\"wp-block-heading\"><strong>Carga hor\u00e1ria<\/strong><\/h3>\n\n\n\n<p>6 per\u00edodos\/semana (Fellow 1), 4 per\u00edodos\/semana (Fellow 2)<\/p>\n\n\n\n<h3 class=\"wp-block-heading\"><strong>Locais de est\u00e1gio<\/strong><\/h3>\n\n\n\n<p>Instituto da Vis\u00e3o e institui\u00e7\u00f5es afiliadas<\/p>\n\n\n\n<h3 class=\"wp-block-heading\"><strong>Vagas<\/strong><\/h3>\n\n\n\n<p>O concurso \u00e9 destinado para a sele\u00e7\u00e3o de duas (02) vagas para o Programa de Fellowship em Catarata do Instituto da Vis\u00e3o IPEPO.<\/p>\n\n\n\n<h3 class=\"wp-block-heading\"><strong>Inscri\u00e7\u00f5es<\/strong><\/h3>\n\n\n\n<p class=\"area_dadosBanco\">Valor da Inscri\u00e7\u00e3o R$ 400,00 (quatrocentos reais).<br>Banco Santander (033)<br>Ag\u00eancia 0212&nbsp;<br>Conta Corrente 13005409-3<br>CPNJ: 67.187.070\/0001-71<\/p>\n\n\n\n<p>As inscri\u00e7\u00f5es dever\u00e3o ser feitas atrav\u00e9s do site, a partir do bot\u00e3o abaixo.<br>Ap\u00f3s an\u00e1lise da documenta\u00e7\u00e3o receber\u00e3o e-mail confirmat\u00f3rio com instru\u00e7\u00f5es.<\/p>\n\n\n\n<a class=\"btn_inscricaoEdital d-none\" href=\"https:\/\/forms.gle\/WrSWBaXUvdZkSec38\" target=\"_blank\" rel=\"noopener noreferrer\"> Fa\u00e7a sua inscri\u00e7\u00e3o <\/a>\n\n\n\n<a class=\"btn_inscricaoEdital btn-encerrada\"> Inscri\u00e7\u00f5es encerradas <\/a>\n\n\n\n<p>Informa\u00e7\u00f5es pelo e-mail <a href=\"mailto:secretaria.ensino@institutodavisao2.websiteseguro.com\">secretaria.ensino@institutodavisao2.websiteseguro.com<\/a> ou WhatsApp 3016-4099<\/p>\n\n\n\n<p><strong>Data de Encerramento das Inscri\u00e7\u00f5es<\/strong><br>28 de janeiro de 2021<\/p>\n\n\n\n<h3 class=\"wp-block-heading\"><strong>Requisitos<\/strong><\/h3>\n\n\n\n<ul class=\"wp-block-list\" type=\"1\"><li>Resid\u00eancia M\u00e9dica em Oftalmologia, cursada por&nbsp;<strong>3 (tr\u00eas) anos<\/strong>&nbsp;em servi\u00e7o reconhecido&nbsp;<strong>CBO e\/ou MEC<\/strong>;<\/li><li>Experi\u00eancia cir\u00fargica: atua\u00e7\u00e3o em cirurgias de catarata, com a t\u00e9cnica de facoemulsifica\u00e7\u00e3o.<\/li><li>Possuir registro efetivo ou provis\u00f3rio no Conselho Regional de Medicina do Estado de S\u00e3o Paulo (CREMESP).<\/li><li>Possuir ou apresentar nos primeiros 3 meses do programa o T\u00edtulo de Especialista em Oftalmologia pelo Conselho Brasileiro de Oftalmologia\/AMB e\/ou Comiss\u00e3o Nacional de Resid\u00eancia M\u00e9dica\/MEC.<\/li><\/ul>\n\n\n\n<h3 class=\"wp-block-heading\"><strong>Processo Seletivo<\/strong><\/h3>\n\n\n\n<p>O processo seletivo ser\u00e1 composto de entrevista com an\u00e1lise de curr\u00edculo.<\/p>\n\n\n\n<p>Detalhes do processo seletivo (datas, locais, prazos) estar\u00e3o especificados em outras fontes disponibilizadas em meios de comunica\u00e7\u00e3o p\u00fablicos (internet e redes sociais do IPEPO).<\/p>\n\n\n\n<h3 class=\"wp-block-heading\"><strong>Crit\u00e9rios de Sele\u00e7\u00e3o<\/strong><\/h3>\n\n\n\n<ul class=\"wp-block-list\"><li>Entrevista e an\u00e1lise de curr\u00edculo<\/li><li>Data: 30\/01\/2021 in\u00edcio da sele\u00e7\u00e3o \u00e0s 8:30h pontualmente<\/li><li>Local: Rua Borges Lagoa, 1083, 10\u00b0 andar. S\u00e3o Paulo\/SP<\/li><li>Telefone: (11) 3016-4080<\/li><\/ul>\n\n\n\n<h3 class=\"wp-block-heading\"><strong>Resultado<\/strong><\/h3>\n\n\n\n<p>O resultado ser\u00e1 publicado at\u00e9 o dia&nbsp;<strong>01\/02\/2021 <\/strong>via e-mail para os participantes e nas redes sociais do IPEPO.<\/p>\n\n\n\n<h3 class=\"wp-block-heading\"><strong>Convoca\u00e7\u00e3o e Matr\u00edcula<\/strong><\/h3>\n\n\n\n<p>Os candidatos aprovados e convocados de acordo com o n\u00famero de vagas dispon\u00edveis dever\u00e3o comparecer \u00e0 sede do Instituto da Vis\u00e3o \u2013 IPEPO, situado \u00e0 Rua Borges Lagoa 1083, 13\u00ba andar, para efetuar a matr\u00edcula, apresentando os seguintes documentos:<\/p>\n\n\n\n<ul class=\"wp-block-list\"><li>2 fotos 3&#215;4.<\/li><li>Original e x\u00e9rox autenticado da Carteira de Identidade.<\/li><li>Original e x\u00e9rox autenticado do CPF.<\/li><li>Original e x\u00e9rox autenticado do diploma de medicina ou declara\u00e7\u00e3o de conclus\u00e3o do curso e t\u00edtulo de especialista pelo CBO\/AMB e\/ou CNRM\/MEC.<\/li><li>Original e x\u00e9rox autenticada da Carteira do CRM.<\/li><\/ul>\n\n\n\n<h3 class=\"wp-block-heading\"><strong>Disposi\u00e7\u00f5es Finais<\/strong><\/h3>\n\n\n\n<p>O Programa de Fellowship em Catarata do Instituto da Vis\u00e3o \u2013 IPEPO ser\u00e1 realizado em suas unidades pr\u00f3prias e naquelas em que existam parcerias privadas, municipais, estaduais ou federais, com dura\u00e7\u00e3o de dois (02) anos com atividades te\u00f3ricas e pr\u00e1ticas relativas \u00e0 subespecialidade oftalmol\u00f3gica.<\/p>\n\n\n\n<h3 class=\"wp-block-heading\"><strong>Matr\u00edcula<\/strong><\/h3>\n\n\n\n<p>O candidato pagar\u00e1 taxa de matr\u00edcula no valor de R$ 1.200,00 (Hum Mil e Duzentos Reais) em at\u00e9 02 vezes.<\/p>\n\n\n\n<hr class=\"wp-block-separator\"\/>\n\n\n\n<h3 class=\"wp-block-heading\"><strong>Coordenadores<\/strong><\/h3>\n\n\n\n<p>Prof. Dr. Milton Yogi<br>Prof. Dra Heloisa Nascimento<br>Dr. Fernando Macei Drudi<br>Dra. Carla Albhy<br>Dra Alessandra Tradi Meireles<br>Dr. Caio Nascimento<br>Dra. Alexya Afonso<\/p>\n\n\n\n<h3 class=\"wp-block-heading\"><strong>Coordenador de Resid\u00eancia M\u00e9dica e Fellowship<\/strong><\/h3>\n\n\n\n<p>Dr. Eric Pinheiro de Andrade<\/p>\n\n\n\n<h3 class=\"wp-block-heading\"><strong>Presidente do IPEPO<\/strong><\/h3>\n\n\n\n<p>Dr. Rubens Belfort Jr.<\/p>\n","protected":false},"excerpt":{"rendered":"<p>Resultado Veja o resultado aqui SOBRE O CURSO O&nbsp;Instituto da Vis\u00e3o (IPEPO)&nbsp;mant\u00e9m o&nbsp;Programa de Fellowship em Catarata desde 2015 e tem como objetivo formar especialistas na \u00e1rea, com ampla experi\u00eancia cl\u00ednica e cir\u00fargica.O fellow ter\u00e1 oportunidade de entrar em contato com a mais avan\u00e7ada tecnologia dispon\u00edvel para diagn\u00f3stico e terap\u00eautica na \u00e1rea de segmento anterior. [&hellip;]<\/p>\n","protected":false},"author":1,"featured_media":0,"parent":0,"menu_order":0,"comment_status":"closed","ping_status":"closed","template":"","meta":{"_acf_changed":false,"_joinchat":[],"footnotes":""},"class_list":["post-7142","page","type-page","status-publish","hentry"],"acf":[],"_links":{"self":[{"href":"https:\/\/www.institutodavisao.org.br\/area-do-medico\/wp-json\/wp\/v2\/pages\/7142","targetHints":{"allow":["GET"]}}],"collection":[{"href":"https:\/\/www.institutodavisao.org.br\/area-do-medico\/wp-json\/wp\/v2\/pages"}],"about":[{"href":"https:\/\/www.institutodavisao.org.br\/area-do-medico\/wp-json\/wp\/v2\/types\/page"}],"author":[{"embeddable":true,"href":"https:\/\/www.institutodavisao.org.br\/area-do-medico\/wp-json\/wp\/v2\/users\/1"}],"replies":[{"embeddable":true,"href":"https:\/\/www.institutodavisao.org.br\/area-do-medico\/wp-json\/wp\/v2\/comments?post=7142"}],"version-history":[{"count":36,"href":"https:\/\/www.institutodavisao.org.br\/area-do-medico\/wp-json\/wp\/v2\/pages\/7142\/revisions"}],"predecessor-version":[{"id":7341,"href":"https:\/\/www.institutodavisao.org.br\/area-do-medico\/wp-json\/wp\/v2\/pages\/7142\/revisions\/7341"}],"wp:attachment":[{"href":"https:\/\/www.institutodavisao.org.br\/area-do-medico\/wp-json\/wp\/v2\/media?parent=7142"}],"curies":[{"name":"wp","href":"https:\/\/api.w.org\/{rel}","templated":true}]}}