{"id":82,"date":"2020-06-17T16:26:37","date_gmt":"2020-06-17T19:26:37","guid":{"rendered":"https:\/\/www.institutodavisao.org.br\/site\/area-do-medico\/?page_id=82"},"modified":"2023-07-18T11:38:05","modified_gmt":"2023-07-18T14:38:05","slug":"faca-a-cirurgia-de-seus-pacientes-no-ipepo","status":"publish","type":"page","link":"https:\/\/www.institutodavisao.org.br\/area-do-medico\/medico-externo\/faca-a-cirurgia-de-seus-pacientes-no-ipepo\/","title":{"rendered":"Fa\u00e7a a cirurgia de seus pacientes no IPEPO"},"content":{"rendered":"\n<p><strong>Para mais informa\u00e7\u00f5es entre em contato:<\/strong><\/p>\n\n\n\n<p><strong>Telefone\/WhatsApp: <\/strong><a rel=\"noreferrer noopener\" href=\"https:\/\/wa.me\/551130164099\" target=\"_blank\">(11) 3016-4099<\/a><\/p>\n\n\n\n<p class=\"justificado\"><strong>Colega, seja bem-vindo ao Instituto Paulista de Estudos e Pesquisas em Oftalmologia \u2013 Instituto da Vis\u00e3o \u2013 IPEPO,<\/strong><\/p>\n\n\n\n<p class=\"justificado\">O Instituto Paulista de Estudos e Pesquisa em Oftalmologia &#8211; IPEPO trabalha com Corpo Cl\u00ednico aberto, com hor\u00e1rios flex\u00edveis e possibilidades de per\u00edodo cir\u00fargico noturno e aos s\u00e1bados. Oferecemos completa estrutura de centro cir\u00fargico, com modernos equipamentos e equipe t\u00e9cnica especializada para atend\u00ea-lo. Nosso centro cir\u00fargico oferece confort\u00e1veis instala\u00e7\u00f5es, com uma sala cir\u00fargica completa e uma sala de recupera\u00e7\u00e3o para dois pacientes. Oferecemos microsc\u00f3pio cir\u00fargico Leica-Proveus, Facoemulsificador Infiniti, Vitre\u00f3fago Constellation e demais acess\u00f3rios para todos os tipos de cirurgia oftalmol\u00f3gica.<\/p>\n\n\n\n<p class=\"justificado\">Assim sendo, qualquer m\u00e9dico pode contatar o Instituto Paulista de Estudos e Pesquisa em Oftalmologia &#8211; IPEPO, encaminhando seus pacientes para o Centro de Diagn\u00f3stico avan\u00e7ado, com o suporte de uma equipe profissional altamente qualificada, com tecn\u00f3logos experientes e laudos cl\u00ednicos em n\u00edvel de excel\u00eancia.<\/p>\n\n\n\n<p class=\"justificado\">Tudo isso ocorre em uma estrutura sofisticada, com equipamentos apropriados e \u00fanicos no Brasil para o diagn\u00f3stico e tratamento das doen\u00e7as oculares. Os pacientes ser\u00e3o sempre atendidos com uma exclusividade t\u00e9cnica que garante uma an\u00e1lise confi\u00e1vel e objetiva. Venha conhecer nossa estrutura e conhe\u00e7a nossas condi\u00e7\u00f5es para compartilhamento de estrutura.<\/p>\n","protected":false},"excerpt":{"rendered":"<p>Para mais informa\u00e7\u00f5es entre em contato: Telefone\/WhatsApp: (11) 3016-4099 Colega, seja bem-vindo ao Instituto Paulista de Estudos e Pesquisas em Oftalmologia \u2013 Instituto da Vis\u00e3o \u2013 IPEPO, O Instituto Paulista de Estudos e Pesquisa em Oftalmologia &#8211; IPEPO trabalha com Corpo Cl\u00ednico aberto, com hor\u00e1rios flex\u00edveis e possibilidades de per\u00edodo cir\u00fargico noturno e aos s\u00e1bados. [&hellip;]<\/p>\n","protected":false},"author":1,"featured_media":0,"parent":76,"menu_order":0,"comment_status":"closed","ping_status":"closed","template":"","meta":{"_acf_changed":false,"_joinchat":[],"footnotes":""},"class_list":["post-82","page","type-page","status-publish","hentry"],"acf":[],"_links":{"self":[{"href":"https:\/\/www.institutodavisao.org.br\/area-do-medico\/wp-json\/wp\/v2\/pages\/82","targetHints":{"allow":["GET"]}}],"collection":[{"href":"https:\/\/www.institutodavisao.org.br\/area-do-medico\/wp-json\/wp\/v2\/pages"}],"about":[{"href":"https:\/\/www.institutodavisao.org.br\/area-do-medico\/wp-json\/wp\/v2\/types\/page"}],"author":[{"embeddable":true,"href":"https:\/\/www.institutodavisao.org.br\/area-do-medico\/wp-json\/wp\/v2\/users\/1"}],"replies":[{"embeddable":true,"href":"https:\/\/www.institutodavisao.org.br\/area-do-medico\/wp-json\/wp\/v2\/comments?post=82"}],"version-history":[{"count":4,"href":"https:\/\/www.institutodavisao.org.br\/area-do-medico\/wp-json\/wp\/v2\/pages\/82\/revisions"}],"predecessor-version":[{"id":10272,"href":"https:\/\/www.institutodavisao.org.br\/area-do-medico\/wp-json\/wp\/v2\/pages\/82\/revisions\/10272"}],"up":[{"embeddable":true,"href":"https:\/\/www.institutodavisao.org.br\/area-do-medico\/wp-json\/wp\/v2\/pages\/76"}],"wp:attachment":[{"href":"https:\/\/www.institutodavisao.org.br\/area-do-medico\/wp-json\/wp\/v2\/media?parent=82"}],"curies":[{"name":"wp","href":"https:\/\/api.w.org\/{rel}","templated":true}]}}