{"id":84,"date":"2020-06-17T16:27:50","date_gmt":"2020-06-17T19:27:50","guid":{"rendered":"https:\/\/www.institutodavisao.org.br\/site\/area-do-medico\/?page_id=84"},"modified":"2023-07-18T11:37:24","modified_gmt":"2023-07-18T14:37:24","slug":"acoes-in-company","status":"publish","type":"page","link":"https:\/\/www.institutodavisao.org.br\/area-do-medico\/medico-externo\/acoes-in-company\/","title":{"rendered":"A\u00e7\u00f5es in company"},"content":{"rendered":"\n<p><strong>Para mais informa\u00e7\u00f5es entre em contato:<\/strong><\/p>\n\n\n\n<p><strong>Telefone\/WhatsApp: <\/strong><a rel=\"noreferrer noopener\" href=\"https:\/\/wa.me\/551130164089\" target=\"_blank\">(11) 3016-4099<\/a><\/p>\n\n\n\n<p><strong>O IPEPO CUIDANDO DA VIS\u00c3O DOS COLABORADORES DAS EMPRESAS<\/strong><\/p>\n\n\n\n<p class=\"justificado\">O Instituto Paulista de Estudos e Pesquisa em Oftalmologia &#8211; IPEPO realiza a\u00e7\u00f5es locais com equipe profissional capacitada e m\u00e9dicos altamente qualificados. S\u00e3o iniciativas como campanhas oftalmol\u00f3gicas, triagem com avalia\u00e7\u00e3o m\u00e9dica e a montagem de consult\u00f3rios m\u00e9dicos nas instala\u00e7\u00f5es das empresas para otimizar o tempo dos colaboradores com o envio de indicadores dos atendimentos realizados.<\/p>\n\n\n\n<p class=\"justificado\">H\u00e1 disponibilidade de assist\u00eancia permanente ao paciente com infraestrutura completa de exames e centro cir\u00fargico para acompanhamento cl\u00ednico\/cir\u00fargico, ap\u00f3s a campanha oftalmol\u00f3gica. Al\u00e9m do atendimento, o Instituto Paulista de Estudos e Pesquisa em Oftalmologia &#8211; IPEPO promove a realiza\u00e7\u00e3o de palestras com foco na sa\u00fade ocular e preven\u00e7\u00e3o de doen\u00e7as, assim como a junta m\u00e9dica dispon\u00edvel para an\u00e1lise de casos mais complexos como forma de segunda opini\u00e3o.<\/p>\n","protected":false},"excerpt":{"rendered":"<p>Para mais informa\u00e7\u00f5es entre em contato: Telefone\/WhatsApp: (11) 3016-4099 O IPEPO CUIDANDO DA VIS\u00c3O DOS COLABORADORES DAS EMPRESAS O Instituto Paulista de Estudos e Pesquisa em Oftalmologia &#8211; IPEPO realiza a\u00e7\u00f5es locais com equipe profissional capacitada e m\u00e9dicos altamente qualificados. S\u00e3o iniciativas como campanhas oftalmol\u00f3gicas, triagem com avalia\u00e7\u00e3o m\u00e9dica e a montagem de consult\u00f3rios m\u00e9dicos [&hellip;]<\/p>\n","protected":false},"author":1,"featured_media":0,"parent":76,"menu_order":0,"comment_status":"closed","ping_status":"closed","template":"","meta":{"_acf_changed":false,"_joinchat":[],"footnotes":""},"class_list":["post-84","page","type-page","status-publish","hentry"],"acf":[],"_links":{"self":[{"href":"https:\/\/www.institutodavisao.org.br\/area-do-medico\/wp-json\/wp\/v2\/pages\/84","targetHints":{"allow":["GET"]}}],"collection":[{"href":"https:\/\/www.institutodavisao.org.br\/area-do-medico\/wp-json\/wp\/v2\/pages"}],"about":[{"href":"https:\/\/www.institutodavisao.org.br\/area-do-medico\/wp-json\/wp\/v2\/types\/page"}],"author":[{"embeddable":true,"href":"https:\/\/www.institutodavisao.org.br\/area-do-medico\/wp-json\/wp\/v2\/users\/1"}],"replies":[{"embeddable":true,"href":"https:\/\/www.institutodavisao.org.br\/area-do-medico\/wp-json\/wp\/v2\/comments?post=84"}],"version-history":[{"count":5,"href":"https:\/\/www.institutodavisao.org.br\/area-do-medico\/wp-json\/wp\/v2\/pages\/84\/revisions"}],"predecessor-version":[{"id":10270,"href":"https:\/\/www.institutodavisao.org.br\/area-do-medico\/wp-json\/wp\/v2\/pages\/84\/revisions\/10270"}],"up":[{"embeddable":true,"href":"https:\/\/www.institutodavisao.org.br\/area-do-medico\/wp-json\/wp\/v2\/pages\/76"}],"wp:attachment":[{"href":"https:\/\/www.institutodavisao.org.br\/area-do-medico\/wp-json\/wp\/v2\/media?parent=84"}],"curies":[{"name":"wp","href":"https:\/\/api.w.org\/{rel}","templated":true}]}}