{"id":8483,"date":"2021-08-04T12:42:53","date_gmt":"2021-08-04T15:42:53","guid":{"rendered":"https:\/\/institutodavisao2.websiteseguro.com\/area-do-medico\/?page_id=8483"},"modified":"2023-07-20T16:00:41","modified_gmt":"2023-07-20T19:00:41","slug":"politica-de-governanca-de-dados-e-privacidade","status":"publish","type":"page","link":"https:\/\/www.institutodavisao.org.br\/area-do-medico\/politica-de-governanca-de-dados-e-privacidade\/","title":{"rendered":"POL\u00cdTICA DE GOVERNAN\u00c7A DE DADOS E PRIVACIDADE"},"content":{"rendered":"\n<p>O IPEPO cuida de voc\u00ea e respeita a sua privacidade. Prezamos pela confian\u00e7a e responsabilidade em todas as nossas rela\u00e7\u00f5es. Nossa pol\u00edtica de privacidade te ajudar\u00e1 a entender como tratamos dados pessoais e valorizamos a privacidade.<\/p>\n\n\n\n<p>Quando voc\u00ea \u00e9 atendido em nossas unidades ou contrata um servi\u00e7o no IPEPO, voc\u00ea nos fornece alguns dados pessoais com o objetivo de viabilizar a sua assist\u00eancia ou servi\u00e7o. O IPEPO preza pela seguran\u00e7a dos seus dados, pelo respeito a sua privacidade e pela transpar\u00eancia com voc\u00ea e, por isso, dedicamos este documento para explicar como os seus dados pessoais ser\u00e3o tratados pelo IPEPO e quais s\u00e3o as medidas que aplicamos para mant\u00ea-los seguros.<\/p>\n\n\n\n<p>Antes de mais nada, nos apresentamos, n\u00f3s somos o INSTITUTO PAULISTA DE ESTUDOS E PESQUISAS EM OFTALMOLOGIA \u2013 IPEPO, inscrito no CNPJ 67.187.070\/0001-71, com sede em S\u00e3o Paulo, na Rua Pedro de Toledo, 597 &#8211; Vila Clementino, e segundo a defini\u00e7\u00e3o trazida pela Lei Geral de Prote\u00e7\u00e3o de Dados \u201cLGPD\u201d (Lei Federal n\u00ba 13.709\/18), na maior parte do tempo seremos o controlador de seus dados pessoais, sendo assim, respons\u00e1vel por definir o que acontece com estes dados e por proteg\u00ea-los.<\/p>\n\n\n\n<p>Para facilitar a compreens\u00e3o desta pol\u00edtica, todas as vezes que encontrar o termo \u201cIPEPO\u201d, estamos nos referindo ao controlador dos seus dados pessoais, e todas as vezes que ler \u201cPACIENTE\u201d, \u201cvoc\u00ea\u201d, \u201cseu\u201d, operador ou \u201csua\u201d, estaremos nos referimos a voc\u00ea, nosso paciente ou usu\u00e1rio de nossas unidades de sa\u00fade, candidato, prestadores de servi\u00e7os e colaboradores.<\/p>\n\n\n\n<p>Se voc\u00ea \u00e9 ou foi candidato em um processo seletivo, colaborador ou prestador de servi\u00e7os, desempenhamos o papel de &#8220;controlador&#8221; dos dados pessoais coletados. Isso significa que determinamos como e porque seus dados s\u00e3o processados. Necessitamos destas informa\u00e7\u00f5es para o cumprimento das nossas obriga\u00e7\u00f5es contratuais, bem como para o cumprimento de obriga\u00e7\u00f5es legais. S\u00f3 usaremos essas informa\u00e7\u00f5es para as finalidades espec\u00edficas para as quais nos foram fornecidas.<\/p>\n\n\n\n<p>O Encarregado de Dados Pessoais, ou DPO (Data Protection Officer) \u00e9 o respons\u00e1vel por atender as solicita\u00e7\u00f5es relacionadas \u00e0 dados pessoais de titulares em que o IPEPO \u00e9 o controlador, bem como solicita\u00e7\u00f5es de autoridades fiscalizadoras.<\/p>\n\n\n\n<p>O Encarregado de Dados Pessoais do IPEPO (Data Protection Officer) \u00e9:<\/p>\n\n\n\n<p>Nome: Waldir Mafra<\/p>\n\n\n\n<p>Cargo: Consultor na \u00e1rea de compliance do IPEPO<\/p>\n\n\n\n<p>E-mail: <a href=\"mailto:dpo@institutodavisao.org.br\">dpo@institutodavisao.org.br<\/a><\/p>\n\n\n\n<p>Se voc\u00ea \u00e9 paciente de uma unidade de sa\u00fade atendida pelo IPEPO, desempenhamos o papel de &#8220;operador&#8221; dos dados pessoais coletados. Isto significa que apenas processamos seus dados para fornecermos nossos servi\u00e7os, em cumprimento \u00e0s nossas obriga\u00e7\u00f5es contratuais, de acordo com as finalidades estabelecidas pelo &#8220;controlador&#8221;, ou seja, a respectiva unidade de sa\u00fade. Al\u00e9m disto, utilizamos seus dados para o cumprimento de obriga\u00e7\u00f5es legais. A Unidade de Sa\u00fade, como &#8220;controladora dos dados&#8221;, possui a responsabilidade de garantir que seus dados pessoais sejam tratados de acordo com a Lei. 13.709\/2018, a Lei Geral de Prote\u00e7\u00e3o de Dados. Isso inclui o dever de inform\u00e1-lo sobre como os provedores de servi\u00e7os (como n\u00f3s) coletam e usam os dados em seu nome.<\/p>\n\n\n\n<p>Lembrando que, mesmo na condi\u00e7\u00e3o de operadores de dados, n\u00f3s no IPEPO tamb\u00e9m temos a responsabilidade de tratar os dados recebidos do controlador (unidade de sa\u00fade) de acordo com a Lei Geral de Prote\u00e7\u00e3o de Dados.<\/p>\n\n\n\n<hr class=\"wp-block-separator has-css-opacity\"\/>\n\n\n\n<p><strong>QUAIS DADOS S\u00c3O COLETADOS PELO IPEPO E COM QUEM N\u00d3S PODEMOS COMPARTILHAR OS DADOS PESSOAIS<\/strong><\/p>\n\n\n\n<p>Durante sua experi\u00eancia conosco no IPEPO, podemos coletar diferentes tipos de dados pessoais, de forma f\u00edsica e\/ou autom\u00e1tica com o objetivo de confer\u00eancia, monitoramento e controle ou fornecidas diretamente por voc\u00ea, como por exemplo para a realiza\u00e7\u00e3o de seu cadastro.<\/p>\n\n\n\n<p>Para a execu\u00e7\u00e3o das atividades, sempre que necess\u00e1rio, n\u00f3s poderemos compartilhar os seus dados pessoais internamente, com prestadores de servi\u00e7o, parceiros ou com \u00f3rg\u00e3os reguladores. Em hip\u00f3tese alguma comercializamos dados pessoais.<\/p>\n\n\n\n<p><strong>Veja abaixo quais dados podemos coletar e em cada situa\u00e7\u00e3o:<\/strong><\/p>\n\n\n\n<hr class=\"wp-block-separator has-css-opacity\"\/>\n\n\n\n<p><strong>SE VOCE \u00c9 OU FOI PACIENTE, USU\u00c1RIO EM UMA DAS UNIDADES DE SA\u00daDE DO IPEPO OU ATENDIDO PELO IPEPO:<\/strong><\/p>\n\n\n\n<p>O IPEPO atua como operador de dados pessoais dos pacientes, obedecendo as determina\u00e7\u00f5es das unidades de sa\u00fade, controladoras dos dados coletados.<\/p>\n\n\n\n<p>No papel de &#8220;operador&#8221;, processamos dados pessoais de pacientes, inclusive dados sens\u00edveis (como dados de sa\u00fade e gen\u00e9ticos) para que possamos executar os servi\u00e7os de oftalmologia, em cumprimento aos servi\u00e7os prestados e contratos estabelecidos, bem como para o cumprimento de obriga\u00e7\u00f5es legais.<\/p>\n\n\n\n<p>Aqui esclarecemos como cuidamos da privacidade dos pacientes ou usu\u00e1rios que utilizam servi\u00e7os de oftalmologia do IPEPO.<\/p>\n\n\n\n<p><strong>FORMAS DE COLETA<\/strong><\/p>\n\n\n\n<ul class=\"wp-block-list\">\n<li>Plataformas e sistemas de informa\u00e7\u00e3o.<\/li>\n\n\n\n<li>Formul\u00e1rios f\u00edsicos.<\/li>\n\n\n\n<li>Sistemas de equipamentos m\u00e9dicos.<\/li>\n<\/ul>\n\n\n\n<p><strong>DADOS COLETADOS<\/strong><\/p>\n\n\n\n<ul class=\"wp-block-list\">\n<li>Dados de identifica\u00e7\u00e3o e contato.<\/li>\n\n\n\n<li>Documentos pessoais.<\/li>\n\n\n\n<li>Pedidos m\u00e9dicos.<\/li>\n\n\n\n<li>Dados sens\u00edveis relacionados a sa\u00fade.<\/li>\n<\/ul>\n\n\n\n<p><strong>TRATAMENTO DOS DADOS<\/strong><\/p>\n\n\n\n<ul class=\"wp-block-list\">\n<li>Cadastro em sistemas de Informa\u00e7\u00e3o.<\/li>\n\n\n\n<li>Acesso, leitura, an\u00e1lise de informa\u00e7\u00f5es.<\/li>\n\n\n\n<li>Monitoramento de qualidade e seguran\u00e7a de procedimentos de sa\u00fade.<\/li>\n\n\n\n<li>Anonimiza\u00e7\u00e3o para fins de pesquisa e inova\u00e7\u00e3o cient\u00edficas, tecnol\u00f3gicas e acad\u00eamicas.<\/li>\n\n\n\n<li>Compartilhamento de Informa\u00e7\u00f5es com operadores contratados pelo IPEPO e pelas unidades de sa\u00fade controladoras dos dados, como por exemplo m\u00e9dicos e residentes, para atendimento m\u00e9dico e hospitalar, bem como para diagn\u00f3stico dos pacientes.<\/li>\n\n\n\n<li>Compartilhamento de Informa\u00e7\u00f5es para atendimento de obriga\u00e7\u00f5es legais, junto a \u00f3rg\u00e3os da administra\u00e7\u00e3o p\u00fablica.<\/li>\n\n\n\n<li>Atualiza\u00e7\u00e3o de Informa\u00e7\u00f5es.<\/li>\n\n\n\n<li>Monitoramento de qualidade e seguran\u00e7a em procedimentos de sa\u00fade.<\/li>\n<\/ul>\n\n\n\n<p><strong>ARMAZENAMENTO<\/strong><\/p>\n\n\n\n<ul class=\"wp-block-list\">\n<li>O armazenamento de dados e documentos observa os prazos m\u00ednimos estabelecidos pelas leis brasileiras vigentes.<\/li>\n\n\n\n<li>Sistemas de Informa\u00e7\u00e3o.<\/li>\n\n\n\n<li>Data Center.<\/li>\n<\/ul>\n\n\n\n<p><strong>DURA\u00c7\u00c3O<\/strong><\/p>\n\n\n\n<ul class=\"wp-block-list\">\n<li>O armazenamento de dados e documentos observa os prazos m\u00ednimos estabelecidos pelas leis brasileiras vigentes.<\/li>\n<\/ul>\n\n\n\n<p><strong>BASE LEGAL<\/strong><\/p>\n\n\n\n<ul class=\"wp-block-list\">\n<li>Exerc\u00edcio de contrato entre as partes.<\/li>\n\n\n\n<li>Cumprimento de deveres legais.<\/li>\n<\/ul>\n\n\n\n<p><strong>TITULAR DO DADO PESSOAL<\/strong><\/p>\n\n\n\n<ul class=\"wp-block-list\">\n<li>Pessoa do qual o dado pessoal pertence.<\/li>\n<\/ul>\n\n\n\n<p><strong>USU\u00c1RIO<\/strong><\/p>\n\n\n\n<ul class=\"wp-block-list\">\n<li>Qualquer pessoa natural que possa fornecer dados pessoais para o IPEPO dispon\u00edveis em nossos canais de atendimento, presencial, aplicativo, site e portal.<\/li>\n<\/ul>\n\n\n\n<p><strong>FINALIDADE<\/strong><\/p>\n\n\n\n<ul class=\"wp-block-list\">\n<li>Para o atendimento ao paciente na realiza\u00e7\u00e3o de consultas, procedimentos diagn\u00f3sticos e cir\u00fargicos, controle de qualidade e seguran\u00e7a operacionais, em raz\u00e3o da presta\u00e7\u00e3o de servi\u00e7os contratados, controladoras dos dados pessoais.<\/li>\n\n\n\n<li>Para disponibiliza\u00e7\u00e3o dos resultados dos procedimentos na intranet do IPEPO<\/li>\n\n\n\n<li>Para pesquisa e inova\u00e7\u00e3o cient\u00edfica e acad\u00eamica, como \u00f3rg\u00e3o de pesquisa nos termos estabelecidos pela lei, seguindo as pr\u00e1ticas e t\u00e9cnicas mais avan\u00e7adas de anonimiza\u00e7\u00e3o, sempre que poss\u00edvel faz\u00ea-lo.<\/li>\n\n\n\n<li>Para o cumprimento de obriga\u00e7\u00f5es exigidas por lei, junto \u00e0 \u00f3rg\u00e3os da administra\u00e7\u00e3o p\u00fablica, compartilhamento de dados necess\u00e1rios \u00e0 execu\u00e7\u00e3o de pol\u00edticas p\u00fablicas de sa\u00fade previstas em lei, regulamentadas e respaldadas em contratos, conv\u00eanios ou instrumento cong\u00eaneres observada \u00e0s disposi\u00e7\u00f5es da lei.<\/li>\n<\/ul>\n\n\n\n<hr class=\"wp-block-separator has-css-opacity\"\/>\n\n\n\n<p><strong>SE VOCE \u00c9 OU FOI CANDIDATO EM PROCESSOS SELETIVOS DO IPEPO:<\/strong><\/p>\n\n\n\n<p><strong>FORMAS DE COLETA<\/strong><\/p>\n\n\n\n<ul class=\"wp-block-list\">\n<li>Plataforma digital e meio f\u00edsico na entrevista.<\/li>\n\n\n\n<li>E-mail.<\/li>\n<\/ul>\n\n\n\n<p><strong>DADOS COLETADOS<\/strong><\/p>\n\n\n\n<ul class=\"wp-block-list\">\n<li>Curriculum.<\/li>\n\n\n\n<li>Dados de identifica\u00e7\u00e3o.<\/li>\n\n\n\n<li>N\u00fameros de documentos pessoais.<\/li>\n\n\n\n<li>Informa\u00e7\u00f5es profissionais e educacionais.<\/li>\n\n\n\n<li>Perfis em redes sociais.<\/li>\n\n\n\n<li>Dados sens\u00edveis de candidatos PCD.<\/li>\n\n\n\n<li>Foto de identifica\u00e7\u00e3o.<\/li>\n<\/ul>\n\n\n\n<p><strong>TRATAMENTO DOS DADOS<\/strong><\/p>\n\n\n\n<ul class=\"wp-block-list\">\n<li>Cadastro na plataforma digital e meio f\u00edsico de recrutamento e sele\u00e7\u00e3o.<\/li>\n\n\n\n<li>Acesso, leitura, an\u00e1lise de informa\u00e7\u00f5es.<\/li>\n\n\n\n<li>Armazenamento em plataforma digital e meio f\u00edsico de recrutamento e sele\u00e7\u00e3o.<\/li>\n\n\n\n<li>Exclus\u00e3o ap\u00f3s per\u00edodo limite de armazenamento.<\/li>\n<\/ul>\n\n\n\n<p><strong>ARMAZENAMENTO<\/strong><\/p>\n\n\n\n<ul class=\"wp-block-list\">\n<li>Plataforma digital e meio f\u00edsico de recrutamento e sele\u00e7\u00e3o.<\/li>\n<\/ul>\n\n\n\n<p><strong>DURA\u00c7\u00c3O<\/strong><\/p>\n\n\n\n<ul class=\"wp-block-list\">\n<li>Por 1 (um) ano, ap\u00f3s coleta.<\/li>\n<\/ul>\n\n\n\n<p><strong>BASE LEGAL<\/strong><\/p>\n\n\n\n<ul class=\"wp-block-list\">\n<li>Consentimento.<\/li>\n\n\n\n<li>Leg\u00edtimo interesse.<\/li>\n<\/ul>\n\n\n\n<p><strong>FINALIDADE<\/strong><\/p>\n\n\n\n<ul class=\"wp-block-list\">\n<li>Recrutamento e sele\u00e7\u00e3o para contrata\u00e7\u00e3o de colaboradores.<\/li>\n<\/ul>\n\n\n\n<hr class=\"wp-block-separator has-css-opacity\"\/>\n\n\n\n<p><strong>SE VOCE \u00c9 OU FOI COLABORADOR DO IPEPO:<\/strong><\/p>\n\n\n\n<p><strong>FORMAS DE COLETA<\/strong><\/p>\n\n\n\n<ul class=\"wp-block-list\">\n<li>Plataforma digital e meio f\u00edsico na entrevista.<\/li>\n<\/ul>\n\n\n\n<p><strong>DADOS COLETADOS<\/strong><\/p>\n\n\n\n<ul class=\"wp-block-list\">\n<li>Curriculum.<\/li>\n\n\n\n<li>Dados de identifica\u00e7\u00e3o e contato.<\/li>\n\n\n\n<li>N\u00fameros de documentos pessoais.<\/li>\n\n\n\n<li>Informa\u00e7\u00f5es profissionais e educacionais.<\/li>\n\n\n\n<li>Dados financeiros.<\/li>\n\n\n\n<li>Dados de dependentes para concess\u00e3o de benef\u00edcios (se for o caso).<\/li>\n\n\n\n<li>Dados sens\u00edveis de candidatos PCD.<\/li>\n\n\n\n<li>Foto de identifica\u00e7\u00e3o.<\/li>\n\n\n\n<li>Dados biom\u00e9tricos para controle de acessos.<\/li>\n<\/ul>\n\n\n\n<p><strong>TRATAMENTO DOS DADOS<\/strong><\/p>\n\n\n\n<ul class=\"wp-block-list\">\n<li>Cadastro em sistemas de Informa\u00e7\u00e3o.<\/li>\n\n\n\n<li>Acesso, leitura, an\u00e1lise de informa\u00e7\u00f5es.<\/li>\n\n\n\n<li>Compartilhamento de Informa\u00e7\u00f5es obrigat\u00f3rias com \u00f3rg\u00e3os p\u00fablicos para atendimento de requisitos legais, trabalhistas e previdenci\u00e1rios.<\/li>\n\n\n\n<li>Compartilhamento de Informa\u00e7\u00f5es com terceiros, prestadores de servi\u00e7os e contratados pela IPEPO para a concess\u00e3o e manuten\u00e7\u00e3o de benef\u00edcios.<\/li>\n\n\n\n<li>Atualiza\u00e7\u00e3o de Informa\u00e7\u00f5es.<\/li>\n<\/ul>\n\n\n\n<p><strong>ARMAZENAMENTO<\/strong><\/p>\n\n\n\n<ul class=\"wp-block-list\">\n<li>Plataforma digital e meio f\u00edsico de recrutamento e sele\u00e7\u00e3o.<\/li>\n\n\n\n<li>Data Center.<\/li>\n<\/ul>\n\n\n\n<p><strong>DURA\u00c7\u00c3O<\/strong><\/p>\n\n\n\n<ul class=\"wp-block-list\">\n<li>O armazenamento de dados e documentos observa os prazos m\u00ednimos estabelecidos pelas leis brasileiras vigentes.<\/li>\n<\/ul>\n\n\n\n<p><strong>BASE LEGAL<\/strong><\/p>\n\n\n\n<ul class=\"wp-block-list\">\n<li>Exerc\u00edcio de contrato entre as partes.<\/li>\n\n\n\n<li>Cumprimento de deveres legais.<\/li>\n\n\n\n<li>Leg\u00edtimo interesse.<\/li>\n<\/ul>\n\n\n\n<p><strong>FINALIDADE<\/strong><\/p>\n\n\n\n<ul class=\"wp-block-list\">\n<li>Manuten\u00e7\u00e3o do contrato de trabalho.<\/li>\n\n\n\n<li>Concess\u00e3o e administra\u00e7\u00e3o de benef\u00edcios concedidos.<\/li>\n\n\n\n<li>Realiza\u00e7\u00e3o de pagamentos.<\/li>\n\n\n\n<li>Obedi\u00eancia a deveres legais.<\/li>\n<\/ul>\n\n\n\n<hr class=\"wp-block-separator has-css-opacity\"\/>\n\n\n\n<p><strong>SE VOCE \u00c9 OU FOI PRESTADOR DE SERVI\u00c7OS PARA O IPEPO:<\/strong><\/p>\n\n\n\n<p><strong>FORMAS DE COLETA<\/strong><\/p>\n\n\n\n<ul class=\"wp-block-list\">\n<li>E-mail.<\/li>\n\n\n\n<li>Plataformas e sistemas de informa\u00e7\u00e3o.<\/li>\n<\/ul>\n\n\n\n<p><strong>DADOS COLETADOS<\/strong><\/p>\n\n\n\n<ul class=\"wp-block-list\">\n<li>Dados de identifica\u00e7\u00e3o e contato.<\/li>\n\n\n\n<li>Documentos pessoais.<\/li>\n\n\n\n<li>Informa\u00e7\u00f5es relacionadas a capacita\u00e7\u00e3o t\u00e9cnica e profissional.<\/li>\n\n\n\n<li>Dados financeiros.<\/li>\n\n\n\n<li>Foto de identifica\u00e7\u00e3o.<\/li>\n<\/ul>\n\n\n\n<p><strong>TRATAMENTO DOS DADOS<\/strong><\/p>\n\n\n\n<ul class=\"wp-block-list\">\n<li>Cadastro em sistemas de Informa\u00e7\u00e3o.<\/li>\n\n\n\n<li>Acesso, leitura, an\u00e1lise de informa\u00e7\u00f5es.<\/li>\n\n\n\n<li>Compartilhamento de informa\u00e7\u00f5es obrigat\u00f3rias com \u00f3rg\u00e3os p\u00fablicos e regulat\u00f3rios para o atendimento de deveres legais.<\/li>\n\n\n\n<li>Compartilhamento de informa\u00e7\u00f5es com terceiros, para conce\u00e7\u00e3o e manuten\u00e7\u00e3o de autoriza\u00e7\u00f5es, permiss\u00f5es para acesso a locais restritos e desempenho pleno de suas fun\u00e7\u00f5es.<\/li>\n\n\n\n<li>Atualiza\u00e7\u00e3o de informa\u00e7\u00f5es.<\/li>\n\n\n\n<li>Monitoramento de qualidade e seguran\u00e7a em procedimentos de sa\u00fade.<\/li>\n<\/ul>\n\n\n\n<p><strong>ARMAZENAMENTO<\/strong><\/p>\n\n\n\n<ul class=\"wp-block-list\">\n<li>Plataforma digital e meio f\u00edsico de recrutamento e sele\u00e7\u00e3o.<\/li>\n\n\n\n<li>Data Center.<\/li>\n<\/ul>\n\n\n\n<p><strong>DURA\u00c7\u00c3O<\/strong><\/p>\n\n\n\n<ul class=\"wp-block-list\">\n<li>O armazenamento de dados e documentos observa os prazos m\u00ednimos estabelecidos pelas leis brasileiras vigentes.<\/li>\n<\/ul>\n\n\n\n<p><strong>BASE LEGAL<\/strong><\/p>\n\n\n\n<ul class=\"wp-block-list\">\n<li>Exerc\u00edcio de contrato entre as partes.<\/li>\n\n\n\n<li>Cumprimento de deveres legais.<\/li>\n\n\n\n<li>Leg\u00edtimo interesse.<\/li>\n<\/ul>\n\n\n\n<p><strong>FINALIDADE<\/strong><\/p>\n\n\n\n<ul class=\"wp-block-list\">\n<li>Manuten\u00e7\u00e3o do contrato de presta\u00e7\u00e3o de servi\u00e7os.<\/li>\n\n\n\n<li>Realiza\u00e7\u00e3o de pagamentos.<\/li>\n\n\n\n<li>Garantia da qualidade e seguran\u00e7a operacional no atendimento.<\/li>\n\n\n\n<li>Obedi\u00eancia e deveres legais.<\/li>\n<\/ul>\n\n\n\n<hr class=\"wp-block-separator has-css-opacity\"\/>\n\n\n\n<p><strong>ARMAZENAMENTO E SEGURAN\u00c7A DOS DADOS PESSOAIS<\/strong><\/p>\n\n\n\n<p>N\u00f3s armazenamos seus dados de forma segura em data center localizado no IPEPO. Neste caso de armazenamento, s\u00e3o adotadas todas as medidas legais aplic\u00e1veis, em conformidade com a Lei Geral de Prote\u00e7\u00e3o de Dados (LGPD) e suas futuras regulamenta\u00e7\u00f5es, garantindo a prote\u00e7\u00e3o e privacidade dos seus dados pessoais.<\/p>\n\n\n\n<p>N\u00f3s adotamos as melhores t\u00e9cnicas para proteger os dados pessoais coletados de acessos n\u00e3o autorizados, destrui\u00e7\u00e3o, perda, altera\u00e7\u00e3o, comunica\u00e7\u00e3o ou qualquer forma de tratamento inadequado ou il\u00edcito, inclusive mecanismos de criptografia. Ressaltamos, contudo, que nenhuma plataforma \u00e9 completamente segura. Se voc\u00ea tiver qualquer preocupa\u00e7\u00e3o ou suspeita de que os seus dados estejam em risco, por favor, entre em contato conosco por meio dos nossos canais de atendimento que ficaremos felizes em te auxiliar prontamente.<\/p>\n\n\n\n<p>Seus dados pessoais ser\u00e3o mantidos durante todo o per\u00edodo que for um paciente ativo do IPEPO. Ap\u00f3s esse per\u00edodo, podemos armazenar os seus dados pessoais por um per\u00edodo adicional para fins de auditoria, para possibilitar o cumprimento de obriga\u00e7\u00f5es legais ou regulat\u00f3rias. Faremos a reten\u00e7\u00e3o dos seus dados pelo prazo necess\u00e1rio, respeitando os prazos estabelecidos na legisla\u00e7\u00e3o aplic\u00e1vel conforme citado acima.<\/p>\n\n\n\n<hr class=\"wp-block-separator has-css-opacity\"\/>\n\n\n\n<p><strong>SEUS DIREITOS COMO TITULAR DOS DADOS PESSOAIS<\/strong><\/p>\n\n\n\n<p>A transpar\u00eancia sobre o tratamento dos seus dados pessoais \u00e9 prioridade para o IPEPO. Al\u00e9m das informa\u00e7\u00f5es disponibilizadas nesta Pol\u00edtica de Governan\u00e7a de Dados e Privacidade, voc\u00ea pode tamb\u00e9m exercer os direitos previstos na Lei Geral de Prote\u00e7\u00e3o de Dados, entre eles:<\/p>\n\n\n\n<ul class=\"wp-block-list\">\n<li>Confirma\u00e7\u00e3o da exist\u00eancia de tratamento de dados pessoais.<\/li>\n\n\n\n<li>Acesso aos dados pessoais.<\/li>\n\n\n\n<li>Revoga\u00e7\u00e3o do consentimento.<\/li>\n\n\n\n<li>Corre\u00e7\u00e3o de dados pessoais incompletos, inexatos ou desatualizados.<\/li>\n\n\n\n<li>Elimina\u00e7\u00e3o dos dados pessoais tratados com o consentimento ou desnecess\u00e1rios, excessivos ou quando entender que algum ponto da LGPD n\u00e3o foi atendido.<\/li>\n\n\n\n<li>Informa\u00e7\u00e3o sobre as hip\u00f3teses e com quais empresas, parceiros e outras institui\u00e7\u00f5es podemos compartilhar, ou receber dados pessoais referentes a voc\u00ea.<\/li>\n\n\n\n<li>Informa\u00e7\u00e3o sobre a possibilidade de n\u00e3o fornecer consentimento e sobre as consequ\u00eancias da negativa, quando aplic\u00e1vel.<\/li>\n\n\n\n<li>Todas as solicita\u00e7\u00f5es ser\u00e3o tratadas de forma gratuita, e ser\u00e3o submetidas a uma pr\u00e9via avalia\u00e7\u00e3o da sua identidade e da viabilidade do atendimento, a fim de cumprir com eventuais obriga\u00e7\u00f5es que impe\u00e7am o completo atendimento das requisi\u00e7\u00f5es dos titulares de direito.<\/li>\n\n\n\n<li>Solicitar a anonimiza\u00e7\u00e3o, bloqueio ou elimina\u00e7\u00e3o de dados desnecess\u00e1rios, excessivos ou em desconformidade com a lei.<\/li>\n\n\n\n<li>Solicitar portabilidade dos dados a outro fornecedor de servi\u00e7o ou produto, ou obter c\u00f3pia dos seus dados pessoais.<\/li>\n\n\n\n<li>Solicitar informa\u00e7\u00e3o sobre entidades p\u00fablicas e privadas com as quais compartilhamos seus dados pessoais.<\/li>\n\n\n\n<li>Obter informa\u00e7\u00e3o sobre a possibilidade de n\u00e3o fornecer consentimento e consequ\u00eancias da negativa, quando ele \u00e9 necess\u00e1rio.<\/li>\n\n\n\n<li>Revogar, ou seja, cancelar seu consentimento, quando houver, observadas as exce\u00e7\u00f5es determinadas por lei.<\/li>\n<\/ul>\n\n\n\n<hr class=\"wp-block-separator has-css-opacity\"\/>\n\n\n\n<p><strong>RETEN\u00c7\u00c3O E EXCLUS\u00c3O DOS SEUS DADOS PESSOAIS<\/strong><\/p>\n\n\n\n<p>N\u00f3s trataremos seus dados pessoais com elevados n\u00edveis de prote\u00e7\u00e3o e garantindo sua privacidade, durante todo o per\u00edodo que voc\u00ea for nosso paciente, utilizando nossos servi\u00e7os.<\/p>\n\n\n\n<hr class=\"wp-block-separator has-css-opacity\"\/>\n\n\n\n<p><strong>ALTERA\u00c7\u00d5ES DESTA POL\u00cdTICA DE PRIVACIDADE<\/strong><\/p>\n\n\n\n<p>Estamos constantemente buscando aprimorar a experi\u00eancia de nossos candidatos, colaboradores, prestadores de servi\u00e7os e pacientes. Assim, nossas pr\u00e1ticas de tratamento de dados pessoais poder\u00e3o sofrer altera\u00e7\u00f5es com a inclus\u00e3o de novas funcionalidades e servi\u00e7os.<\/p>\n\n\n\n<p>Valorizamos a transpar\u00eancia no modo em que tratamos seus dados pessoais. Toda vez que alguma condi\u00e7\u00e3o relevante desta Pol\u00edtica de Governan\u00e7a de Dados e Privacidade for alterada, essas altera\u00e7\u00f5es ser\u00e3o v\u00e1lidas, eficazes e vinculantes ap\u00f3s a nova vers\u00e3o ser publicada em nosso site. Estas altera\u00e7\u00f5es ser\u00e3o comunicadas por meio de um dos canais disponibilizados por voc\u00ea durante o seu cadastro (e-mail, SMS, WhatsApp e outros).<\/p>\n\n\n\n<hr class=\"wp-block-separator has-css-opacity\"\/>\n\n\n\n<p><strong>FALE CONOSCO<\/strong><\/p>\n\n\n\n<p>Sempre que voc\u00ea tiver alguma d\u00favida sobre esta Pol\u00edtica de Privacidade, mesmo ap\u00f3s sua leitura, ou precisar interagir conosco sobre assuntos envolvendo os seus dados pessoais, poder\u00e1 faz\u00ea-lo por meio dos nossos canais de atendimento dispon\u00edveis em <a href=\"https:\/\/www.institutodavisao.org.br\/\"><strong>https:\/\/www.institutodavisao.org.br\/<\/strong><\/a>, solicitando as op\u00e7\u00f5es sobre a privacidade dos seus dados pessoais, sempre que dispon\u00edvel; ou pelo e-mail do Encarregado de Dados Pessoais<strong>: <\/strong><a href=\"mailto:dpo@institutodavisao.org.br\">dpo@institutodavisao.org.br<\/a><\/p>\n\n\n\n<p>Estamos sempre \u00e0 disposi\u00e7\u00e3o para esclarecer suas d\u00favidas e colocar voc\u00ea no controle dos seus dados pessoais.<\/p>\n\n\n\n<p>Contem conosco para mant\u00ea-los informados!<\/p>\n\n\n\n<p>INSTITUTO PAULISTA DE ESTUDOS E PESQUISAS EM OFTALMOLOGIA \u2013 IPEPO<\/p>\n","protected":false},"excerpt":{"rendered":"<p>O IPEPO cuida de voc\u00ea e respeita a sua privacidade. Prezamos pela confian\u00e7a e responsabilidade em todas as nossas rela\u00e7\u00f5es. Nossa pol\u00edtica de privacidade te ajudar\u00e1 a entender como tratamos dados pessoais e valorizamos a privacidade. Quando voc\u00ea \u00e9 atendido em nossas unidades ou contrata um servi\u00e7o no IPEPO, voc\u00ea nos fornece alguns dados pessoais [&hellip;]<\/p>\n","protected":false},"author":1,"featured_media":0,"parent":0,"menu_order":0,"comment_status":"closed","ping_status":"closed","template":"","meta":{"_acf_changed":false,"_joinchat":[],"footnotes":""},"class_list":["post-8483","page","type-page","status-publish","hentry"],"acf":[],"_links":{"self":[{"href":"https:\/\/www.institutodavisao.org.br\/area-do-medico\/wp-json\/wp\/v2\/pages\/8483","targetHints":{"allow":["GET"]}}],"collection":[{"href":"https:\/\/www.institutodavisao.org.br\/area-do-medico\/wp-json\/wp\/v2\/pages"}],"about":[{"href":"https:\/\/www.institutodavisao.org.br\/area-do-medico\/wp-json\/wp\/v2\/types\/page"}],"author":[{"embeddable":true,"href":"https:\/\/www.institutodavisao.org.br\/area-do-medico\/wp-json\/wp\/v2\/users\/1"}],"replies":[{"embeddable":true,"href":"https:\/\/www.institutodavisao.org.br\/area-do-medico\/wp-json\/wp\/v2\/comments?post=8483"}],"version-history":[{"count":8,"href":"https:\/\/www.institutodavisao.org.br\/area-do-medico\/wp-json\/wp\/v2\/pages\/8483\/revisions"}],"predecessor-version":[{"id":10276,"href":"https:\/\/www.institutodavisao.org.br\/area-do-medico\/wp-json\/wp\/v2\/pages\/8483\/revisions\/10276"}],"wp:attachment":[{"href":"https:\/\/www.institutodavisao.org.br\/area-do-medico\/wp-json\/wp\/v2\/media?parent=8483"}],"curies":[{"name":"wp","href":"https:\/\/api.w.org\/{rel}","templated":true}]}}