{"id":9630,"date":"2022-06-13T17:00:19","date_gmt":"2022-06-13T20:00:19","guid":{"rendered":"https:\/\/institutodavisao2.websiteseguro.com\/area-do-medico\/?page_id=9630"},"modified":"2022-06-14T14:45:31","modified_gmt":"2022-06-14T17:45:31","slug":"centro-diagnostico","status":"publish","type":"page","link":"https:\/\/www.institutodavisao.org.br\/area-do-medico\/centro-diagnostico\/","title":{"rendered":"Centro Diagn\u00f3stico"},"content":{"rendered":"\n<p>O Instituto Paulista de Estudos e Pesquisa em Oftalmologia &#8211; IPEPO realiza exames diagn\u00f3sticos, tratamentos cl\u00ednicos e cirurgias a mais de 30 anos.<br>Os exames de Imagem ficar\u00e3o dispon\u00edveis no mesmo dia e laudos em at\u00e9 7 dias \u00fateis.<br>Voc\u00ea e seu m\u00e9dico poder\u00e3o acess\u00e1-los atrav\u00e9s do site em &#8220;<a rel=\"noreferrer noopener\" href=\"https:\/\/institutodavisao.sivoe.med.br\/index.php\" target=\"_blank\">veja o resultado do seu exame<\/a>&#8221; com seu login e senha que receber\u00e1 ao final do exame.<\/p>\n\n\n\n<p><strong>VEJA ABAIXO A LISTA DOS EXAMES E EQUIPAMENTOS:<\/strong><\/p>\n","protected":false},"excerpt":{"rendered":"<p>O Instituto Paulista de Estudos e Pesquisa em Oftalmologia &#8211; IPEPO realiza exames diagn\u00f3sticos, tratamentos cl\u00ednicos e cirurgias a mais de 30 anos.Os exames de Imagem ficar\u00e3o dispon\u00edveis no mesmo dia e laudos em at\u00e9 7 dias \u00fateis.Voc\u00ea e seu m\u00e9dico poder\u00e3o acess\u00e1-los atrav\u00e9s do site em &#8220;veja o resultado do seu exame&#8221; com seu [&hellip;]<\/p>\n","protected":false},"author":1,"featured_media":0,"parent":0,"menu_order":0,"comment_status":"closed","ping_status":"closed","template":"templates\/centro-diagnostico.php","meta":{"_acf_changed":false,"_joinchat":[],"footnotes":""},"class_list":["post-9630","page","type-page","status-publish","hentry"],"acf":[],"_links":{"self":[{"href":"https:\/\/www.institutodavisao.org.br\/area-do-medico\/wp-json\/wp\/v2\/pages\/9630","targetHints":{"allow":["GET"]}}],"collection":[{"href":"https:\/\/www.institutodavisao.org.br\/area-do-medico\/wp-json\/wp\/v2\/pages"}],"about":[{"href":"https:\/\/www.institutodavisao.org.br\/area-do-medico\/wp-json\/wp\/v2\/types\/page"}],"author":[{"embeddable":true,"href":"https:\/\/www.institutodavisao.org.br\/area-do-medico\/wp-json\/wp\/v2\/users\/1"}],"replies":[{"embeddable":true,"href":"https:\/\/www.institutodavisao.org.br\/area-do-medico\/wp-json\/wp\/v2\/comments?post=9630"}],"version-history":[{"count":3,"href":"https:\/\/www.institutodavisao.org.br\/area-do-medico\/wp-json\/wp\/v2\/pages\/9630\/revisions"}],"predecessor-version":[{"id":9639,"href":"https:\/\/www.institutodavisao.org.br\/area-do-medico\/wp-json\/wp\/v2\/pages\/9630\/revisions\/9639"}],"wp:attachment":[{"href":"https:\/\/www.institutodavisao.org.br\/area-do-medico\/wp-json\/wp\/v2\/media?parent=9630"}],"curies":[{"name":"wp","href":"https:\/\/api.w.org\/{rel}","templated":true}]}}