{"id":9720,"date":"2022-08-09T09:52:14","date_gmt":"2022-08-09T12:52:14","guid":{"rendered":"https:\/\/institutodavisao2.websiteseguro.com\/area-do-medico\/?page_id=9720"},"modified":"2022-08-09T09:52:14","modified_gmt":"2022-08-09T12:52:14","slug":"politica-de-cookies-ipepo","status":"publish","type":"page","link":"https:\/\/www.institutodavisao.org.br\/area-do-medico\/politica-de-cookies-ipepo\/","title":{"rendered":"POL\u00cdTICA DE COOKIES \u2013 IPEPO"},"content":{"rendered":"\n<p id=\"block-0dda5051-60c6-4e69-99b2-2634f614f808\"><br>Esta Pol\u00edtica se aplica ao nosso site (<a href=\"https:\/\/www.institutodavisao.org.br\" target=\"_blank\" rel=\"noreferrer noopener\">https:\/\/www.institutodavisao.org.br<\/a>) e descreve como coletamos e usamos essas informa\u00e7\u00f5es, bem como as op\u00e7\u00f5es que temos por meio do uso de tecnologias chamadas &#8220;cookies&#8221; e tecnologias semelhantes (como pixels, armazenamento local e conjuntos de cookies).<\/p>\n\n\n\n<p id=\"block-c5ea002d-2613-479b-8768-9c2327030ce9\">Neste documento, abordaremos como coletamos as informa\u00e7\u00f5es atrav\u00e9s dos cookies existentes em nosso site, como utilizamos e por qual raz\u00e3o \u00e9 necess\u00e1rio armazenar esses cookies.<\/p>\n\n\n\n<p id=\"block-83c69b54-7ff6-4a89-82d2-f9ba9a04f0d7\">Para facilitar seu entendimento sobre o uso destas tecnologias, explicamos abaixo algumas caracter\u00edsticas existentes em nosso site.<\/p>\n\n\n\n<hr class=\"wp-block-separator\" id=\"block-7fd0af87-ccc3-4f61-aff0-478c1223b7c2\"\/>\n\n\n\n<h3 class=\"wp-block-heading\" id=\"block-fb371c75-e0d1-4c3f-b161-88d4d9635bf8\"><strong>O QUE S\u00c3O COOKIES?<\/strong><\/h3>\n\n\n\n<p id=\"block-e415e74f-6d47-4195-af5a-02dd053bc1ce\">Cookie \u00e9 um pequeno arquivo em formato de texto existente no site enquanto voc\u00ea navega na plataforma. Os cookies s\u00e3o processados e armazenados pelo seu navegador. Por si s\u00f3, os cookies s\u00e3o inofensivos e desempenham fun\u00e7\u00f5es<br>importantes no site.<\/p>\n\n\n\n<p id=\"block-30069ffb-86ae-4b54-a98c-e74dc641df27\">Os cookies tamb\u00e9m podem ser facilmente visualizados e exclu\u00eddos pelo usu\u00e1rio, atrav\u00e9s das funcionalidades de cada navegador. Alguns dos cookies que usamos podem estar associados \u00e0 sua conta (incluindo informa\u00e7\u00f5es sobre voc\u00ea, como o endere\u00e7o de e-mail fornecido, por exemplo).<\/p>\n\n\n\n<hr class=\"wp-block-separator\"\/>\n\n\n\n<h3 class=\"wp-block-heading\"><strong>COMO USAMOS OS COOKIES<\/strong><\/h3>\n\n\n\n<p>Os seus dados s\u00e3o tratados atrav\u00e9s das seguintes categorias de cookies:<\/p>\n\n\n\n<ul class=\"wp-block-list\"><li><strong>Cookies Essenciais<\/strong><\/li><\/ul>\n\n\n\n<p>Esses cookies s\u00e3o essenciais para o funcionamento normal da nossa plataforma. Permitem aos utilizadores navegar no nosso site e utilizar todas as suas fun\u00e7\u00f5es, sem os elementos necess\u00e1rios a nossa plataforma n\u00e3o funcionar\u00e1 corretamente e poderemos n\u00e3o ser capazes de fornecer as fun\u00e7\u00f5es a ela associadas.<\/p>\n\n\n\n<ul class=\"wp-block-list\"><li><strong>Cookies De An\u00e1lise<\/strong><\/li><\/ul>\n\n\n\n<p>O objetivo destes cookies \u00e9 ajud\u00e1-lo a compreender o desempenho da nossa plataforma digital, medir a sua audi\u00eancia, verificar os h\u00e1bitos de navega\u00e7\u00e3o e intera\u00e7\u00e3o dos utilizadores do nosso site e a forma como o visitam, ajudando assim a melhorar o desempenho do nosso site.<\/p>\n\n\n\n<p>Por exemplo, esses cookies nos informam quantas pessoas usam um determinado recurso e seu grau de popularidade, ou se as pessoas abrem um e-mail que enviamos.<\/p>\n\n\n\n<ul class=\"wp-block-list\"><li><strong>Cookies de Personaliza\u00e7\u00e3o<\/strong><\/li><\/ul>\n\n\n\n<p>Esses cookies permitem que nossa plataforma digital armazene as op\u00e7\u00f5es do usu\u00e1rio (como nome de usu\u00e1rio, idioma ou regi\u00e3o) para fornecer uma experi\u00eancia personalizada sem ter que preencher novamente.<\/p>\n\n\n\n<ul class=\"wp-block-list\"><li><strong>Cookies de Marketing<\/strong><\/li><\/ul>\n\n\n\n<p>Eles s\u00e3o usados para exibir an\u00fancios relevantes aos usu\u00e1rios em nossas plataformas digitais ou em sites de parceiros, e para entender se os usu\u00e1rios que visualizaram os an\u00fancios visitaram nossas plataformas digitais depois de ver os an\u00fancios. Os cookies de publicidade tamb\u00e9m podem ser usados para lembrar poss\u00edveis pesquisas que os usu\u00e1rios fizeram em nossa plataforma digital e, com base nessas pesquisas, fornece aos usu\u00e1rios, an\u00fancios relevantes aos seus interesses. Esses cookies ajudam a medir a efic\u00e1cia da publicidade em nosso site.<\/p>\n\n\n\n<br>\n\n\n\n<h4 class=\"wp-block-heading\"><strong>Dura\u00e7\u00e3o<\/strong><\/h4>\n\n\n\n<br>\n\n\n\n<ul class=\"wp-block-list\"><li><strong>Cookies de Sess\u00e3o<\/strong><\/li><\/ul>\n\n\n\n<p>Esses cookies s\u00e3o tempor\u00e1rios e expiram quando voc\u00ea fecha o navegador (ou quando a sess\u00e3o termina).<\/p>\n\n\n\n<ul class=\"wp-block-list\"><li><strong>Cookies Persistentes<\/strong><\/li><\/ul>\n\n\n\n<p>Essa categoria abrange todos os cookies que permanecem no seu disco r\u00edgido at\u00e9 que voc\u00ea ou o seu navegador os apague, dependendo da data de validade do cookie. Todos os cookies persistentes t\u00eam uma data de validade gravada em seu c\u00f3digo, mas sua dura\u00e7\u00e3o pode variar.<\/p>\n\n\n\n<br>\n\n\n\n<h4 class=\"wp-block-heading\"><strong>Proveni\u00eancia<\/strong><\/h4>\n\n\n\n<br>\n\n\n\n<ul class=\"wp-block-list\"><li><strong>Cookies Prim\u00e1rios<\/strong><\/li><\/ul>\n\n\n\n<p>Como o nome indica, os cookies prim\u00e1rios s\u00e3o colocados no seu dispositivo diretamente pelo site que voc\u00ea est\u00e1 visitando.<\/p>\n\n\n\n<ul class=\"wp-block-list\"><li><strong>Cookies de Terceiros<\/strong><\/li><\/ul>\n\n\n\n<p>Esses s\u00e3o os cookies colocados no seu dispositivo, n\u00e3o pelo site que voc\u00ea est\u00e1 visitando, mas por terceiros como um anunciante ou um sistema anal\u00edtico.<\/p>\n\n\n\n<p>Essas s\u00e3o as principais formas de classifica\u00e7\u00e3o de cookies, embora existam cookies que n\u00e3o se encaixam perfeitamente nessas categorias ou podem se qualificar para v\u00e1rias categorias.<\/p>\n\n\n\n<hr class=\"wp-block-separator\"\/>\n\n\n\n<h3 class=\"wp-block-heading\"><strong>COMO VOC\u00ca PODE CONTROLAR OU EXCLUIR COOKIES<\/strong><\/h3>\n\n\n\n<p>A maioria dos navegadores da Internet \u00e9 configurada para aceitar cookies automaticamente. No entanto, voc\u00ea pode alterar as configura\u00e7\u00f5es para impedir o uso de cookies ou para alert\u00e1-lo quando os cookies s\u00e3o enviados para o seu dispositivo.<\/p>\n\n\n\n<p>Seu navegador pode fornecer uma op\u00e7\u00e3o de cookie. Por exemplo, a maioria dos navegadores permite que voc\u00ea bloqueie &#8220;cookies de terceiros&#8221;, que s\u00e3o cookies de sites diferentes do site que voc\u00ea est\u00e1 visitando. Essas op\u00e7\u00f5es variam de navegador para navegador. Verifique as configura\u00e7\u00f5es do seu navegador para obter mais informa\u00e7\u00f5es.<\/p>\n\n\n\n<p>O usu\u00e1rio poder\u00e1 gerenciar suas prefer\u00eancias de cookies atrav\u00e9s de seu navegador.<\/p>\n\n\n\n<p>\u00c9 importante que voc\u00ea saiba que se nossos cookies forem desativados ou exclu\u00eddos, nem todas as  fun\u00e7\u00f5es do nosso site podem ser usadas normalmente. Por exemplo, voc\u00ea pode n\u00e3o conseguir acessar certas \u00e1reas de nosso site ou pode n\u00e3o receber informa\u00e7\u00f5es personalizadas ao visitar o site.<\/p>\n\n\n\n<p>Se voc\u00ea usar outros dispositivos para visualizar e visitar o site (por exemplo, computadores, smartphones, tablets, etc.), dever\u00e1 configurar cada navegador em cada dispositivo para se adequar \u00e0s suas prefer\u00eancias de cookies.<\/p>\n\n\n\n<p>Caso voc\u00ea tenha alguma d\u00favida sobre a gest\u00e3o de cookies nas plataformas digitais de nossa organiza\u00e7\u00e3o, solicitamos que entre em contato com o nosso Encarregado de Dados \u2013 DPO atrav\u00e9s dos seguintes meios de contato:<\/p>\n\n\n\n<p><strong>Nome: Waldir Mafra<\/strong><\/p>\n\n\n\n<p><strong>E-mail:<\/strong> <a href=\"mailto:lgpd@institutodavisao2.websiteseguro.com\" target=\"_blank\" rel=\"noreferrer noopener\"><strong>lgpd@institutodavisao2.websiteseguro.com<\/strong><\/a><\/p>\n\n\n\n<p><strong>Tel: <a href=\"tel:+5511986854050\" data-type=\"tel\" data-id=\"tel:+5511986854050\" target=\"_blank\" rel=\"noreferrer noopener\">(11) 98685-4050<\/a><\/strong><\/p>\n\n\n\n<p>Para mais informa\u00e7\u00f5es sobre a forma como procedemos com o tratamento dos dados pessoais, consulte a nossa Pol\u00edtica de Privacidade e de Prote\u00e7\u00e3o de Dados em nosso site.<\/p>\n","protected":false},"excerpt":{"rendered":"<p>Esta Pol\u00edtica se aplica ao nosso site (https:\/\/www.institutodavisao.org.br) e descreve como coletamos e usamos essas informa\u00e7\u00f5es, bem como as op\u00e7\u00f5es que temos por meio do uso de tecnologias chamadas &#8220;cookies&#8221; e tecnologias semelhantes (como pixels, armazenamento local e conjuntos de cookies). Neste documento, abordaremos como coletamos as informa\u00e7\u00f5es atrav\u00e9s dos cookies existentes em nosso site, [&hellip;]<\/p>\n","protected":false},"author":1,"featured_media":0,"parent":0,"menu_order":0,"comment_status":"closed","ping_status":"closed","template":"","meta":{"_acf_changed":false,"_joinchat":[],"footnotes":""},"class_list":["post-9720","page","type-page","status-publish","hentry"],"acf":[],"_links":{"self":[{"href":"https:\/\/www.institutodavisao.org.br\/area-do-medico\/wp-json\/wp\/v2\/pages\/9720","targetHints":{"allow":["GET"]}}],"collection":[{"href":"https:\/\/www.institutodavisao.org.br\/area-do-medico\/wp-json\/wp\/v2\/pages"}],"about":[{"href":"https:\/\/www.institutodavisao.org.br\/area-do-medico\/wp-json\/wp\/v2\/types\/page"}],"author":[{"embeddable":true,"href":"https:\/\/www.institutodavisao.org.br\/area-do-medico\/wp-json\/wp\/v2\/users\/1"}],"replies":[{"embeddable":true,"href":"https:\/\/www.institutodavisao.org.br\/area-do-medico\/wp-json\/wp\/v2\/comments?post=9720"}],"version-history":[{"count":2,"href":"https:\/\/www.institutodavisao.org.br\/area-do-medico\/wp-json\/wp\/v2\/pages\/9720\/revisions"}],"predecessor-version":[{"id":9722,"href":"https:\/\/www.institutodavisao.org.br\/area-do-medico\/wp-json\/wp\/v2\/pages\/9720\/revisions\/9722"}],"wp:attachment":[{"href":"https:\/\/www.institutodavisao.org.br\/area-do-medico\/wp-json\/wp\/v2\/media?parent=9720"}],"curies":[{"name":"wp","href":"https:\/\/api.w.org\/{rel}","templated":true}]}}