{"id":3113,"date":"2018-01-18T15:02:01","date_gmt":"2018-01-18T15:02:01","guid":{"rendered":"http:\/\/institutodavisao.org.br\/?page_id=3113"},"modified":"2023-03-13T18:09:35","modified_gmt":"2023-03-13T21:09:35","slug":"missao-visao-e-valores","status":"publish","type":"page","link":"https:\/\/www.institutodavisao.org.br\/area-do-paciente\/missao-visao-e-valores\/","title":{"rendered":"O IPEPO"},"content":{"rendered":"\n<h2 class=\"wp-block-heading\">O IPEPO<\/h2>\n\n\n\n<p>O Instituto Paulista de Estudos e Pesquisas em Oftalmologia \u2013 IPEPO ou Instituto da Vis\u00e3o \u00e9 uma entidade sem fins lucrativos, de car\u00e1ter filantr\u00f3pico, fundada em 1990 por docentes do Departamento de Oftalmologia da UNIFESP \u2013 EPM.<\/p>\n\n\n\n<p>Desde esta \u00e9poca, o IPEPO presta servi\u00e7os m\u00e9dicos por meio de diagn\u00f3sticos, tratamentos cl\u00ednicos e cir\u00fargicos em projetos assistenciais e did\u00e1ticos com a miss\u00e3o de promover, de modo sustent\u00e1vel e inovador, a gest\u00e3o de recursos, apoiando o ensino, pesquisa e assist\u00eancia oftalmol\u00f3gica.<\/p>\n\n\n\n<hr class=\"wp-block-separator\"\/>\n\n\n\n<h3 class=\"wp-block-heading\"><strong>MISS\u00c3O<\/strong><\/h3>\n\n\n\n<p>Promover Vis\u00e3o pela Assist\u00eancia, Ensino e Pesquisa com sustentabilidade<\/p>\n\n\n\n<hr class=\"wp-block-separator\"\/>\n\n\n\n<h3 class=\"wp-block-heading\"><strong>VIS\u00c3O<\/strong><\/h3>\n\n\n\n<p>Ser o modelo nacional em Assist\u00eancia, Ensino e Pesquisa com forte inser\u00e7\u00e3o internacional, com sustentabilidade<\/p>\n\n\n\n<hr class=\"wp-block-separator\"\/>\n\n\n\n<h3 class=\"wp-block-heading\"><strong>VALORES<\/strong><\/h3>\n\n\n\n<ul class=\"wp-block-list\"><li>Integridade;<\/li><li>Pr\u00f3-atividade;<\/li><li>Profissionalismo;<\/li><li>Respeito.<\/li><\/ul>\n\n\n\n<hr class=\"wp-block-separator\"\/>\n\n\n\n<h2 class=\"wp-block-heading\"><strong>REGISTROS, CERTIFICADOS E QUALIFICA\u00c7\u00d5ES<\/strong><\/h2>\n\n\n\n<p>O Instituto Paulista de Estudos e Pesquisas em Oftalmologia \u2013 IPEPO possui diversos registros, certificados e qualifica\u00e7\u00f5es de reconhecimento p\u00fablico na \u00e1rea de assist\u00eancia oftalmol\u00f3gica aos pacientes do Sistema \u00danico de Sa\u00fade em \u00e2mbito municipal, estadual e federal.<\/p>\n\n\n\n<ul class=\"wp-block-list\"><li>CEBAS \u2013 Cadastro de Entidades Beneficentes de Assist\u00eancia Social<\/li><li>CNES \u2013 Cadastro Nacional dos Estabelecimentos de Sa\u00fade<\/li><li>Certificado de Utilidade P\u00fablica Estadual<\/li><li>Certificado de Utilidade P\u00fablica Municipal<\/li><li>CNAS \u2013 Conselho Nacional de Assist\u00eancia Social<\/li><li>Qualifica\u00e7\u00e3o como Organiza\u00e7\u00e3o Social de Sa\u00fade pela Secretaria Estadual da Sa\u00fade de S\u00e3o Paulo<\/li><li>Registro na Coordena\u00e7\u00e3o de Vigil\u00e2ncia Sanit\u00e1ria da Prefeitura do Munic\u00edpio de S\u00e3o Paulo<\/li><\/ul>\n","protected":false},"excerpt":{"rendered":"<p>O Instituto Paulista de Estudos e Pesquisas em Oftalmologia \u2013 IPEPO ou Instituto da Vis\u00e3o da Paulista \u00e9 uma entidade sem fins lucrativos, de car\u00e1ter filantr\u00f3pico, fundada em 1990 por docentes do Departamento de Oftalmologia da UNIFESP \u2013 EPM.<\/p>\n","protected":false},"author":3,"featured_media":0,"parent":0,"menu_order":0,"comment_status":"closed","ping_status":"closed","template":"templates\/sobre-ipepo.php","meta":{"_acf_changed":false,"_joinchat":[],"footnotes":""},"class_list":["post-3113","page","type-page","status-publish","hentry"],"acf":[],"_links":{"self":[{"href":"https:\/\/www.institutodavisao.org.br\/area-do-paciente\/wp-json\/wp\/v2\/pages\/3113","targetHints":{"allow":["GET"]}}],"collection":[{"href":"https:\/\/www.institutodavisao.org.br\/area-do-paciente\/wp-json\/wp\/v2\/pages"}],"about":[{"href":"https:\/\/www.institutodavisao.org.br\/area-do-paciente\/wp-json\/wp\/v2\/types\/page"}],"author":[{"embeddable":true,"href":"https:\/\/www.institutodavisao.org.br\/area-do-paciente\/wp-json\/wp\/v2\/users\/3"}],"replies":[{"embeddable":true,"href":"https:\/\/www.institutodavisao.org.br\/area-do-paciente\/wp-json\/wp\/v2\/comments?post=3113"}],"version-history":[{"count":4,"href":"https:\/\/www.institutodavisao.org.br\/area-do-paciente\/wp-json\/wp\/v2\/pages\/3113\/revisions"}],"predecessor-version":[{"id":8289,"href":"https:\/\/www.institutodavisao.org.br\/area-do-paciente\/wp-json\/wp\/v2\/pages\/3113\/revisions\/8289"}],"wp:attachment":[{"href":"https:\/\/www.institutodavisao.org.br\/area-do-paciente\/wp-json\/wp\/v2\/media?parent=3113"}],"curies":[{"name":"wp","href":"https:\/\/api.w.org\/{rel}","templated":true}]}}