{"id":3382,"date":"2018-01-26T11:32:24","date_gmt":"2018-01-26T11:32:24","guid":{"rendered":"http:\/\/institutodavisao.org.br\/?page_id=3382"},"modified":"2026-04-20T17:55:44","modified_gmt":"2026-04-20T20:55:44","slug":"atendimento-particular","status":"publish","type":"page","link":"https:\/\/www.institutodavisao.org.br\/area-do-paciente\/consultas\/atendimento-particular\/","title":{"rendered":"Atendimento Particular"},"content":{"rendered":"\n<p>O Instituto Paulista de Estudos e Pesquisas em Oftalmologia \u2013 IPEPO possui um corpo cl\u00ednico qualificado e apto para atender suas necessidades. Profissionais especializados em diversas \u00e1reas da oftalmologia para cuidar da sua sa\u00fade ocular.<\/p>\n\n\n\n<p>Venha nos conhecer, marque uma consulta com nossos especialistas pelo Telefone\/WhatsApp:&nbsp;<strong><a rel=\"noreferrer noopener\" href=\"https:\/\/wa.me\/551130164080\" target=\"_blank\">(11) 3016-4080<\/a><\/strong>.<\/p>\n\n\n\n<p>Nosso hor\u00e1rio de atendimento \u00e9 de&nbsp;<strong>segunda a sexta-feira das 8h00 \u00e0s 18h00<\/strong>.<\/p>\n\n\n\n<p>Tamb\u00e9m damos todo suporte de orienta\u00e7\u00e3o sobre pagamentos e estamos dispon\u00edveis para tirar qualquer d\u00favida.<\/p>\n\n\n\n<p>Para solicita\u00e7\u00e3o de or\u00e7amentos de cirurgias entre em contato pelo Telefone\/WhatsApp\u00a0<strong><a href=\"https:\/\/wa.me\/551130164080\" target=\"_blank\" rel=\"noreferrer noopener\">(11) 3016-4080<\/a><\/strong><\/p>\n\n\n\n<p class=\"botao\"><a href=\"https:\/\/vector.institutodavisao.org.br\/agenda\/login\" data-type=\"link\" data-id=\"https:\/\/vector.institutodavisao.org.br\/agenda\/login\" target=\"_blank\" rel=\"noreferrer noopener\">Agendamento Online<\/a><\/p>\n","protected":false},"excerpt":{"rendered":"<p>O Instituto Paulista de Estudos e Pesquisas em Oftalmologia \u2013 IPEPO possui um corpo cl\u00ednico qualificado e apto para atender suas necessidades. Profissionais especializados em diversas \u00e1reas da oftalmologia para cuidar da sua sa\u00fade ocular. Venha nos conhecer, marque uma consulta com nossos especialistas pelo Telefone\/WhatsApp:&nbsp;(11) 3016-4080. Nosso hor\u00e1rio de atendimento \u00e9 de&nbsp;segunda a sexta-feira [&hellip;]<\/p>\n","protected":false},"author":3,"featured_media":0,"parent":3142,"menu_order":2,"comment_status":"closed","ping_status":"closed","template":"","meta":{"_acf_changed":false,"_joinchat":[],"footnotes":""},"class_list":["post-3382","page","type-page","status-publish","hentry"],"acf":[],"_links":{"self":[{"href":"https:\/\/www.institutodavisao.org.br\/area-do-paciente\/wp-json\/wp\/v2\/pages\/3382","targetHints":{"allow":["GET"]}}],"collection":[{"href":"https:\/\/www.institutodavisao.org.br\/area-do-paciente\/wp-json\/wp\/v2\/pages"}],"about":[{"href":"https:\/\/www.institutodavisao.org.br\/area-do-paciente\/wp-json\/wp\/v2\/types\/page"}],"author":[{"embeddable":true,"href":"https:\/\/www.institutodavisao.org.br\/area-do-paciente\/wp-json\/wp\/v2\/users\/3"}],"replies":[{"embeddable":true,"href":"https:\/\/www.institutodavisao.org.br\/area-do-paciente\/wp-json\/wp\/v2\/comments?post=3382"}],"version-history":[{"count":6,"href":"https:\/\/www.institutodavisao.org.br\/area-do-paciente\/wp-json\/wp\/v2\/pages\/3382\/revisions"}],"predecessor-version":[{"id":9781,"href":"https:\/\/www.institutodavisao.org.br\/area-do-paciente\/wp-json\/wp\/v2\/pages\/3382\/revisions\/9781"}],"up":[{"embeddable":true,"href":"https:\/\/www.institutodavisao.org.br\/area-do-paciente\/wp-json\/wp\/v2\/pages\/3142"}],"wp:attachment":[{"href":"https:\/\/www.institutodavisao.org.br\/area-do-paciente\/wp-json\/wp\/v2\/media?parent=3382"}],"curies":[{"name":"wp","href":"https:\/\/api.w.org\/{rel}","templated":true}]}}