{"id":3396,"date":"2018-01-26T12:51:15","date_gmt":"2018-01-26T14:51:15","guid":{"rendered":"http:\/\/institutodavisao.org.br\/?page_id=3396"},"modified":"2023-07-18T12:11:36","modified_gmt":"2023-07-18T15:11:36","slug":"segunda-opiniao-em-oftalmologia","status":"publish","type":"page","link":"https:\/\/www.institutodavisao.org.br\/area-do-paciente\/consultas\/segunda-opiniao-em-oftalmologia\/","title":{"rendered":"Segunda Opini\u00e3o em Oftalmologia"},"content":{"rendered":"\n<h2 class=\"wp-block-heading\">O que \u00e9 segunda opini\u00e3o?<\/h2>\n\n\n\n<p>Com o objetivo de esclarecer d\u00favidas, confirmar diagn\u00f3sticos, confirmar necessidades de exames complementares ou tratamentos recomendados, o Instituto Paulista de Estudos e Pesquisas em Oftalmologia \u2013 IPEPO oferece consultas com renomados especialistas com carreira acad\u00eamica s\u00f3lida.<\/p>\n\n\n\n<p>O Instituto disp\u00f5e de moderno parque tecnol\u00f3gico que garante dados precisos para tomada de decis\u00f5es e seguran\u00e7a a m\u00e9dicos e pacientes.<\/p>\n\n\n\n<p>Os principais motivos que fazem com que pacientes busquem uma segunda opini\u00e3o em oftalmologia s\u00e3o:<\/p>\n\n\n\n<ul class=\"wp-block-list\">\n<li>Gravidade da doen\u00e7a diagnosticada ou risco de perda da vis\u00e3o.<\/li>\n\n\n\n<li>Indica\u00e7\u00e3o de cirurgia ou de procedimento invasivo como melhor op\u00e7\u00e3o de tratamento;<\/li>\n\n\n\n<li>Custo elevado de exames ou tratamentos recomendados;<\/li>\n\n\n\n<li>Necessidade de atendimento personalizado;<\/li>\n\n\n\n<li>Exist\u00eancia de diferentes condutas m\u00e9dicas frente a uma mesma doen\u00e7a;<\/li>\n\n\n\n<li>Crescente n\u00famero de tratamentos dirigidos a fatores de risco e n\u00e3o a doen\u00e7as existentes;<\/li>\n\n\n\n<li>Orienta\u00e7\u00e3o quanto a ado\u00e7\u00e3o de tratamentos introduzidos h\u00e1 poucos anos ou experimentais, cuja efic\u00e1cia e riscos ainda n\u00e3o foram estabelecidos cientificamente.<\/li>\n<\/ul>\n\n\n\n<div style=\"height:20px\" aria-hidden=\"true\" class=\"wp-block-spacer\"><\/div>\n\n\n\n<p>Venha nos conhecer, marque sua consulta com nossos especialistas pelo Telefone\/WhatsApp:&nbsp;<strong><a rel=\"noreferrer noopener\" href=\"https:\/\/wa.me\/551130164080\" target=\"_blank\">(11) 3016-4080<\/a><\/strong>.<\/p>\n","protected":false},"excerpt":{"rendered":"<p>O que \u00e9 segunda opini\u00e3o? Com o objetivo de esclarecer d\u00favidas, confirmar diagn\u00f3sticos, confirmar necessidades de exames complementares ou tratamentos recomendados, o Instituto Paulista de Estudos e Pesquisas em Oftalmologia \u2013 IPEPO oferece consultas com renomados especialistas com carreira acad\u00eamica s\u00f3lida. O Instituto disp\u00f5e de moderno parque tecnol\u00f3gico que garante dados precisos para tomada de [&hellip;]<\/p>\n","protected":false},"author":3,"featured_media":0,"parent":3142,"menu_order":1,"comment_status":"closed","ping_status":"closed","template":"","meta":{"_acf_changed":false,"_joinchat":[],"footnotes":""},"class_list":["post-3396","page","type-page","status-publish","hentry"],"acf":[],"_links":{"self":[{"href":"https:\/\/www.institutodavisao.org.br\/area-do-paciente\/wp-json\/wp\/v2\/pages\/3396","targetHints":{"allow":["GET"]}}],"collection":[{"href":"https:\/\/www.institutodavisao.org.br\/area-do-paciente\/wp-json\/wp\/v2\/pages"}],"about":[{"href":"https:\/\/www.institutodavisao.org.br\/area-do-paciente\/wp-json\/wp\/v2\/types\/page"}],"author":[{"embeddable":true,"href":"https:\/\/www.institutodavisao.org.br\/area-do-paciente\/wp-json\/wp\/v2\/users\/3"}],"replies":[{"embeddable":true,"href":"https:\/\/www.institutodavisao.org.br\/area-do-paciente\/wp-json\/wp\/v2\/comments?post=3396"}],"version-history":[{"count":3,"href":"https:\/\/www.institutodavisao.org.br\/area-do-paciente\/wp-json\/wp\/v2\/pages\/3396\/revisions"}],"predecessor-version":[{"id":8730,"href":"https:\/\/www.institutodavisao.org.br\/area-do-paciente\/wp-json\/wp\/v2\/pages\/3396\/revisions\/8730"}],"up":[{"embeddable":true,"href":"https:\/\/www.institutodavisao.org.br\/area-do-paciente\/wp-json\/wp\/v2\/pages\/3142"}],"wp:attachment":[{"href":"https:\/\/www.institutodavisao.org.br\/area-do-paciente\/wp-json\/wp\/v2\/media?parent=3396"}],"curies":[{"name":"wp","href":"https:\/\/api.w.org\/{rel}","templated":true}]}}