{"id":4385,"date":"2018-05-02T14:16:38","date_gmt":"2018-05-02T14:16:38","guid":{"rendered":"https:\/\/institutodavisao.org.br\/?page_id=4385"},"modified":"2025-03-24T16:52:15","modified_gmt":"2025-03-24T19:52:15","slug":"convenios","status":"publish","type":"page","link":"https:\/\/www.institutodavisao.org.br\/area-do-paciente\/consultas\/convenios\/","title":{"rendered":"Conv\u00eanios"},"content":{"rendered":"\n<h2 class=\"wp-block-heading has-text-align-left\"><strong>Conv\u00eanios Atendidos<\/strong><\/h2>\n\n\n\n<p class=\"has-text-align-left\">Abaixo a rela\u00e7\u00e3o das operadoras de sa\u00fade atendidas no Instituto Paulista de Estudos e Pesquisas em Oftalmologia \u2013 IPEPO. Para maiores informa\u00e7\u00f5es\u00a0ligue em nossa Central de Atendimento, no telefone ou WhatsApp\u00a0<a href=\"+551130164080\" target=\"_blank\" rel=\"noopener noreferrer\">(11) 3016-4080<\/a>.<\/p>\n\n\n\n<p><strong>Caso voc\u00ea n\u00e3o encontre seu conv\u00eanio, entre em contato com nossa central de atendimento pelo telefone<\/strong>:<br><strong>Telefone\/Whatsapp: <\/strong><a href=\"tel:+551130164080\" data-type=\"tel\" data-id=\"tel:+551130164080\" target=\"_blank\" rel=\"noreferrer noopener\">(11) 3016-4080<\/a><\/p>\n\n\n\n<p class=\"botao\"><a href=\"https:\/\/vector.institutodavisao.org.br\/agenda\/login\" data-type=\"link\" data-id=\"https:\/\/vector.institutodavisao.org.br\/agenda\/login\" target=\"_blank\" rel=\"noreferrer noopener\">Agendamento Online<\/a><\/p>\n\n\n\n<div style=\"height:20px\" aria-hidden=\"true\" class=\"wp-block-spacer\"><\/div>\n","protected":false},"excerpt":{"rendered":"<p>Conv\u00eanios Atendidos Abaixo a rela\u00e7\u00e3o das operadoras de sa\u00fade atendidas no Instituto Paulista de Estudos e Pesquisas em Oftalmologia \u2013 IPEPO. Para maiores informa\u00e7\u00f5es\u00a0ligue em nossa Central de Atendimento, no telefone ou WhatsApp\u00a0(11) 3016-4080. Caso voc\u00ea n\u00e3o encontre seu conv\u00eanio, entre em contato com nossa central de atendimento pelo telefone:Telefone\/Whatsapp: (11) 3016-4080 Agendamento Online<\/p>\n","protected":false},"author":3,"featured_media":0,"parent":3142,"menu_order":3,"comment_status":"closed","ping_status":"closed","template":"","meta":{"_acf_changed":false,"_joinchat":[],"footnotes":""},"class_list":["post-4385","page","type-page","status-publish","hentry"],"acf":[],"_links":{"self":[{"href":"https:\/\/www.institutodavisao.org.br\/area-do-paciente\/wp-json\/wp\/v2\/pages\/4385","targetHints":{"allow":["GET"]}}],"collection":[{"href":"https:\/\/www.institutodavisao.org.br\/area-do-paciente\/wp-json\/wp\/v2\/pages"}],"about":[{"href":"https:\/\/www.institutodavisao.org.br\/area-do-paciente\/wp-json\/wp\/v2\/types\/page"}],"author":[{"embeddable":true,"href":"https:\/\/www.institutodavisao.org.br\/area-do-paciente\/wp-json\/wp\/v2\/users\/3"}],"replies":[{"embeddable":true,"href":"https:\/\/www.institutodavisao.org.br\/area-do-paciente\/wp-json\/wp\/v2\/comments?post=4385"}],"version-history":[{"count":5,"href":"https:\/\/www.institutodavisao.org.br\/area-do-paciente\/wp-json\/wp\/v2\/pages\/4385\/revisions"}],"predecessor-version":[{"id":9494,"href":"https:\/\/www.institutodavisao.org.br\/area-do-paciente\/wp-json\/wp\/v2\/pages\/4385\/revisions\/9494"}],"up":[{"embeddable":true,"href":"https:\/\/www.institutodavisao.org.br\/area-do-paciente\/wp-json\/wp\/v2\/pages\/3142"}],"wp:attachment":[{"href":"https:\/\/www.institutodavisao.org.br\/area-do-paciente\/wp-json\/wp\/v2\/media?parent=4385"}],"curies":[{"name":"wp","href":"https:\/\/api.w.org\/{rel}","templated":true}]}}