{"id":5128,"date":"2019-05-24T18:11:34","date_gmt":"2019-05-24T18:11:34","guid":{"rendered":"https:\/\/www.institutodavisao.org.br\/?page_id=5128"},"modified":"2026-01-29T10:53:13","modified_gmt":"2026-01-29T13:53:13","slug":"diretoria-e-conselhos","status":"publish","type":"page","link":"https:\/\/www.institutodavisao.org.br\/area-do-paciente\/diretoria-e-conselhos\/","title":{"rendered":"Diretoria e Conselhos"},"content":{"rendered":"\n<h2 class=\"wp-block-heading\">Quem faz o Instituto?<\/h2>\n\n\n\n<p><strong>DIRETORIA E CONSELHOS | MANDATO 2025 A 2029<\/strong><\/p>\n\n\n\n<p>O Instituto Paulista de Estudos e Pesquisas em Oftalmologia \u2013 IPEPO \u00e9 composto por Diretoria,&nbsp;Conselho de Administra\u00e7\u00e3o e Conselho Fiscal, conforme rege o Estatuto Social da Entidade.<\/p>\n\n\n\n<hr class=\"wp-block-separator has-css-opacity\"\/>\n","protected":false},"excerpt":{"rendered":"<p>Quem faz o Instituto? DIRETORIA E CONSELHOS | MANDATO 2025 A 2029 O Instituto Paulista de Estudos e Pesquisas em Oftalmologia \u2013 IPEPO \u00e9 composto por Diretoria,&nbsp;Conselho de Administra\u00e7\u00e3o e Conselho Fiscal, conforme rege o Estatuto Social da Entidade.<\/p>\n","protected":false},"author":3,"featured_media":0,"parent":0,"menu_order":0,"comment_status":"closed","ping_status":"closed","template":"","meta":{"_acf_changed":false,"_joinchat":[],"footnotes":""},"class_list":["post-5128","page","type-page","status-publish","hentry"],"acf":[],"_links":{"self":[{"href":"https:\/\/www.institutodavisao.org.br\/area-do-paciente\/wp-json\/wp\/v2\/pages\/5128","targetHints":{"allow":["GET"]}}],"collection":[{"href":"https:\/\/www.institutodavisao.org.br\/area-do-paciente\/wp-json\/wp\/v2\/pages"}],"about":[{"href":"https:\/\/www.institutodavisao.org.br\/area-do-paciente\/wp-json\/wp\/v2\/types\/page"}],"author":[{"embeddable":true,"href":"https:\/\/www.institutodavisao.org.br\/area-do-paciente\/wp-json\/wp\/v2\/users\/3"}],"replies":[{"embeddable":true,"href":"https:\/\/www.institutodavisao.org.br\/area-do-paciente\/wp-json\/wp\/v2\/comments?post=5128"}],"version-history":[{"count":3,"href":"https:\/\/www.institutodavisao.org.br\/area-do-paciente\/wp-json\/wp\/v2\/pages\/5128\/revisions"}],"predecessor-version":[{"id":9749,"href":"https:\/\/www.institutodavisao.org.br\/area-do-paciente\/wp-json\/wp\/v2\/pages\/5128\/revisions\/9749"}],"wp:attachment":[{"href":"https:\/\/www.institutodavisao.org.br\/area-do-paciente\/wp-json\/wp\/v2\/media?parent=5128"}],"curies":[{"name":"wp","href":"https:\/\/api.w.org\/{rel}","templated":true}]}}