{"id":5706,"date":"2020-06-09T12:43:06","date_gmt":"2020-06-09T15:43:06","guid":{"rendered":"https:\/\/www.institutodavisao.org.br\/site\/area-do-paciente\/?page_id=5706"},"modified":"2025-12-18T11:03:51","modified_gmt":"2025-12-18T14:03:51","slug":"transparencia","status":"publish","type":"page","link":"https:\/\/www.institutodavisao.org.br\/area-do-paciente\/transparencia\/","title":{"rendered":"Transpar\u00eancia"},"content":{"rendered":"\n<h2 class=\"wp-block-heading\">Dirigentes<\/h2>\n\n\n\n<p><strong>2020:<\/strong><\/p>\n\n\n\n<p class=\"botao\"><a rel=\"noreferrer noopener\" href=\"https:\/\/www.institutodavisao.org.br\/area-do-paciente\/wp-content\/uploads\/Ano-2020-Dirigentes-Instituto-Paulista-de-Estudos-e-Pesquisas-em-Oftalmologia-IPEPO-.pdf\" data-type=\"URL\" data-id=\"https:\/\/www.institutodavisao.org.br\/area-do-paciente\/wp-content\/uploads\/Ano-2020-Dirigentes-Instituto-Paulista-de-Estudos-e-Pesquisas-em-Oftalmologia-IPEPO-.pdf\" target=\"_blank\">VEJA AQUI<\/a><\/p>\n\n\n\n<p><strong>2021:<\/strong><\/p>\n\n\n\n<p class=\"botao\"><a href=\"https:\/\/www.institutodavisao.org.br\/area-do-paciente\/wp-content\/uploads\/Ano-2021-Dirigentes-Instituto-Paulista-de-Estudos-e-Pesquisas-em-Oftalmologia-IPEPO.pdf\" data-type=\"URL\" data-id=\"https:\/\/www.institutodavisao.org.br\/area-do-paciente\/wp-content\/uploads\/Ano-2021-Dirigentes-Instituto-Paulista-de-Estudos-e-Pesquisas-em-Oftalmologia-IPEPO.pdf\" target=\"_blank\" rel=\"noreferrer noopener\">VEJA AQUI<\/a><\/p>\n\n\n\n<p><strong>2022:<\/strong><\/p>\n\n\n\n<p class=\"botao\"><a href=\"https:\/\/www.institutodavisao.org.br\/area-do-paciente\/wp-content\/uploads\/Ano-2022-Dirigentes-Instituto-Paulista-de-Estudos-e-Pesquisas-em-Oftalmologia-IPEPO.pdf\" data-type=\"URL\" data-id=\"https:\/\/www.institutodavisao.org.br\/area-do-paciente\/wp-content\/uploads\/Ano-2022-Dirigentes-Instituto-Paulista-de-Estudos-e-Pesquisas-em-Oftalmologia-IPEPO.pdf\" target=\"_blank\" rel=\"noreferrer noopener\">VEJA AQUI<\/a><\/p>\n\n\n\n<p><strong>2023:<\/strong><\/p>\n\n\n\n<p class=\"botao\"><a rel=\"noreferrer noopener\" href=\"https:\/\/www.institutodavisao.org.br\/area-do-paciente\/wp-content\/uploads\/Ano-2023-Dirigentes-Instituto-Paulista-de-Estudos-e-Pesquisas-em-Oftalmologia-IPEPO.pdf\" data-type=\"URL\" data-id=\"https:\/\/www.institutodavisao.org.br\/area-do-paciente\/wp-content\/uploads\/Ano-2023-Dirigentes-Instituto-Paulista-de-Estudos-e-Pesquisas-em-Oftalmologia-IPEPO.pdf\" target=\"_blank\">VEJA AQUI<\/a><\/p>\n\n\n\n<p><strong>2024:<\/strong><\/p>\n\n\n\n<p class=\"botao\"><a href=\"https:\/\/www.institutodavisao.org.br\/area-do-paciente\/wp-content\/uploads\/2024-Certidao-Contendo-os-Nomes-dos-Dirigentes-e-Conselheiros-da-Entidade-bem-como-periodo-de-atuacao-e-CPF-de-cada-membro.pdf\" data-type=\"link\" data-id=\"https:\/\/www.institutodavisao.org.br\/area-do-paciente\/wp-content\/uploads\/2024-Certidao-Contendo-os-Nomes-dos-Dirigentes-e-Conselheiros-da-Entidade-bem-como-periodo-de-atuacao-e-CPF-de-cada-membro.pdf\" target=\"_blank\" rel=\"noreferrer noopener\">VEJA AQUI<\/a><\/p>\n\n\n\n<p><strong>2025:<\/strong><\/p>\n\n\n\n<p class=\"botao\"><a href=\"https:\/\/www.institutodavisao.org.br\/area-do-paciente\/wp-content\/uploads\/2025-Certidao-Contendo-os-Nomes-dos-Dirigentes-e-Conselheiros-da-Entidade-bem-como-periodo-de-atuacao-e-CPF-de-cada-membro.pdf\" data-type=\"link\" data-id=\"https:\/\/www.institutodavisao.org.br\/area-do-paciente\/wp-content\/uploads\/2025-Certidao-Contendo-os-Nomes-dos-Dirigentes-e-Conselheiros-da-Entidade-bem-como-periodo-de-atuacao-e-CPF-de-cada-membro.pdf\" target=\"_blank\" rel=\"noreferrer noopener\">VEJA AQUI<\/a><\/p>\n\n\n\n<p><strong>2026:<\/strong><\/p>\n\n\n\n<p class=\"botao\"><a href=\"https:\/\/www.institutodavisao.org.br\/area-do-medico\/wp-content\/uploads\/2025-2026-Certidao-Contendo-os-Nomes-dos-Dirigentes-e-Conselheiros-da-Entidade-bem-como-periodo-de-atuacao-e-CPF-de-cada-membro.pdf\" data-type=\"link\" data-id=\"https:\/\/www.institutodavisao.org.br\/area-do-medico\/wp-content\/uploads\/2025-2026-Certidao-Contendo-os-Nomes-dos-Dirigentes-e-Conselheiros-da-Entidade-bem-como-periodo-de-atuacao-e-CPF-de-cada-membro.pdf\" target=\"_blank\" rel=\"noreferrer noopener\">VEJA AQUI<\/a><\/p>\n\n\n\n<hr class=\"wp-block-separator has-css-opacity\"\/>\n\n\n\n<h2 class=\"wp-block-heading\">Documenta\u00e7\u00e3o e certifica\u00e7\u00f5es<\/h2>\n\n\n\n<p class=\"botao\"><a href=\"https:\/\/www.institutodavisao.org.br\/area-do-paciente\/documentacao-e-certificacoes\/\" data-type=\"URL\" data-id=\"https:\/\/www.institutodavisao.org.br\/area-do-paciente\/documentacao-e-certificacoes\/\" target=\"_blank\" rel=\"noreferrer noopener\">VEJA AQUI<\/a><\/p>\n\n\n\n<hr class=\"wp-block-separator has-css-opacity\"\/>\n\n\n\n<h2 class=\"wp-block-heading\">Balan\u00e7o patrimonial<\/h2>\n\n\n\n<p><strong>2024:<\/strong><\/p>\n\n\n\n<p class=\"botao\"><a href=\"https:\/\/www.institutodavisao.org.br\/area-do-paciente\/wp-content\/uploads\/IPEPO_Balancos-patrimoniais_31_12_2024_e_2023_26_04_2025-1.pdf\" data-type=\"link\" data-id=\"https:\/\/www.institutodavisao.org.br\/area-do-paciente\/wp-content\/uploads\/IPEPO_Balancos-patrimoniais_31_12_2024_e_2023_26_04_2025-1.pdf\" target=\"_blank\" rel=\"noreferrer noopener\">FA\u00c7A O DOWNLOAD<\/a><\/p>\n\n\n\n<p><strong>2023:<\/strong><\/p>\n\n\n\n<p class=\"botao\"><a href=\"https:\/\/www.institutodavisao.org.br\/area-do-medico\/wp-content\/uploads\/Balanco-publicado.pdf\" data-type=\"URL\" data-id=\"https:\/\/www.institutodavisao.org.br\/area-do-medico\/wp-content\/uploads\/Balanco-publicado.pdf\" target=\"_blank\" rel=\"noreferrer noopener\">FA\u00c7A O DOWNLOAD<\/a><\/p>\n\n\n\n<p><strong> 2022<\/strong>:<\/p>\n\n\n\n<p class=\"botao\"><a rel=\"noreferrer noopener\" href=\"https:\/\/www.institutodavisao.org.br\/area-do-medico\/wp-content\/uploads\/2023\/04\/instituto-paulista-de-estudos-e-pesquisas-em-oftalmologia_18_04_2023_digital.pdf\" data-type=\"URL\" data-id=\"https:\/\/www.institutodavisao.org.br\/area-do-medico\/wp-content\/uploads\/2023\/04\/instituto-paulista-de-estudos-e-pesquisas-em-oftalmologia_18_04_2023_digital.pdf\" target=\"_blank\">FA\u00c7A O DOWNLOAD<\/a><\/p>\n\n\n\n<hr class=\"wp-block-separator has-css-opacity\"\/>\n\n\n\n<h2 class=\"wp-block-heading\">Relat\u00f3rio de atividades <\/h2>\n\n\n\n<p><strong>2024:<\/strong><\/p>\n\n\n\n<p class=\"botao\"><a href=\"https:\/\/www.institutodavisao.org.br\/area-do-paciente\/wp-content\/uploads\/Relatorio-de-atividades-2024.pdf\" data-type=\"link\" data-id=\"https:\/\/www.institutodavisao.org.br\/area-do-paciente\/wp-content\/uploads\/Relatorio-de-atividades-2024.pdf\" target=\"_blank\" rel=\"noreferrer noopener\">FA\u00c7A O DOWNLOAD<\/a><\/p>\n\n\n\n<p><strong>2023:<\/strong><a rel=\"noreferrer noopener\" href=\"https:\/\/www.institutodavisao.org.br\/area-do-paciente\/relatorio-de-atividades-completo-2023\/\" data-type=\"URL\" data-id=\"https:\/\/www.institutodavisao.org.br\/area-do-paciente\/relatorio-de-atividades-completo-2023\/\" target=\"_blank\"><\/a><\/p>\n\n\n\n<p class=\"botao\"><a href=\"https:\/\/www.institutodavisao.org.br\/area-do-medico\/wp-content\/uploads\/0-IPEPO_Relatorio_2023_versao-final.pdf\" data-type=\"URL\" data-id=\"https:\/\/www.institutodavisao.org.br\/area-do-paciente\/relatorio-de-atividades-completo-2023\/\" target=\"_blank\" rel=\"noreferrer noopener\">FA\u00c7A O DOWNLOAD<\/a><\/p>\n\n\n\n<p><strong>2022<\/strong>:<\/p>\n\n\n\n<p class=\"botao\"><a rel=\"noreferrer noopener\" href=\"https:\/\/www.institutodavisao.org.br\/area-do-medico\/wp-content\/uploads\/2023\/04\/relat_rio_atividades_2022_-_email.pdf\" data-type=\"URL\" data-id=\"https:\/\/www.institutodavisao.org.br\/area-do-medico\/wp-content\/uploads\/2023\/04\/relat_rio_atividades_2022_-_email.pdf\" target=\"_blank\">FA\u00c7A O DOWNLOAD<\/a><\/p>\n\n\n\n<hr class=\"wp-block-separator has-css-opacity\"\/>\n\n\n\n<h2 class=\"wp-block-heading\">Pol\u00edtica de compra e contrata\u00e7\u00e3o<\/h2>\n\n\n\n<p><strong>Manual de compras:<\/strong><\/p>\n\n\n\n<p class=\"botao\"><a rel=\"noreferrer noopener\" href=\"https:\/\/www.institutodavisao.org.br\/area-do-paciente\/wp-content\/uploads\/Manual-de-compras.pdf\" data-type=\"URL\" data-id=\"https:\/\/www.institutodavisao.org.br\/area-do-paciente\/wp-content\/uploads\/Manual-de-compras.pdf\" target=\"_blank\">VEJA AQUI<\/a><\/p>\n\n\n\n<p><strong><strong>Regulamento de contrata\u00e7\u00e3o<\/strong>:<\/strong><\/p>\n\n\n\n<p class=\"botao\"><a rel=\"noreferrer noopener\" href=\"https:\/\/www.institutodavisao.org.br\/area-do-paciente\/wp-content\/uploads\/Regulamento-de-contratacao.pdf\" data-type=\"URL\" data-id=\"https:\/\/www.institutodavisao.org.br\/area-do-paciente\/wp-content\/uploads\/Regulamento-de-contratacao.pdf\" target=\"_blank\">VEJA AQUI<\/a><\/p>\n\n\n\n<hr class=\"wp-block-separator has-css-opacity\"\/>\n\n\n\n<h2 class=\"wp-block-heading\"><strong>Conv\u00eanios &#8211; Secretaria Estadual da Sa\u00fade do Estado de S\u00e3o Paulo<\/strong><\/h2>\n\n\n\n<p><strong>Termo de Conv\u00eanio Telerretinografia n\u00ba 01003\/2020:<\/strong><\/p>\n\n\n\n<p class=\"botao\"><a rel=\"noreferrer noopener\" href=\"https:\/\/www.institutodavisao.org.br\/area-do-paciente\/termo-de-convenio-no-01003-2020\/\" data-type=\"URL\" data-id=\"https:\/\/www.institutodavisao.org.br\/area-do-paciente\/termo-de-convenio-no-01003-2020\/\" target=\"_blank\">VEJA AQUI<\/a><\/p>\n\n\n\n<p><strong>Termo de Conv\u00eanio Telerretinografia n\u00ba 01614\/2022:<\/strong><\/p>\n\n\n\n<p class=\"botao\"><a rel=\"noreferrer noopener\" href=\"https:\/\/www.institutodavisao.org.br\/area-do-paciente\/termo-de-convenio-no-01614-2022\/\" data-type=\"URL\" data-id=\"https:\/\/www.institutodavisao.org.br\/area-do-paciente\/termo-de-convenio-no-01614-2022\/\" target=\"_blank\">VEJA AQUI<\/a><\/p>\n\n\n\n<p><strong>Termo de Conv\u00eanio Ambulat\u00f3rio V\u00e1rzea do Carmo n\u00ba 664\/2018<\/strong>:<\/p>\n\n\n\n<p class=\"botao\"><a rel=\"noreferrer noopener\" href=\"https:\/\/www.institutodavisao.org.br\/area-do-paciente\/termo-de-convenio-ambulatorio-varzea-do-carmo-no-664-2018\/\" data-type=\"URL\" data-id=\"https:\/\/www.institutodavisao.org.br\/area-do-paciente\/termo-de-convenio-ambulatorio-varzea-do-carmo-no-664-2018\/\" target=\"_blank\">VEJA AQUI<\/a><\/p>\n\n\n\n<p><strong>Termo de Conv\u00eanio Ambulat\u00f3rio V\u00e1rzea do Carmo n\u00ba 519\/2023<\/strong>:<\/p>\n\n\n\n<p class=\"botao\"><a href=\"https:\/\/www.institutodavisao.org.br\/area-do-paciente\/termo-de-convenio-ambulatorio-varzea-do-carmo-no-519-2023\/\" data-type=\"link\" data-id=\"https:\/\/www.institutodavisao.org.br\/area-do-paciente\/termo-de-convenio-ambulatorio-varzea-do-carmo-no-519-2023\/\" target=\"_blank\" rel=\"noreferrer noopener\">VEJA AQUI<\/a><\/p>\n\n\n\n<hr class=\"wp-block-separator has-css-opacity\"\/>\n\n\n\n<h2 class=\"wp-block-heading\"><strong>Emendas Parlamentares Federal:<\/strong><\/h2>\n\n\n\n<p><strong>Emenda Parlamentar n\u00ba 42650004<\/strong><\/p>\n\n\n\n<p class=\"botao\"><a href=\"https:\/\/www.institutodavisao.org.br\/area-do-paciente\/termo-de-convenio-no-16-sms-g-sermap\/\" data-type=\"link\" data-id=\"https:\/\/www.institutodavisao.org.br\/area-do-paciente\/termo-de-convenio-no-16-sms-g-sermap\/\" target=\"_blank\" rel=\"noreferrer noopener\">VEJA MAIS<\/a><\/p>\n\n\n\n<p><strong><strong>Emenda Parlamentar <\/strong>n\u00ba <strong><strong>38960003<\/strong><\/strong><\/strong><\/p>\n\n\n\n<p class=\"botao\"><a href=\"https:\/\/www.institutodavisao.org.br\/area-do-paciente\/termo-de-convenio-no-45-sms-g-2022\/\" data-type=\"link\" data-id=\"https:\/\/www.institutodavisao.org.br\/area-do-paciente\/termo-de-convenio-no-45-sms-g-2022\/\" target=\"_blank\" rel=\"noreferrer noopener\">VEJA MAIS<\/a><\/p>\n\n\n\n<p class=\"botao\"><a href=\"https:\/\/www.institutodavisao.org.br\/area-do-paciente\/termo-de-convenio-no-48-sms-g-2022\/\" data-type=\"link\" data-id=\"https:\/\/www.institutodavisao.org.br\/area-do-paciente\/termo-de-convenio-no-48-sms-g-2022\/\" target=\"_blank\" rel=\"noreferrer noopener\">VEJA MAIS<\/a><\/p>\n\n\n\n<p><strong><strong>Emenda Parlamentar <\/strong>n\u00ba <strong><strong>90320007<\/strong><\/strong><\/strong><\/p>\n\n\n\n<p class=\"botao\"><a href=\"https:\/\/www.institutodavisao.org.br\/area-do-paciente\/termo-aditivo-ao-convenio-n-17-sms-g-2025\/\" data-type=\"link\" data-id=\"https:\/\/www.institutodavisao.org.br\/area-do-paciente\/termo-aditivo-ao-convenio-n-17-sms-g-2025\/\" target=\"_blank\" rel=\"noreferrer noopener\">VEJA MAIS<\/a><\/p>\n\n\n\n<hr class=\"wp-block-separator has-alpha-channel-opacity\"\/>\n\n\n\n<h2 class=\"wp-block-heading\"><strong>Emendas Parlamentares Estadual:<\/strong><\/h2>\n\n\n\n<p><strong>Emenda Parlamentar n\u00ba <strong>2025.284.63589<\/strong><\/strong><\/p>\n\n\n\n<p class=\"botao\"><a href=\"https:\/\/www.institutodavisao.org.br\/area-do-paciente\/termo-de-convenio-no-001543-2025\/\" data-type=\"link\" data-id=\"https:\/\/www.institutodavisao.org.br\/area-do-paciente\/termo-de-convenio-no-001543-2025\/\" target=\"_blank\" rel=\"noreferrer noopener\">VEJA MAIS<\/a><\/p>\n\n\n\n<hr class=\"wp-block-separator has-alpha-channel-opacity\"\/>\n\n\n\n<h2 class=\"wp-block-heading\"><strong>Portaria GM\/MS N\u00ba 443, de 03 de abril de 2023<\/strong>:<\/h2>\n\n\n\n<p><strong>TERMO ADITIVO N\u00b0 001\/2024 AO CONV\u00caNIO N\u00b0 17\/SMS.G\/2023<\/strong><\/p>\n\n\n\n<p class=\"botao\"><a href=\"https:\/\/www.institutodavisao.org.br\/area-do-paciente\/convenio-no-17-sms-g-2023\/\" data-type=\"URL\" data-id=\"https:\/\/www.institutodavisao.org.br\/area-do-paciente\/convenio-no-17-sms-g-2023\/\" target=\"_blank\" rel=\"noreferrer noopener\">VEJA MAIS<\/a><\/p>\n\n\n\n<p><strong>TERMO ADITIVO N\u00b0 001\/2024 AO CONV\u00caNIO N\u00ba 020\/SMS.G\/2023<\/strong><\/p>\n\n\n\n<p class=\"botao\"><a rel=\"noreferrer noopener\" href=\"https:\/\/www.institutodavisao.org.br\/area-do-paciente\/convenio-no-020-sms-g-2023\/\" data-type=\"URL\" data-id=\"https:\/\/www.institutodavisao.org.br\/area-do-paciente\/convenio-no-020-sms-g-2023\/\" target=\"_blank\">VEJA MAIS<\/a><\/p>\n\n\n\n<hr class=\"wp-block-separator has-alpha-channel-opacity\"\/>\n\n\n\n<h2 class=\"wp-block-heading\"><strong>PORTARIA GM\/MS N\u00ba 6.402 DE 29 DE DEZEMBRO DE 2024<\/strong><\/h2>\n\n\n\n<p><strong>TERMO ADITIVO N\u00ba 018\/2025 AO CONV\u00caNIO N\u00ba 05\/SMS.G\/2020<\/strong><\/p>\n\n\n\n<p class=\"botao\"><a href=\"https:\/\/www.institutodavisao.org.br\/area-do-paciente\/convenio-no-05-sms-g-2020\/\" data-type=\"link\" data-id=\"https:\/\/www.institutodavisao.org.br\/area-do-paciente\/convenio-no-05-sms-g-2020\/\" target=\"_blank\" rel=\"noreferrer noopener\">VEJA MAIS<\/a><\/p>\n\n\n\n<hr class=\"wp-block-separator has-alpha-channel-opacity\"\/>\n\n\n\n<h2 class=\"wp-block-heading\"><strong>Portaria GM\/MS N\u00ba 6464 DE 9 DE JUNHO DE 2025<\/strong><\/h2>\n\n\n\n<p><strong>TERMO ADITIVO N\u00ba 001 2025 AO TERMO DE CONTRATO N\u00ba 7 2025 CACAC SERMAP SMS. G<\/strong><\/p>\n\n\n\n<p class=\"botao\"><a href=\"https:\/\/www.institutodavisao.org.br\/area-do-paciente\/convenio-no-07-sms-g-2025\" data-type=\"link\" data-id=\"https:\/\/www.institutodavisao.org.br\/area-do-paciente\/convenio-no-07-sms-g-2025\" target=\"_blank\" rel=\"noreferrer noopener\">VEJA MAIS<\/a><\/p>\n\n\n\n<p><\/p>\n","protected":false},"excerpt":{"rendered":"<p>Dirigentes 2020: VEJA AQUI 2021: VEJA AQUI 2022: VEJA AQUI 2023: VEJA AQUI 2024: VEJA AQUI 2025: VEJA AQUI 2026: VEJA AQUI Documenta\u00e7\u00e3o e certifica\u00e7\u00f5es VEJA AQUI Balan\u00e7o patrimonial 2024: FA\u00c7A O DOWNLOAD 2023: FA\u00c7A O DOWNLOAD 2022: FA\u00c7A O DOWNLOAD Relat\u00f3rio de atividades 2024: FA\u00c7A O DOWNLOAD 2023: FA\u00c7A O DOWNLOAD 2022: FA\u00c7A O [&hellip;]<\/p>\n","protected":false},"author":3,"featured_media":0,"parent":0,"menu_order":0,"comment_status":"closed","ping_status":"closed","template":"","meta":{"_acf_changed":false,"_joinchat":[],"footnotes":""},"class_list":["post-5706","page","type-page","status-publish","hentry"],"acf":[],"_links":{"self":[{"href":"https:\/\/www.institutodavisao.org.br\/area-do-paciente\/wp-json\/wp\/v2\/pages\/5706","targetHints":{"allow":["GET"]}}],"collection":[{"href":"https:\/\/www.institutodavisao.org.br\/area-do-paciente\/wp-json\/wp\/v2\/pages"}],"about":[{"href":"https:\/\/www.institutodavisao.org.br\/area-do-paciente\/wp-json\/wp\/v2\/types\/page"}],"author":[{"embeddable":true,"href":"https:\/\/www.institutodavisao.org.br\/area-do-paciente\/wp-json\/wp\/v2\/users\/3"}],"replies":[{"embeddable":true,"href":"https:\/\/www.institutodavisao.org.br\/area-do-paciente\/wp-json\/wp\/v2\/comments?post=5706"}],"version-history":[{"count":93,"href":"https:\/\/www.institutodavisao.org.br\/area-do-paciente\/wp-json\/wp\/v2\/pages\/5706\/revisions"}],"predecessor-version":[{"id":9739,"href":"https:\/\/www.institutodavisao.org.br\/area-do-paciente\/wp-json\/wp\/v2\/pages\/5706\/revisions\/9739"}],"wp:attachment":[{"href":"https:\/\/www.institutodavisao.org.br\/area-do-paciente\/wp-json\/wp\/v2\/media?parent=5706"}],"curies":[{"name":"wp","href":"https:\/\/api.w.org\/{rel}","templated":true}]}}