{"id":9049,"date":"2024-04-24T15:17:48","date_gmt":"2024-04-24T18:17:48","guid":{"rendered":"https:\/\/www.institutodavisao.org.br\/area-do-paciente\/?page_id=9049"},"modified":"2025-06-05T10:41:29","modified_gmt":"2025-06-05T13:41:29","slug":"convenio-no-020-sms-g-2023","status":"publish","type":"page","link":"https:\/\/www.institutodavisao.org.br\/area-do-paciente\/convenio-no-020-sms-g-2023\/","title":{"rendered":"TERMO ADITIVO N\u00b0 001\/2024 AO CONV\u00caNIO N\u00ba 020\/SMS.G\/2023"},"content":{"rendered":"\n<h2 class=\"wp-block-heading\" id=\"block-503fb834-c610-4820-b9fc-9f6088583d50\">Termo de conv\u00eanio , aditivos e plano de trabalho<\/h2>\n\n\n\n<p id=\"block-fd6d51e9-aa6f-40d5-89f0-a41fd2d3ad87\"><strong>Convenio:<\/strong><\/p>\n\n\n\n<p class=\"botao\" id=\"block-c88a3a88-b3ff-4379-a134-b3cb1709307f\"><a href=\"https:\/\/www.institutodavisao.org.br\/area-do-paciente\/wp-content\/uploads\/TERMO-DE-CONVENIO-No-020-SMS.G-2023-Assinado-e-publicado.pdf\" data-type=\"link\" data-id=\"https:\/\/www.institutodavisao.org.br\/area-do-paciente\/wp-content\/uploads\/TERMO-DE-CONVENIO-No-020-SMS.G-2023-Assinado-e-publicado.pdf\" target=\"_blank\" rel=\"noreferrer noopener\">VEJA MAIS<\/a><\/p>\n\n\n\n<p id=\"block-fd6d51e9-aa6f-40d5-89f0-a41fd2d3ad87\"><strong>A<strong>ditivos<\/strong>:<\/strong><\/p>\n\n\n\n<p class=\"botao\" id=\"block-c88a3a88-b3ff-4379-a134-b3cb1709307f\"><a href=\"https:\/\/www.institutodavisao.org.br\/area-do-paciente\/wp-content\/uploads\/TERMO-ADITIVO-No-001-2024-AO-CONVENIO-No-020-SMS.G-2023.pdf\" data-type=\"link\" data-id=\"https:\/\/www.institutodavisao.org.br\/area-do-paciente\/wp-content\/uploads\/TERMO-ADITIVO-No-001-2024-AO-CONVENIO-No-020-SMS.G-2023.pdf\" target=\"_blank\" rel=\"noreferrer noopener\">VEJA MAIS<\/a><\/p>\n\n\n\n<h2 class=\"wp-block-heading\" id=\"block-ca4f8815-bb90-4f43-8172-f3496afb401e\">Demonstrativo de Fornecedores e Prestadores de Servi\u00e7o<\/h2>\n\n\n\n<p><strong>Novembro 2023:<\/strong><\/p>\n\n\n\n<p class=\"botao\"><a href=\"https:\/\/www.institutodavisao.org.br\/area-do-medico\/wp-content\/uploads\/2-11-NOV_2023_VALORES-PAGO-DE-PRESTADORES_PORTARIA-20.pdf\" data-type=\"URL\" data-id=\"https:\/\/www.institutodavisao.org.br\/area-do-medico\/wp-content\/uploads\/2-11-NOV_2023_VALORES-PAGO-DE-PRESTADORES_PORTARIA-20.pdf\" target=\"_blank\" rel=\"noreferrer noopener\">FA\u00c7A O DOWNLOAD<\/a><\/p>\n\n\n\n<p><strong>Dezembro 2023:<\/strong><\/p>\n\n\n\n<p class=\"botao\"><a href=\"https:\/\/www.institutodavisao.org.br\/area-do-medico\/wp-content\/uploads\/0-12-DEZ_2023_VALORES-PAGO-DE-PRESTADORES_PORTARIA-20.pdf\" data-type=\"URL\" data-id=\"https:\/\/www.institutodavisao.org.br\/area-do-medico\/wp-content\/uploads\/0-12-DEZ_2023_VALORES-PAGO-DE-PRESTADORES_PORTARIA-20.pdf\" target=\"_blank\" rel=\"noreferrer noopener\">FA\u00c7A O DOWNLOAD<\/a><\/p>\n\n\n\n<p><strong>Janeiro 2024:<\/strong><\/p>\n\n\n\n<p class=\"botao\"><a href=\"https:\/\/www.institutodavisao.org.br\/area-do-medico\/wp-content\/uploads\/8-01-JAN_2024_VALORES-PAGO-DE-PRESTADORES_PORTARIA-20.pdf\" data-type=\"URL\" data-id=\"https:\/\/www.institutodavisao.org.br\/area-do-medico\/wp-content\/uploads\/8-01-JAN_2024_VALORES-PAGO-DE-PRESTADORES_PORTARIA-20.pdf\" target=\"_blank\" rel=\"noreferrer noopener\">FA\u00c7A O DOWNLOAD<\/a><\/p>\n\n\n\n<p><strong>Fevereiro 2024:<\/strong><\/p>\n\n\n\n<p class=\"botao\"><a href=\"https:\/\/www.institutodavisao.org.br\/area-do-medico\/wp-content\/uploads\/6-02-FEV_2024_VALORES-PAGO-DE-PRESTADORES_PORTARIA-20.pdf\" data-type=\"URL\" data-id=\"https:\/\/www.institutodavisao.org.br\/area-do-medico\/wp-content\/uploads\/6-02-FEV_2024_VALORES-PAGO-DE-PRESTADORES_PORTARIA-20.pdf\" target=\"_blank\" rel=\"noreferrer noopener\">FA\u00c7A O DOWNLOAD<\/a><\/p>\n\n\n\n<p><strong>Mar\u00e7o 2024:<\/strong><\/p>\n\n\n\n<p class=\"botao\"><a rel=\"noreferrer noopener\" href=\"https:\/\/www.institutodavisao.org.br\/area-do-medico\/wp-content\/uploads\/4-03-MAR_2024_VALORES-PAGO-DE-PRESTADORES_PORTARIA-20.pdf\" data-type=\"URL\" data-id=\"https:\/\/www.institutodavisao.org.br\/area-do-medico\/wp-content\/uploads\/4-03-MAR_2024_VALORES-PAGO-DE-PRESTADORES_PORTARIA-20.pdf\" target=\"_blank\">FA\u00c7A O DOWNLOAD<\/a><\/p>\n\n\n\n<p><strong>Abril 2024:<\/strong><\/p>\n\n\n\n<p class=\"botao\"><a href=\"https:\/\/www.institutodavisao.org.br\/area-do-medico\/wp-content\/uploads\/1-04-ABR_2024_VALORES-PAGO-DE-PRESTADORES_PORTARIA-201.pdf\" data-type=\"URL\" data-id=\"https:\/\/www.institutodavisao.org.br\/area-do-medico\/wp-content\/uploads\/1-04-ABR_2024_VALORES-PAGO-DE-PRESTADORES_PORTARIA-201.pdf\" target=\"_blank\" rel=\"noreferrer noopener\">FA\u00c7A O DOWNLOAD<\/a><\/p>\n\n\n\n<p><strong>Maio 2024:<\/strong><\/p>\n\n\n\n<p class=\"botao\"><a href=\"https:\/\/www.institutodavisao.org.br\/area-do-medico\/wp-content\/uploads\/05-MAI_2024_VALORES-PAGO-DE-PRESTADORES_PORTARIA-20.pdf\" data-type=\"URL\" data-id=\"https:\/\/www.institutodavisao.org.br\/area-do-medico\/wp-content\/uploads\/05-MAI_2024_VALORES-PAGO-DE-PRESTADORES_PORTARIA-20.pdf\" target=\"_blank\" rel=\"noreferrer noopener\">FA\u00c7A O DOWNLOAD<\/a><\/p>\n\n\n\n<p><strong>Junho 2024:<\/strong><\/p>\n\n\n\n<p class=\"botao\"><a href=\"https:\/\/www.institutodavisao.org.br\/area-do-paciente\/wp-content\/uploads\/06-JUN_2024_VALORES-PAGO-DE-PRESTADORES_PORTARIA-20.pdf\" data-type=\"URL\" data-id=\"https:\/\/www.institutodavisao.org.br\/area-do-paciente\/wp-content\/uploads\/06-JUN_2024_VALORES-PAGO-DE-PRESTADORES_PORTARIA-20.pdf\" target=\"_blank\" rel=\"noreferrer noopener\">FA\u00c7A O DOWNLOAD<\/a><\/p>\n\n\n\n<p><strong>Julho 2024:<\/strong><\/p>\n\n\n\n<p class=\"botao\"><a href=\"https:\/\/www.institutodavisao.org.br\/area-do-paciente\/wp-content\/uploads\/07-JUL_2024_VALORES-PAGO-DE-PRESTADORES_PORTARIA-17.pdf\" data-type=\"URL\" data-id=\"https:\/\/www.institutodavisao.org.br\/area-do-paciente\/wp-content\/uploads\/06-JUN_2024_VALORES-PAGO-DE-PRESTADORES_PORTARIA-20.pdf\" target=\"_blank\" rel=\"noreferrer noopener\">FA\u00c7A O DOWNLOAD<\/a><\/p>\n\n\n\n<p><strong>Agosto 2024:<\/strong><\/p>\n\n\n\n<p class=\"botao\"><a href=\"https:\/\/www.institutodavisao.org.br\/area-do-medico\/wp-content\/uploads\/08-AGO_2024_VALORES-PAGO-DE-PRESTADORES_PORTARIA-20.pdf\" data-type=\"URL\" data-id=\"https:\/\/www.institutodavisao.org.br\/area-do-paciente\/wp-content\/uploads\/06-JUN_2024_VALORES-PAGO-DE-PRESTADORES_PORTARIA-20.pdf\" target=\"_blank\" rel=\"noreferrer noopener\">FA\u00c7A O DOWNLOAD<\/a><\/p>\n\n\n\n<p><strong>Exerc\u00edcio:<\/strong><\/p>\n\n\n\n<p class=\"botao\"><a rel=\"noreferrer noopener\" href=\"https:\/\/www.institutodavisao.org.br\/area-do-medico\/wp-content\/uploads\/10-00-EXERCICIO_2023_VALORES-PAGO-DE-PRESTADORES_PORTARIA-20.pdf\" data-type=\"URL\" data-id=\"https:\/\/www.institutodavisao.org.br\/area-do-medico\/wp-content\/uploads\/10-00-EXERCICIO_2023_VALORES-PAGO-DE-PRESTADORES_PORTARIA-20.pdf\" target=\"_blank\">FA\u00c7A O DOWNLOAD<\/a><\/p>\n\n\n\n<p><strong>Acumulado 2024:<\/strong><\/p>\n\n\n\n<p class=\"botao\"><a href=\"https:\/\/www.institutodavisao.org.br\/area-do-paciente\/wp-content\/uploads\/00-ACUMULADO_2024_VALORES-PAGO-DE-PRESTADORES_PORTARIA-17-JAN-A-JUL.pdf\" data-type=\"URL\" data-id=\"https:\/\/www.institutodavisao.org.br\/area-do-medico\/wp-content\/uploads\/10-00-EXERCICIO_2023_VALORES-PAGO-DE-PRESTADORES_PORTARIA-20.pdf\" target=\"_blank\" rel=\"noreferrer noopener\">FA\u00c7A O DOWNLOAD<\/a><\/p>\n","protected":false},"excerpt":{"rendered":"<p>Termo de conv\u00eanio , aditivos e plano de trabalho Convenio: VEJA MAIS Aditivos: VEJA MAIS Demonstrativo de Fornecedores e Prestadores de Servi\u00e7o Novembro 2023: FA\u00c7A O DOWNLOAD Dezembro 2023: FA\u00c7A O DOWNLOAD Janeiro 2024: FA\u00c7A O DOWNLOAD Fevereiro 2024: FA\u00c7A O DOWNLOAD Mar\u00e7o 2024: FA\u00c7A O DOWNLOAD Abril 2024: FA\u00c7A O DOWNLOAD Maio 2024: FA\u00c7A [&hellip;]<\/p>\n","protected":false},"author":3,"featured_media":0,"parent":0,"menu_order":0,"comment_status":"closed","ping_status":"closed","template":"","meta":{"_acf_changed":false,"_joinchat":[],"footnotes":""},"class_list":["post-9049","page","type-page","status-publish","hentry"],"acf":[],"_links":{"self":[{"href":"https:\/\/www.institutodavisao.org.br\/area-do-paciente\/wp-json\/wp\/v2\/pages\/9049","targetHints":{"allow":["GET"]}}],"collection":[{"href":"https:\/\/www.institutodavisao.org.br\/area-do-paciente\/wp-json\/wp\/v2\/pages"}],"about":[{"href":"https:\/\/www.institutodavisao.org.br\/area-do-paciente\/wp-json\/wp\/v2\/types\/page"}],"author":[{"embeddable":true,"href":"https:\/\/www.institutodavisao.org.br\/area-do-paciente\/wp-json\/wp\/v2\/users\/3"}],"replies":[{"embeddable":true,"href":"https:\/\/www.institutodavisao.org.br\/area-do-paciente\/wp-json\/wp\/v2\/comments?post=9049"}],"version-history":[{"count":8,"href":"https:\/\/www.institutodavisao.org.br\/area-do-paciente\/wp-json\/wp\/v2\/pages\/9049\/revisions"}],"predecessor-version":[{"id":9598,"href":"https:\/\/www.institutodavisao.org.br\/area-do-paciente\/wp-json\/wp\/v2\/pages\/9049\/revisions\/9598"}],"wp:attachment":[{"href":"https:\/\/www.institutodavisao.org.br\/area-do-paciente\/wp-json\/wp\/v2\/media?parent=9049"}],"curies":[{"name":"wp","href":"https:\/\/api.w.org\/{rel}","templated":true}]}}