{"id":9680,"date":"2025-09-19T15:48:50","date_gmt":"2025-09-19T18:48:50","guid":{"rendered":"https:\/\/www.institutodavisao.org.br\/area-do-paciente\/?page_id=9680"},"modified":"2026-04-07T15:15:07","modified_gmt":"2026-04-07T18:15:07","slug":"termo-de-convenio-no-16-sms-g-sermap","status":"publish","type":"page","link":"https:\/\/www.institutodavisao.org.br\/area-do-paciente\/termo-de-convenio-no-16-sms-g-sermap\/","title":{"rendered":"Termo de Conv\u00eanio n\u00ba 16 SMS G SERMAP"},"content":{"rendered":"\n<h2 class=\"wp-block-heading\"><strong>Termo de conv\u00eanio, aditivos e plano de trabalho<\/strong><\/h2>\n\n\n\n<p><strong>C<strong>onv\u00eanio<\/strong>:<\/strong><\/p>\n\n\n\n<p class=\"botao\"><a href=\"https:\/\/www.institutodavisao.org.br\/area-do-paciente\/wp-content\/uploads\/CONVENIO-N-16-2025-SMS-G-SERMAP-.pdf\" data-type=\"link\" data-id=\"https:\/\/www.institutodavisao.org.br\/area-do-paciente\/wp-content\/uploads\/CONVENIO-N-16-2025-SMS-G-SERMAP-.pdf\" target=\"_blank\" rel=\"noreferrer noopener\">VEJA MAIS<\/a><\/p>\n\n\n\n<hr class=\"wp-block-separator has-alpha-channel-opacity\" id=\"block-bceb83cf-6f3d-473d-9dbd-7bc9d1820c69\"\/>\n\n\n\n<h2 class=\"wp-block-heading\" id=\"block-ca4f8815-bb90-4f43-8172-f3496afb401e\">Demonstrativo de Fornecedores e Prestadores de Servi\u00e7o<\/h2>\n\n\n\n<p><strong>Fevereiro 2026:<\/strong><\/p>\n\n\n\n<p class=\"botao\"><a href=\"https:\/\/www.institutodavisao.org.br\/area-do-medico\/wp-content\/uploads\/Emenda-Parlamentar-Federal-Marcos-Pontes-no-42650004-Fevereiro.pdf\" data-type=\"link\" data-id=\"https:\/\/www.institutodavisao.org.br\/area-do-medico\/wp-content\/uploads\/Emenda-Parlamentar-Federal-Marcos-Pontes-no-42650004-Fevereiro.pdf\" target=\"_blank\" rel=\"noreferrer noopener\">VEJA MAIS<\/a><\/p>\n","protected":false},"excerpt":{"rendered":"<p>Termo de conv\u00eanio, aditivos e plano de trabalho Conv\u00eanio: VEJA MAIS Demonstrativo de Fornecedores e Prestadores de Servi\u00e7o Fevereiro 2026: VEJA MAIS<\/p>\n","protected":false},"author":3,"featured_media":0,"parent":0,"menu_order":0,"comment_status":"closed","ping_status":"closed","template":"","meta":{"_acf_changed":false,"_joinchat":[],"footnotes":""},"class_list":["post-9680","page","type-page","status-publish","hentry"],"acf":[],"_links":{"self":[{"href":"https:\/\/www.institutodavisao.org.br\/area-do-paciente\/wp-json\/wp\/v2\/pages\/9680","targetHints":{"allow":["GET"]}}],"collection":[{"href":"https:\/\/www.institutodavisao.org.br\/area-do-paciente\/wp-json\/wp\/v2\/pages"}],"about":[{"href":"https:\/\/www.institutodavisao.org.br\/area-do-paciente\/wp-json\/wp\/v2\/types\/page"}],"author":[{"embeddable":true,"href":"https:\/\/www.institutodavisao.org.br\/area-do-paciente\/wp-json\/wp\/v2\/users\/3"}],"replies":[{"embeddable":true,"href":"https:\/\/www.institutodavisao.org.br\/area-do-paciente\/wp-json\/wp\/v2\/comments?post=9680"}],"version-history":[{"count":2,"href":"https:\/\/www.institutodavisao.org.br\/area-do-paciente\/wp-json\/wp\/v2\/pages\/9680\/revisions"}],"predecessor-version":[{"id":9762,"href":"https:\/\/www.institutodavisao.org.br\/area-do-paciente\/wp-json\/wp\/v2\/pages\/9680\/revisions\/9762"}],"wp:attachment":[{"href":"https:\/\/www.institutodavisao.org.br\/area-do-paciente\/wp-json\/wp\/v2\/media?parent=9680"}],"curies":[{"name":"wp","href":"https:\/\/api.w.org\/{rel}","templated":true}]}}