{"id":9704,"date":"2025-10-21T13:05:49","date_gmt":"2025-10-21T16:05:49","guid":{"rendered":"https:\/\/www.institutodavisao.org.br\/area-do-paciente\/?page_id=9704"},"modified":"2025-10-21T13:05:51","modified_gmt":"2025-10-21T16:05:51","slug":"termo-de-convenio-no-001543-2025","status":"publish","type":"page","link":"https:\/\/www.institutodavisao.org.br\/area-do-paciente\/termo-de-convenio-no-001543-2025\/","title":{"rendered":"Termo de Conv\u00eanio n\u00ba 001543\/2025"},"content":{"rendered":"\n<h2 class=\"wp-block-heading\"><strong>Termo de conv\u00eanio , aditivos e plano de trabalho<\/strong><\/h2>\n\n\n\n<p id=\"block-fd6d51e9-aa6f-40d5-89f0-a41fd2d3ad87\"><strong>Termo de Convenio:<\/strong><\/p>\n\n\n\n<p class=\"botao\" id=\"block-c88a3a88-b3ff-4379-a134-b3cb1709307f\"><a href=\"https:\/\/www.institutodavisao.org.br\/area-do-medico\/wp-content\/uploads\/TERMO-DE-CONVENIO-13.10.2025.pdf\" data-type=\"link\" data-id=\"https:\/\/www.institutodavisao.org.br\/area-do-medico\/wp-content\/uploads\/TERMO-DE-CONVENIO-13.10.2025.pdf\" target=\"_blank\" rel=\"noreferrer noopener\">VEJA MAIS<\/a><\/p>\n\n\n\n<p id=\"block-fd6d51e9-aa6f-40d5-89f0-a41fd2d3ad87\"><strong>Extrato de Convenio:<\/strong><\/p>\n\n\n\n<p class=\"botao\" id=\"block-c88a3a88-b3ff-4379-a134-b3cb1709307f\"><a href=\"https:\/\/www.institutodavisao.org.br\/area-do-medico\/wp-content\/uploads\/EXTRATO-DE-CONVENIO-13.10.2025-A-13.10.2026.pdf\" data-type=\"link\" data-id=\"https:\/\/www.institutodavisao.org.br\/area-do-medico\/wp-content\/uploads\/EXTRATO-DE-CONVENIO-13.10.2025-A-13.10.2026.pdf\" target=\"_blank\" rel=\"noreferrer noopener\">VEJA MAIS<\/a><\/p>\n\n\n\n<p id=\"block-fd6d51e9-aa6f-40d5-89f0-a41fd2d3ad87\"><strong>Termo de Ci\u00eancia e Notifica\u00e7\u00e3o:<\/strong><\/p>\n\n\n\n<p class=\"botao\" id=\"block-c88a3a88-b3ff-4379-a134-b3cb1709307f\"><a href=\"https:\/\/www.institutodavisao.org.br\/area-do-medico\/wp-content\/uploads\/TERMO-DE-CIENCIA-E-NOTIFICACAO-13.10.2025.pdf\" data-type=\"link\" data-id=\"https:\/\/www.institutodavisao.org.br\/area-do-medico\/wp-content\/uploads\/TERMO-DE-CIENCIA-E-NOTIFICACAO-13.10.2025.pdf\" target=\"_blank\" rel=\"noreferrer noopener\">VEJA MAIS<\/a><\/p>\n\n\n\n<p id=\"block-fd6d51e9-aa6f-40d5-89f0-a41fd2d3ad87\"><strong>Plano de Trabalho:<\/strong><\/p>\n\n\n\n<p class=\"botao\" id=\"block-c88a3a88-b3ff-4379-a134-b3cb1709307f\"><a href=\"https:\/\/www.institutodavisao.org.br\/area-do-medico\/wp-content\/uploads\/PLANO-DE-TRABALHO-13.10.2025.pdf\" data-type=\"link\" data-id=\"https:\/\/www.institutodavisao.org.br\/area-do-medico\/wp-content\/uploads\/PLANO-DE-TRABALHO-13.10.2025.pdf\" target=\"_blank\" rel=\"noreferrer noopener\">VEJA MAIS<\/a><\/p>\n\n\n\n<hr class=\"wp-block-separator has-css-opacity\"\/>\n\n\n\n<h2 class=\"wp-block-heading\">Demonstrativo de Fornecedores e Prestadores de Servi\u00e7o<\/h2>\n","protected":false},"excerpt":{"rendered":"<p>Termo de conv\u00eanio , aditivos e plano de trabalho Termo de Convenio: VEJA MAIS Extrato de Convenio: VEJA MAIS Termo de Ci\u00eancia e Notifica\u00e7\u00e3o: VEJA MAIS Plano de Trabalho: VEJA MAIS Demonstrativo de Fornecedores e Prestadores de Servi\u00e7o<\/p>\n","protected":false},"author":3,"featured_media":0,"parent":0,"menu_order":0,"comment_status":"closed","ping_status":"closed","template":"","meta":{"_acf_changed":false,"_joinchat":[],"footnotes":""},"class_list":["post-9704","page","type-page","status-publish","hentry"],"acf":[],"_links":{"self":[{"href":"https:\/\/www.institutodavisao.org.br\/area-do-paciente\/wp-json\/wp\/v2\/pages\/9704","targetHints":{"allow":["GET"]}}],"collection":[{"href":"https:\/\/www.institutodavisao.org.br\/area-do-paciente\/wp-json\/wp\/v2\/pages"}],"about":[{"href":"https:\/\/www.institutodavisao.org.br\/area-do-paciente\/wp-json\/wp\/v2\/types\/page"}],"author":[{"embeddable":true,"href":"https:\/\/www.institutodavisao.org.br\/area-do-paciente\/wp-json\/wp\/v2\/users\/3"}],"replies":[{"embeddable":true,"href":"https:\/\/www.institutodavisao.org.br\/area-do-paciente\/wp-json\/wp\/v2\/comments?post=9704"}],"version-history":[{"count":1,"href":"https:\/\/www.institutodavisao.org.br\/area-do-paciente\/wp-json\/wp\/v2\/pages\/9704\/revisions"}],"predecessor-version":[{"id":9705,"href":"https:\/\/www.institutodavisao.org.br\/area-do-paciente\/wp-json\/wp\/v2\/pages\/9704\/revisions\/9705"}],"wp:attachment":[{"href":"https:\/\/www.institutodavisao.org.br\/area-do-paciente\/wp-json\/wp\/v2\/media?parent=9704"}],"curies":[{"name":"wp","href":"https:\/\/api.w.org\/{rel}","templated":true}]}}